{"id":895,"date":"2021-12-20T11:14:26","date_gmt":"2021-12-20T10:14:26","guid":{"rendered":"https:\/\/www.campinglarenaudiere.com\/?page_id=895"},"modified":"2024-04-04T15:49:08","modified_gmt":"2024-04-04T13:49:08","slug":"ervaring-met-schelpdieren-en-vissen","status":"publish","type":"page","link":"https:\/\/www.mirabel-4vaulx.com\/nl\/les-experiences\/experience-coquillages-et-peche\/","title":{"rendered":"Schelpdieren en visserij"},"content":{"rendered":"<h1 class=\"wp-block-heading\" id=\"a-la-decouverte-de-la-cote-de-jade-a-velo\"><strong>Schelpdieren en visserij<\/strong><\/h1>\n\n\n\n<p class=\"has-text-align-center\">Als je van vissen en zeevruchten houdt, zul je dol zijn op de kustlijn van Saint-Cast, met zijn 55 km aan bouchotlijnen en 33 hectare aan oesterbanken.<\/p>\n\n\n\n<figure class=\"wp-block-image aligncenter size-full\"><img decoding=\"async\" src=\"https:\/\/www.campinglarenaudiere.com\/wp-content\/uploads\/2022\/01\/barre-bleue.png\" alt=\"\" class=\"wp-image-2382\"\/><\/figure>\n\n\n\n<div style=\"height:20px\" aria-hidden=\"true\" class=\"wp-block-spacer\"><\/div>\n\n\n\n<div class=\"wp-block-media-text alignwide has-media-on-the-right is-stacked-on-mobile is-image-fill front-page-section grey\"><div class=\"wp-block-media-text__content\">\n<p class=\"has-medium-font-size\"><strong><strong>Schelpdierenteelt, 2<\/strong><sup><strong>th<\/strong><\/sup><strong> activiteit aan de kust van Saint-Cast<\/strong><\/strong><\/p>\n\n\n\n<figure class=\"wp-block-image size-full\"><img decoding=\"async\" src=\"https:\/\/www.campinglarenaudiere.com\/wp-content\/uploads\/2022\/01\/barre-bleue.png\" alt=\"\" class=\"wp-image-2382\"\/><\/figure>\n\n\n\n<p>Verscholen tussen <strong>Baai van Fresnaye <\/strong>en <strong>Baai van Arguenon<\/strong>, Het schiereiland Saint-Cast-le-Guildo staat bekend om zijn schelpdierenteelt. De camping 4 Vaulx, tegenover het gelijknamige strand, is een favoriete plek voor je vistochten. Het 300 meter lange strand biedt een prachtig uitzicht op Saint-Jacut-de-la-Mer en het Ile des Ebihens.<\/p>\n\n\n\n<p class=\"texte-rond has-orange-color has-text-color has-large-font-size\">Grande Mar\u00e9e<\/p>\n\n\n\n<p><a href=\"https:\/\/www.dinan-capfrehel.com\/\" target=\"_blank\" rel=\"noreferrer noopener\">Dinan Cap Fr\u00e9hel Toeristenbureau<\/a> biedt een rondleiding door de mossel- en oesterbanken. <strong>Bezoek een schelpdierkwekerij<\/strong> om meer te weten te komen over alle stadia in het leven van schelpdieren en sluit de rondleiding af met een bezoek aan de <strong>oester proeverij<\/strong>.<\/p>\n\n\n\n<p>Vertrek vanaf het strand van 4 Vaulx, reken op ongeveer 2u15.<\/p>\n\n\n\n<p>Ontdek de schelpdierenindustrie in Saint-Cast door <a rel=\"noreferrer noopener\" href=\"https:\/\/www.youtube.com\/watch?v=5X4qCxtBc9g\" target=\"_blank\">video<\/a>.<\/p>\n<\/div><figure class=\"wp-block-media-text__media\" style=\"background-image:url(https:\/\/www.mirabel-4vaulx.com\/wp-content\/uploads\/2022\/10\/1-visite-huitres-Saint-Cast-BERTHIER-Emmanuel-1024x667.jpg);background-position:50% 50%\"><a href=\"https:\/\/www.mirabel-4vaulx.com\/wp-content\/uploads\/2022\/10\/1-visite-huitres-Saint-Cast-BERTHIER-Emmanuel.jpg\"><img loading=\"lazy\" decoding=\"async\" width=\"1024\" height=\"667\" src=\"https:\/\/www.mirabel-4vaulx.com\/wp-content\/uploads\/2022\/10\/1-visite-huitres-Saint-Cast-BERTHIER-Emmanuel-1024x667.jpg\" alt=\"oesters\" class=\"wp-image-7348 size-full\" srcset=\"https:\/\/www.mirabel-4vaulx.com\/wp-content\/uploads\/2022\/10\/1-visite-huitres-Saint-Cast-BERTHIER-Emmanuel-1024x667.jpg 1024w, https:\/\/www.mirabel-4vaulx.com\/wp-content\/uploads\/2022\/10\/1-visite-huitres-Saint-Cast-BERTHIER-Emmanuel-300x196.jpg 300w, https:\/\/www.mirabel-4vaulx.com\/wp-content\/uploads\/2022\/10\/1-visite-huitres-Saint-Cast-BERTHIER-Emmanuel-768x500.jpg 768w, https:\/\/www.mirabel-4vaulx.com\/wp-content\/uploads\/2022\/10\/1-visite-huitres-Saint-Cast-BERTHIER-Emmanuel.jpg 1200w\" sizes=\"auto, (max-width: 1024px) 100vw, 1024px\" \/><\/a><\/figure><\/div>\n\n\n\n<div style=\"height:14px\" aria-hidden=\"true\" class=\"wp-block-spacer\"><\/div>\n\n\n\n<div class=\"wp-block-media-text alignwide is-stacked-on-mobile animate left\"><figure class=\"wp-block-media-text__media\"><a href=\"https:\/\/www.mirabel-4vaulx.com\/wp-content\/uploads\/2022\/10\/2-peche-pied-famille-L-oeil-de-Paco-1.jpg\"><img loading=\"lazy\" decoding=\"async\" width=\"1024\" height=\"683\" src=\"https:\/\/www.mirabel-4vaulx.com\/wp-content\/uploads\/2022\/10\/2-peche-pied-famille-L-oeil-de-Paco-1-1024x683.jpg\" alt=\"vissen te voet\" class=\"wp-image-7352 size-full\" srcset=\"https:\/\/www.mirabel-4vaulx.com\/wp-content\/uploads\/2022\/10\/2-peche-pied-famille-L-oeil-de-Paco-1-1024x683.jpg 1024w, https:\/\/www.mirabel-4vaulx.com\/wp-content\/uploads\/2022\/10\/2-peche-pied-famille-L-oeil-de-Paco-1-300x200.jpg 300w, https:\/\/www.mirabel-4vaulx.com\/wp-content\/uploads\/2022\/10\/2-peche-pied-famille-L-oeil-de-Paco-1-768x512.jpg 768w, https:\/\/www.mirabel-4vaulx.com\/wp-content\/uploads\/2022\/10\/2-peche-pied-famille-L-oeil-de-Paco-1.jpg 1200w\" sizes=\"auto, (max-width: 1024px) 100vw, 1024px\" \/><\/a><\/figure><div class=\"wp-block-media-text__content\">\n<p class=\"has-medium-font-size\"><strong><strong>Kennismaking met vissen te voet!<\/strong><\/strong><\/p>\n\n\n\n<figure class=\"wp-block-image size-full\"><img decoding=\"async\" src=\"https:\/\/www.campinglarenaudiere.com\/wp-content\/uploads\/2022\/01\/barre-bleue.png\" alt=\"\" class=\"wp-image-2382\"\/><\/figure>\n\n\n\n<p>In Bretagne, en meer in het bijzonder in Saint-Cast-le-Guildo, komen sportvissers te voet aan hun trekken! <strong>Messen<\/strong>, <strong>mosselen<\/strong>, <strong>rompen<\/strong>... de kust herbergt veel verschillende soorten schelpdieren, die we graag vinden op het strand bij eb. Proef de geneugten van het vissen, een traditioneel Bretoens tijdverdrijf dat een echte traktatie is voor fijnproevers. Deze activiteit aan zee is erg populair bij kinderen, dus aarzel niet om je laarzen aan te trekken en te gaan vissen! <strong>weg met je gezin<\/strong> op zoek naar de schatten die onder het zand van de C\u00f4tes d'Armor begraven liggen. Om het kwetsbare kustmilieu te behouden en ervoor te zorgen dat iedereen nog vele jaren kan vissen, kun je meer te weten komen over de regelgeving en wat je moet doen.<\/p>\n<\/div><\/div>\n\n\n\n<div style=\"height:49px\" aria-hidden=\"true\" class=\"wp-block-spacer\"><\/div>\n\n\n\n<div class=\"wp-block-columns is-layout-flex wp-container-core-columns-is-layout-28f84493 wp-block-columns-is-layout-flex\">\n<div class=\"wp-block-column is-layout-flow wp-block-column-is-layout-flow\" style=\"flex-basis:25%\"><\/div>\n\n\n\n<div class=\"wp-block-column is-layout-flow wp-block-column-is-layout-flow\" style=\"flex-basis:50%\">\n<div class=\"wp-block-group border border-info p-4 card is-layout-constrained wp-block-group-is-layout-constrained\">\n<figure class=\"wp-block-image alignleft size-full is-resized\"><img loading=\"lazy\" decoding=\"async\" width=\"300\" height=\"287\" src=\"https:\/\/www.mirabel-4vaulx.com\/wp-content\/uploads\/2022\/11\/Coquillage-300x287-1.png\" alt=\"\" class=\"wp-image-8299\" style=\"width:44px;height:42px\"\/><\/figure>\n\n\n\n<p><\/p>\n\n\n\n<p class=\"has-text-align-left has-turquoise-color has-text-color has-medium-font-size\"><strong>PRAKTIJK :<\/strong><\/p>\n\n\n\n<div class=\"wp-block-group has-turquoise-color has-text-color is-layout-constrained wp-block-group-is-layout-constrained\">\n<p><strong><mark style=\"background-color:rgba(0, 0, 0, 0)\" class=\"has-inline-color has-orange-color\">\u2022<\/mark> <a href=\"http:\/\/www.horaire-maree.fr\/maree\/SAINT-CAST\/\" target=\"_blank\" rel=\"noreferrer noopener\">Dienstregeling <\/a><a href=\"https:\/\/www.horaire-maree.fr\/maree\/SAINT-CAST\/\" target=\"_blank\" rel=\"noreferrer noopener\">van <\/a><a href=\"http:\/\/www.horaire-maree.fr\/maree\/SAINT-CAST\/\" target=\"_blank\" rel=\"noreferrer noopener\">getijden<\/a><\/strong> <\/p>\n\n\n\n<p><strong><mark style=\"background-color:rgba(0, 0, 0, 0)\" class=\"has-inline-color has-orange-color\">\u2022<\/mark><\/strong> <a href=\"https:\/\/www.dinan-capfrehel.com\/le-bord-de-mer\/peche-a-pied\/\" target=\"_blank\" rel=\"noreferrer noopener\">3 technieken om te voet te vissen!<\/a>  <\/p>\n\n\n\n<p><strong><mark style=\"background-color:rgba(0, 0, 0, 0)\" class=\"has-inline-color has-orange-color\">\u2022<\/mark><\/strong> <a href=\"https:\/\/www.dinan-capfrehel.com\/experiences\/pour-les-curieux\/sortie-peche-a-pied-nord-bretagne\/\">Inleiding tot vissen te voet<\/a>  met een gids worden vaak georganiseerd door het Office du Tourisme van Saint-Cast.<\/p>\n\n\n\n<p><strong>Let op:&nbsp;<\/strong>Rond professionele vloten moet een afstand van 15 meter worden aangehouden: vissen onder deze afstand is niet toegestaan!<\/p>\n<\/div>\n<\/div>\n<\/div>\n\n\n\n<div class=\"wp-block-column is-layout-flow wp-block-column-is-layout-flow\" style=\"flex-basis:25%\"><\/div>\n<\/div>\n\n\n\n<p class=\"has-text-align-center texte-rond has-large-font-size\">Andere experimenten <\/p>\n\n\n\n<div style=\"height:14px\" aria-hidden=\"true\" class=\"wp-block-spacer\"><\/div>\n\n\n\n<div class=\"wp-block-create-block-sevgutenberg-navigation aligncenter front-page-section grey\"><aside class=\"encart-sev-navigation small carre\"><a href=\"https:\/\/www.mirabel-4vaulx.com\/nl\/ervaringen\/fietstoeren\/\" class=\"d-flex flex-column align-items-center\"><div class=\"encart-title\"><span>Fietsen<\/span><\/div><div class=\"vague\"><\/div><img decoding=\"async\" src=\"https:\/\/www.mirabel-4vaulx.com\/wp-content\/uploads\/2022\/11\/velo-balade-experience-bto-aa9873_Dunes-Studio-crop.jpg\" alt=\"fietstocht\"\/><div class=\"ligne\"><\/div><div class=\"hover\"><\/div><\/a><\/aside><\/div>","protected":false},"excerpt":{"rendered":"<p>Coquillages et p\u00eache \u00e0 pied Si vous aimez p\u00eacher et manger des fruits de mer, le littoral de Saint-Cast va [&hellip;]<\/p>\n","protected":false},"author":1,"featured_media":0,"parent":272,"menu_order":0,"comment_status":"closed","ping_status":"closed","template":"","meta":{"_seopress_robots_primary_cat":"","_seopress_titles_title":"Coquillages et p\u00eache \u00e0 pied \u00e0 d\u00e9couvrir","_seopress_titles_desc":"En s\u00e9journant au camping Les 4 Vaulx dans les C\u00f4tes d\u2019Armor, vous appr\u00e9cierez de passer une journ\u00e9e \u00e0 Saint-Cast-le-Guildo les pieds dans le sable","_seopress_robots_index":"","footnotes":""},"class_list":["post-895","page","type-page","status-publish","hentry"],"_links":{"self":[{"href":"https:\/\/www.mirabel-4vaulx.com\/nl\/wp-json\/wp\/v2\/pages\/895","targetHints":{"allow":["GET"]}}],"collection":[{"href":"https:\/\/www.mirabel-4vaulx.com\/nl\/wp-json\/wp\/v2\/pages"}],"about":[{"href":"https:\/\/www.mirabel-4vaulx.com\/nl\/wp-json\/wp\/v2\/types\/page"}],"author":[{"embeddable":true,"href":"https:\/\/www.mirabel-4vaulx.com\/nl\/wp-json\/wp\/v2\/users\/1"}],"replies":[{"embeddable":true,"href":"https:\/\/www.mirabel-4vaulx.com\/nl\/wp-json\/wp\/v2\/comments?post=895"}],"version-history":[{"count":41,"href":"https:\/\/www.mirabel-4vaulx.com\/nl\/wp-json\/wp\/v2\/pages\/895\/revisions"}],"predecessor-version":[{"id":10095,"href":"https:\/\/www.mirabel-4vaulx.com\/nl\/wp-json\/wp\/v2\/pages\/895\/revisions\/10095"}],"up":[{"embeddable":true,"href":"https:\/\/www.mirabel-4vaulx.com\/nl\/wp-json\/wp\/v2\/pages\/272"}],"wp:attachment":[{"href":"https:\/\/www.mirabel-4vaulx.com\/nl\/wp-json\/wp\/v2\/media?parent=895"}],"curies":[{"name":"wp","href":"https:\/\/api.w.org\/{rel}","templated":true}]}}