{"id":889,"date":"2021-12-20T11:10:21","date_gmt":"2021-12-20T10:10:21","guid":{"rendered":"https:\/\/www.campinglarenaudiere.com\/?page_id=889"},"modified":"2025-06-25T11:47:39","modified_gmt":"2025-06-25T09:47:39","slug":"fietstoeren","status":"publish","type":"page","link":"https:\/\/www.mirabel-4vaulx.com\/nl\/les-experiences\/circuits-a-velo\/","title":{"rendered":"Fietsen"},"content":{"rendered":"<figure class=\"wp-block-image alignright size-full is-resized\"><img decoding=\"async\" src=\"https:\/\/www.campinglarenaudiere.com\/wp-content\/uploads\/2021\/12\/Smile.png\" alt=\"praktisch glimlachen\" class=\"wp-image-1947\" style=\"width:160px;height:107px\"\/><\/figure>\n\n\n\n<h1 class=\"wp-block-heading\" id=\"vivez-l-experience-loire-atlantique-en-famille\"><strong>Fietsen door de C\u00f4tes d'Armor<\/strong><\/h1>\n\n\n\n<p class=\"has-text-align-center\">Op vakantie nemen we graag de tijd om de regio die we zorgvuldig hebben uitgekozen te verkennen. Als u hier bent, dan is dat omdat u Bretagne, en meer specifiek de Smaragdkust (of binnenkort!) hebt gekozen voor uw fietsvakantie.<\/p>\n\n\n\n<figure class=\"wp-block-image aligncenter size-full\"><img decoding=\"async\" src=\"https:\/\/www.campinglarenaudiere.com\/wp-content\/uploads\/2022\/01\/barre-bleue.png\" alt=\"Fietsen door de C\u00f4tes d&#039;Armor\" class=\"wp-image-2382\"\/><\/figure>\n\n\n\n<div style=\"height:30px\" aria-hidden=\"true\" class=\"wp-block-spacer\"><\/div>\n\n\n\n<div class=\"wp-block-media-text alignwide is-stacked-on-mobile is-image-fill-element\"><figure class=\"wp-block-media-text__media\"><a href=\"https:\/\/www.mirabel-4vaulx.com\/wp-content\/uploads\/2022\/10\/1-Erquy-a-velo-1.jpg\"><img loading=\"lazy\" decoding=\"async\" width=\"1024\" height=\"683\" src=\"https:\/\/www.mirabel-4vaulx.com\/wp-content\/uploads\/2022\/10\/1-Erquy-a-velo-1-1024x683.jpg\" alt=\"strand \" class=\"wp-image-7363 size-full\" style=\"object-position:50% 50%\" srcset=\"https:\/\/www.mirabel-4vaulx.com\/wp-content\/uploads\/2022\/10\/1-Erquy-a-velo-1-1024x683.jpg 1024w, https:\/\/www.mirabel-4vaulx.com\/wp-content\/uploads\/2022\/10\/1-Erquy-a-velo-1-300x200.jpg 300w, https:\/\/www.mirabel-4vaulx.com\/wp-content\/uploads\/2022\/10\/1-Erquy-a-velo-1-768x512.jpg 768w, https:\/\/www.mirabel-4vaulx.com\/wp-content\/uploads\/2022\/10\/1-Erquy-a-velo-1.jpg 1200w\" sizes=\"auto, (max-width: 1024px) 100vw, 1024px\" \/><\/a><\/figure><div class=\"wp-block-media-text__content\">\n<h2 class=\"wp-block-heading\"><strong>De V\u00e9lomaritime\u00ae tussen Cap Fr\u00e9hel en Cap d'Erquy<\/strong><\/h2>\n\n\n\n<figure class=\"wp-block-image size-full\"><img loading=\"lazy\" decoding=\"async\" width=\"50\" height=\"8\" src=\"https:\/\/www.mirabel-4vaulx.com\/wp-content\/uploads\/2022\/11\/barre-bleue.png\" alt=\"Fietsen door de C\u00f4tes d&#039;Armor\" class=\"wp-image-8324\"\/><\/figure>\n\n\n\n<p>De fietsroute die gekoppeld is aan EuroVelo 4 heeft maar liefst <strong>1500 km fietspaden<\/strong> van het Kanaal naar de Noordzee. Het is het gedeelte in het hart van de Cap Fr\u00e9hel - Cap d'Erquy Grand Site de France dat we je aanraden om te proberen!<\/p>\n\n\n\n<p>Het biedt een grote verscheidenheid aan landschappen met adembenemende panorama's (hopelijk heb je genoeg over om rond te rijden). Trek ongeveer 1 uur uit om de 2 kapen met elkaar te verbinden. Je komt door Sables-d'Or-les-Pins en zijn moerassen, langs de Bretonse kust en ontdekt de roze zandstenen kliffen. Het hoogtepunt van de tocht is <strong>Vuurtoren Cap Fr\u00e9hel<\/strong>, een beschermd historisch monument! Je kunt de site zelfs bezoeken en naar de top klimmen, waar hij uitkijkt over de baai van Saint-Brieuc.<\/p>\n\n\n\n<p>Als je na dit alles nog steeds benen hebt, is er nog een historisch fort dat je te voet of op de fiets kunt bereiken: het <strong>Kasteel Fort-la-Latte<\/strong> tegenover Cap Fr\u00e9hel.<\/p>\n\n\n\n<p>Alles wat je moet weten over deze fietsroute: La <a href=\"https:\/\/www.lavelomaritime.fr\/itineraire\/erquy-matignon\" target=\"_blank\" rel=\"noreferrer noopener\">V\u00e9lomaritime Erquy\/Matignon<\/a><\/p>\n<\/div><\/div>\n\n\n\n<div style=\"height:14px\" aria-hidden=\"true\" class=\"wp-block-spacer\"><\/div>\n\n\n\n<div class=\"wp-block-media-text alignwide has-media-on-the-right is-stacked-on-mobile front-page-section grey\"><div class=\"wp-block-media-text__content\">\n<h2 class=\"wp-block-heading\"><strong>De Scaventure van Saint-Cast naar Saint-Jacut-de-la-Mer<\/strong><\/h2>\n\n\n\n<figure class=\"wp-block-image size-full\"><img loading=\"lazy\" decoding=\"async\" width=\"50\" height=\"8\" src=\"https:\/\/www.mirabel-4vaulx.com\/wp-content\/uploads\/2022\/11\/barre-bleue.png\" alt=\"Fietsen door de C\u00f4tes d&#039;Armor\" class=\"wp-image-8324\"\/><\/figure>\n\n\n\n<p>Vertrek vanuit Saint-Cast, <strong><a href=\"https:\/\/www.cirkwi.com\/fr\/circuit\/370468-scaventure-d-une-pointe-a-l-autre\" target=\"_blank\" rel=\"noreferrer noopener\">Saint-Cast Aventure<\/a><\/strong> heeft een 33 km lange fietslus uitgestippeld voor een fietstocht van ongeveer 4 uur. Fietsend langs de steile kustlijn kom je door <strong>la pointe du baai<\/strong> voor het unieke uitzicht op de rijen bouchots en, op de achtergrond, het Ile des Ebihens. Ga vervolgens naar het strand van 4 Vaulx en neem een pauze op de <strong>picknickplaats met uitzicht op zee<\/strong>. Verlaat dan deze mooie baai om de Arguenon over te steken en in een paar pedaalslagen bereik je de <strong>Middeleeuws kasteel van Le Guildo<\/strong> en zijn 5 hectare vrij toegankelijke terrein. Neem een laatste pauze voordat je vertrekt richting de pointe de Saint-Jacut, waar het landschap afwisselend bestaat uit fijne zandstranden en uitkijkpunten over de baaien die het schiereiland omringen. Terugkeer via <strong>Matignon<\/strong>, Een klein marktstadje tussen de zee en het platteland. Maak een mooie wandeling!<\/p>\n<\/div><figure class=\"wp-block-media-text__media\"><a href=\"https:\/\/www.mirabel-4vaulx.com\/wp-content\/uploads\/2022\/11\/experience-balade-velo-pique-nique-crtb-ad9765_BERTHIER-Emmanuel-_-EV4.jpg\"><img loading=\"lazy\" decoding=\"async\" width=\"1024\" height=\"683\" src=\"https:\/\/www.mirabel-4vaulx.com\/wp-content\/uploads\/2022\/11\/experience-balade-velo-pique-nique-crtb-ad9765_BERTHIER-Emmanuel-_-EV4-1024x683.jpg\" alt=\"Fietsen door de C\u00f4tes d&#039;Armor\" class=\"wp-image-8329 size-full\" srcset=\"https:\/\/www.mirabel-4vaulx.com\/wp-content\/uploads\/2022\/11\/experience-balade-velo-pique-nique-crtb-ad9765_BERTHIER-Emmanuel-_-EV4-1024x683.jpg 1024w, https:\/\/www.mirabel-4vaulx.com\/wp-content\/uploads\/2022\/11\/experience-balade-velo-pique-nique-crtb-ad9765_BERTHIER-Emmanuel-_-EV4-300x200.jpg 300w, https:\/\/www.mirabel-4vaulx.com\/wp-content\/uploads\/2022\/11\/experience-balade-velo-pique-nique-crtb-ad9765_BERTHIER-Emmanuel-_-EV4-768x512.jpg 768w, https:\/\/www.mirabel-4vaulx.com\/wp-content\/uploads\/2022\/11\/experience-balade-velo-pique-nique-crtb-ad9765_BERTHIER-Emmanuel-_-EV4-1536x1024.jpg 1536w, https:\/\/www.mirabel-4vaulx.com\/wp-content\/uploads\/2022\/11\/experience-balade-velo-pique-nique-crtb-ad9765_BERTHIER-Emmanuel-_-EV4.jpg 2048w\" sizes=\"auto, (max-width: 1024px) 100vw, 1024px\" \/><\/a><\/figure><\/div>\n\n\n\n<div style=\"height:10px\" aria-hidden=\"true\" class=\"wp-block-spacer\"><\/div>\n\n\n\n<div class=\"wp-block-columns is-layout-flex wp-container-core-columns-is-layout-28f84493 wp-block-columns-is-layout-flex\">\n<div class=\"wp-block-column border border-info p-4 card h-100 is-layout-flow wp-block-column-is-layout-flow\">\n<h2 class=\"wp-block-heading\"><strong>Checklist voordat je op pad gaat met de fiets:<\/strong><\/h2>\n\n\n\n<p><mark style=\"background-color:rgba(0, 0, 0, 0)\" class=\"has-inline-color has-orange-color\"><strong>\u2022<\/strong> <\/mark> 1 rugzak <br><mark style=\"background-color:rgba(0, 0, 0, 0)\" class=\"has-inline-color has-orange-color\"><strong>\u2022<\/strong><\/mark> 1 fles water en 1 snack<br><mark style=\"background-color:rgba(0, 0, 0, 0)\" class=\"has-inline-color has-orange-color\"><strong>\u2022<\/strong><\/mark> 1 helm<br><strong><mark style=\"background-color:rgba(0, 0, 0, 0)\" class=\"has-inline-color has-orange-color\">\u2022<\/mark><\/strong> 1 paar geschikte schoenen<br><strong><mark style=\"background-color:rgba(0, 0, 0, 0)\" class=\"has-inline-color has-orange-color\">\u2022<\/mark><\/strong> 1 regenjas<br><strong><mark style=\"background-color:rgba(0, 0, 0, 0)\" class=\"has-inline-color has-orange-color\">\u2022<\/mark><\/strong> 1 zonnebrandcr\u00e8me<br><strong><mark style=\"background-color:rgba(0, 0, 0, 0)\" class=\"has-inline-color has-orange-color\">\u2022<\/mark><\/strong> 1 fietspomp<br><strong><mark style=\"background-color:rgba(0, 0, 0, 0)\" class=\"has-inline-color has-orange-color\">\u2022<\/mark><\/strong> 1 fietsreparatieset (binnenband + pleisters) <br><strong><mark style=\"background-color:rgba(0, 0, 0, 0)\" class=\"has-inline-color has-orange-color\">\u2022<\/mark><\/strong> 1 routekaart<br><mark style=\"background-color:rgba(0, 0, 0, 0)\" class=\"has-inline-color has-orange-color\"><strong>\u2022<\/strong> <\/mark>1 mobiele telefoon<\/p>\n<\/div>\n\n\n\n<div class=\"wp-block-column is-layout-flow wp-block-column-is-layout-flow\">\n<div class=\"wp-block-cover alignwide is-light border border-info p-4 card h-100\" style=\"min-height:283px;aspect-ratio:unset;\"><img loading=\"lazy\" decoding=\"async\" width=\"522\" height=\"700\" class=\"wp-block-cover__image-background wp-image-10084\" alt=\"Fietsen door de C\u00f4tes d&#039;Armor\" src=\"https:\/\/www.mirabel-4vaulx.com\/wp-content\/uploads\/2024\/04\/test-Personnalise.png\" data-object-fit=\"cover\" srcset=\"https:\/\/www.mirabel-4vaulx.com\/wp-content\/uploads\/2024\/04\/test-Personnalise.png 522w, https:\/\/www.mirabel-4vaulx.com\/wp-content\/uploads\/2024\/04\/test-Personnalise-224x300.png 224w\" sizes=\"auto, (max-width: 522px) 100vw, 522px\" \/><span aria-hidden=\"true\" class=\"wp-block-cover__background has-turquoise-background-color has-background-dim\"><\/span><div class=\"wp-block-cover__inner-container is-layout-flow wp-block-cover-is-layout-flow\">\n<p class=\"has-text-align-center has-white-color has-text-color has-large-font-size\"><strong>PRAKTIJK :<\/strong><\/p>\n\n\n\n<ul id=\"block-74e78794-c64c-4000-94da-07f371a8454f\" class=\"wp-block-list has-white-color has-text-color\">\n<li>Saint-Cast : Download de kaarten van de wandelroutes:&nbsp;<a rel=\"noreferrer noopener\" href=\"https:\/\/www.campings-vert-bleu.com\/wp-content\/uploads\/2016\/08\/ST-CAST-CARTE-RANDO-VELO2-1.pdf\" target=\"_blank\">fietspaden <\/a>&amp;&nbsp; <a href=\"https:\/\/www.campings-vert-bleu.com\/wp-content\/uploads\/2016\/08\/ST-CAST-CARTE-RANDO2.pdf\">wandelroutes<\/a>&nbsp;<\/li>\n\n\n\n<li><a rel=\"noreferrer noopener\" href=\"https:\/\/www.saintcast-aventure.com\/location-de-velos\/\" target=\"_blank\">Fietsverhuur<\/a>, geleverd op je camping!<\/li>\n<\/ul>\n<\/div><\/div>\n<\/div>\n<\/div>\n\n\n\n<p class=\"has-text-align-center texte-rond has-large-font-size\">Andere experimenten <\/p>\n\n\n\n<div style=\"height:15px\" aria-hidden=\"true\" class=\"wp-block-spacer\"><\/div>\n\n\n\n<div class=\"wp-block-create-block-sevgutenberg-navigation aligncenter front-page-section grey\"><aside class=\"encart-sev-navigation small carre\"><a href=\"https:\/\/www.mirabel-4vaulx.com\/nl\/ervaringen\/ervaring-met-schelpdieren-en-vissen\/\" class=\"d-flex flex-column align-items-center\"><div class=\"encart-title\"><span>Vissen te voet<\/span><\/div><div class=\"vague\"><\/div><img decoding=\"async\" src=\"https:\/\/www.mirabel-4vaulx.com\/wp-content\/uploads\/2022\/10\/2-peche-a-pied-enfant-balade-1.jpg\" alt=\"vissen te voet\"\/><div class=\"ligne\"><\/div><div class=\"hover\"><\/div><\/a><\/aside><\/div>","protected":false},"excerpt":{"rendered":"<p>Sillonnez les C\u00f4tes d\u2019Armor \u00e0 v\u00e9lo En vacances on aime prendre le temps d\u2019explorer la r\u00e9gion que l\u2019on a s\u00e9lectionn\u00e9 [&hellip;]<\/p>\n","protected":false},"author":1,"featured_media":0,"parent":272,"menu_order":0,"comment_status":"closed","ping_status":"closed","template":"","meta":{"_seopress_robots_primary_cat":"","_seopress_titles_title":"Sillonnez les C\u00f4tes d\u2019Armor \u00e0 v\u00e9lo pendant les vacances","_seopress_titles_desc":"Baladez vous aux alentours de votre camping et d\u00e9couvrez les paysages des C\u00f4tes D'Armor","_seopress_robots_index":"","footnotes":""},"class_list":["post-889","page","type-page","status-publish","hentry"],"_links":{"self":[{"href":"https:\/\/www.mirabel-4vaulx.com\/nl\/wp-json\/wp\/v2\/pages\/889","targetHints":{"allow":["GET"]}}],"collection":[{"href":"https:\/\/www.mirabel-4vaulx.com\/nl\/wp-json\/wp\/v2\/pages"}],"about":[{"href":"https:\/\/www.mirabel-4vaulx.com\/nl\/wp-json\/wp\/v2\/types\/page"}],"author":[{"embeddable":true,"href":"https:\/\/www.mirabel-4vaulx.com\/nl\/wp-json\/wp\/v2\/users\/1"}],"replies":[{"embeddable":true,"href":"https:\/\/www.mirabel-4vaulx.com\/nl\/wp-json\/wp\/v2\/comments?post=889"}],"version-history":[{"count":31,"href":"https:\/\/www.mirabel-4vaulx.com\/nl\/wp-json\/wp\/v2\/pages\/889\/revisions"}],"predecessor-version":[{"id":10209,"href":"https:\/\/www.mirabel-4vaulx.com\/nl\/wp-json\/wp\/v2\/pages\/889\/revisions\/10209"}],"up":[{"embeddable":true,"href":"https:\/\/www.mirabel-4vaulx.com\/nl\/wp-json\/wp\/v2\/pages\/272"}],"wp:attachment":[{"href":"https:\/\/www.mirabel-4vaulx.com\/nl\/wp-json\/wp\/v2\/media?parent=889"}],"curies":[{"name":"wp","href":"https:\/\/api.w.org\/{rel}","templated":true}]}}