{"id":75,"date":"2021-12-10T14:27:37","date_gmt":"2021-12-10T13:27:37","guid":{"rendered":"https:\/\/www.campinglarenaudiere.com\/?page_id=75"},"modified":"2025-06-25T11:38:52","modified_gmt":"2025-06-25T09:38:52","slug":"contact-opnemen-met-camping-4vaulx","status":"publish","type":"page","link":"https:\/\/www.mirabel-4vaulx.com\/nl\/contact-camping-4vaulx\/","title":{"rendered":"Neem contact op met"},"content":{"rendered":"<h1 class=\"wp-block-heading\" id=\"contacter-le-camping-la-renaudiere\">Contact opnemen met camping Les 4 Vaulx**<\/h1>\n\n\n\n<div class=\"wp-block-columns is-layout-flex wp-container-core-columns-is-layout-28f84493 wp-block-columns-is-layout-flex\">\n<div class=\"wp-block-column is-vertically-aligned-center pl-md-5 is-layout-flow wp-block-column-is-layout-flow\">\n<h2 class=\"wp-block-heading\" id=\"ouverture-du-camping-du-printemps-a-l-automne\">Opening van de camping <\/h2>\n\n\n\n<figure class=\"wp-block-image size-full\"><img decoding=\"async\" src=\"https:\/\/www.campinglarenaudiere.com\/wp-content\/uploads\/2022\/01\/barre-bleue.png\" alt=\"camping bretagne saint cast le guildo\" class=\"wp-image-2382\"\/><\/figure>\n\n\n\n<p>De camping is geopend van 1 mei tot 15 september.<\/p>\n\n\n\n<p><strong>De receptie is open:<\/strong><\/p>\n\n\n\n<ul class=\"wp-block-list\">\n<li>Laagseizoen: 10u tot 12u - 14u tot 18u <\/li>\n\n\n\n<li>Juli en augustus: 9u tot 12u - 14u tot 19u<\/li>\n<\/ul>\n\n\n\n<p>Onze <a href=\"https:\/\/www.mirabel-4vaulx.com\/nl\/kampeerplaatsen\/\" data-type=\"page\" data-id=\"7394\">locaties<\/a> toegankelijk zijn voor mensen met beperkte mobiliteit.<\/p>\n\n\n\n<p>Laat bij onze afwezigheid een bericht achter op het antwoordapparaat van de camping.<\/p>\n\n\n\n<p><br>Als we gesloten zijn, staat ons receptiepersoneel klaar bij de receptie van de camping.<a rel=\"noreferrer noopener\" href=\"https:\/\/www.mirabel-mielles.com\/\" target=\"_blank\"> Les Mielles <\/a>(Boulevard de la Vieux Ville in St Cast) voor alle informatie.<\/p>\n<\/div>\n\n\n\n<div class=\"wp-block-column is-vertically-aligned-center is-layout-flow wp-block-column-is-layout-flow\">\n<div class=\"wp-block-group border border-info p-4 card is-layout-flow wp-block-group-is-layout-flow\">\n<figure class=\"wp-block-image alignright size-full is-resized\"><img decoding=\"async\" src=\"https:\/\/www.campinglarenaudiere.com\/wp-content\/uploads\/2022\/01\/Etoile2-1.png\" alt=\"camping bretagne saint cast le guildo\" class=\"wp-image-2051\" style=\"width:50px\"\/><\/figure>\n\n\n\n<p><strong>Adres <\/strong>:<br>4 Vaulx strand<\/p>\n\n\n\n<p>22 380 Saint-Cast-le-Guildo<\/p>\n\n\n\n<p><a href=\"http:\/\/+33(0)2 96 41 29 75\">+33(0)2 96 41 29 75<\/a> <br><a href=\"mailto:4vaulx@mirabel-campings.com\">4vaulx@mirabel-campings.com<\/a><\/p>\n<\/div>\n<\/div>\n<\/div>\n\n\n\n<div style=\"height:57px\" aria-hidden=\"true\" class=\"wp-block-spacer\"><\/div>\n\n\n\n<p><strong>Meer informatie nodig?<\/strong><br>Neem direct contact met ons op op de camping of laat een bericht achter via onderstaand formulier.<\/p>\n\n\n\n<div class=\"wp-block-group alignfull has-background is-layout-constrained wp-container-core-group-is-layout-6c0cbf42 wp-block-group-is-layout-constrained\" style=\"background-color:#e7e7e7;padding-top:var(--wp--preset--spacing--70);padding-right:var(--wp--preset--spacing--70);padding-bottom:var(--wp--preset--spacing--70);padding-left:var(--wp--preset--spacing--70)\">\t\t<script>\r\n\t\t\tvar customOptions = {\r\n\t\t\t\tIdentity:{\r\n\t\t\t\t\tCompanyId: '233',\r\n\t\t\t\t\tEstablishmentIds: '5330',\r\n\t\t\t\t\tLanguage: 'fr',\r\n\t\t\t\t\tPolice: 'Open Sans',\r\n\t\t\t\t\tShowHeader: 'false',\r\n\t\t\t\t\tTextColor: '266674',\r\n\t\t\t\t\tBackgroundColor: 'e7e7e7',\r\n\t\t\t\t\tPoliceColor: '266674',\r\n\t\t\t\t\tButtonColor: 'ff665c',\r\n\t\t\t\t\tHoverColor: '266674'\r\n\t\t\t\t}\r\n\t\t\t};\r\n\t\t\t!function(){var e=new window.CTV.Widget(\"CRM\", \"Informations\", customOptions);\r\n\t\t\tdocument.write(e.Write()),window.CTV.WidgetsCollection.push(e), e.Send()}();\r\n\t\t<\/script>\r\n\t\t\n<\/div>","protected":false},"excerpt":{"rendered":"<p>Contacter le camping Les 4 Vaulx** Ouverture du camping Le camping est ouvert du 1er mai au 15 septembre. La [&hellip;]<\/p>\n","protected":false},"author":1,"featured_media":0,"parent":0,"menu_order":0,"comment_status":"closed","ping_status":"closed","template":"","meta":{"_seopress_robots_primary_cat":"","_seopress_titles_title":"Contacter camping Les 4 Vaulx \u00e0 Saint Cast le Guildo en Bretagne","_seopress_titles_desc":"Pour contacter l'\u00e9quipe du camping Les 4 Vaulx \u00e0 Saint Cast le Guildo en Bretagne, vous pouvez utiliser notre formulaire.","_seopress_robots_index":"","footnotes":""},"class_list":["post-75","page","type-page","status-publish","hentry"],"_links":{"self":[{"href":"https:\/\/www.mirabel-4vaulx.com\/nl\/wp-json\/wp\/v2\/pages\/75","targetHints":{"allow":["GET"]}}],"collection":[{"href":"https:\/\/www.mirabel-4vaulx.com\/nl\/wp-json\/wp\/v2\/pages"}],"about":[{"href":"https:\/\/www.mirabel-4vaulx.com\/nl\/wp-json\/wp\/v2\/types\/page"}],"author":[{"embeddable":true,"href":"https:\/\/www.mirabel-4vaulx.com\/nl\/wp-json\/wp\/v2\/users\/1"}],"replies":[{"embeddable":true,"href":"https:\/\/www.mirabel-4vaulx.com\/nl\/wp-json\/wp\/v2\/comments?post=75"}],"version-history":[{"count":13,"href":"https:\/\/www.mirabel-4vaulx.com\/nl\/wp-json\/wp\/v2\/pages\/75\/revisions"}],"predecessor-version":[{"id":10201,"href":"https:\/\/www.mirabel-4vaulx.com\/nl\/wp-json\/wp\/v2\/pages\/75\/revisions\/10201"}],"wp:attachment":[{"href":"https:\/\/www.mirabel-4vaulx.com\/nl\/wp-json\/wp\/v2\/media?parent=75"}],"curies":[{"name":"wp","href":"https:\/\/api.w.org\/{rel}","templated":true}]}}