{"id":5989,"date":"2022-09-23T10:01:00","date_gmt":"2022-09-23T08:01:00","guid":{"rendered":"https:\/\/web9.staging.sevouestcom.com\/?page_id=5989"},"modified":"2026-03-09T14:47:11","modified_gmt":"2026-03-09T13:47:11","slug":"cotes-darmor","status":"publish","type":"page","link":"https:\/\/www.mirabel-4vaulx.com\/nl\/cotes-darmor\/","title":{"rendered":"C\u00f4tes d'Armor"},"content":{"rendered":"<h1 class=\"wp-block-heading\"><strong>Ontdek de C\u00f4tes d'Armor in Bretagne<\/strong><\/h1>\n\n\n\n<p class=\"has-text-align-center\">Kom op slechts 2 uur van Parijs de C\u00f4tes d'Armor verkennen met zijn rijke erfgoed, cultuur en toeristische attracties.<\/p>\n\n\n\n<figure class=\"wp-block-image aligncenter size-full\"><img loading=\"lazy\" decoding=\"async\" width=\"50\" height=\"8\" src=\"https:\/\/www.mirabel-4vaulx.com\/wp-content\/uploads\/2022\/11\/barre-bleue.png\" alt=\"camping bretagne saint cast le guildo\" class=\"wp-image-8324\"\/><\/figure>\n\n\n\n<div style=\"height:30px\" aria-hidden=\"true\" class=\"wp-block-spacer\"><\/div>\n\n\n\n<div class=\"wp-block-media-text alignwide is-stacked-on-mobile animate left\"><figure class=\"wp-block-media-text__media\"><img loading=\"lazy\" decoding=\"async\" width=\"1024\" height=\"683\" src=\"https:\/\/www.mirabel-4vaulx.com\/wp-content\/uploads\/2022\/10\/1-saint-brieuc-reserve-naturelle-1024x683.jpg\" alt=\"camping bretagne saint cast le guildo\" class=\"wp-image-7376 size-full\" srcset=\"https:\/\/www.mirabel-4vaulx.com\/wp-content\/uploads\/2022\/10\/1-saint-brieuc-reserve-naturelle-1024x683.jpg 1024w, https:\/\/www.mirabel-4vaulx.com\/wp-content\/uploads\/2022\/10\/1-saint-brieuc-reserve-naturelle-300x200.jpg 300w, https:\/\/www.mirabel-4vaulx.com\/wp-content\/uploads\/2022\/10\/1-saint-brieuc-reserve-naturelle-768x512.jpg 768w, https:\/\/www.mirabel-4vaulx.com\/wp-content\/uploads\/2022\/10\/1-saint-brieuc-reserve-naturelle.jpg 1200w\" sizes=\"auto, (max-width: 1024px) 100vw, 1024px\" \/><\/figure><div class=\"wp-block-media-text__content\">\n<h2 class=\"wp-block-heading\"><strong>De baai van Saint Brieuc<\/strong><\/h2>\n\n\n\n<figure class=\"wp-block-image size-full\"><img loading=\"lazy\" decoding=\"async\" width=\"50\" height=\"8\" src=\"https:\/\/www.mirabel-4vaulx.com\/wp-content\/uploads\/2022\/11\/barre-bleue.png\" alt=\"camping bretagne saint cast le guildo\" class=\"wp-image-8324\"\/><\/figure>\n\n\n\n<p>Voor de perfecte plek om een weekend of een paar dagen vakantie aan zee door te brengen, kies je de <strong><a href=\"https:\/\/www.baiedesaintbrieuc.com\/\" target=\"_blank\" rel=\"noreferrer noopener\">Baai van Saint-Brieuc<\/a>. <\/strong>Als je op zoek bent naar weidse ruimtes, dan moet je hier zijn. <strong>grootste natuurreservaat<\/strong> van Bretagne. Je kunt ook de <strong>Hoge Getijden<\/strong>, De GR34 wandelroute biedt magische uitzichten (de kliffen van Plouha en de haven van Gwin Z\u00e9gal, bijvoorbeeld), evenals de geweldige stranden van Binic en Pl\u00e9rin. Liefhebbers van lekker eten kunnen hun hart ophalen in de <strong>Jakobsschelpen,<\/strong> van oktober tot april.<\/p>\n<\/div><\/div>\n\n\n\n<div style=\"height:14px\" aria-hidden=\"true\" class=\"wp-block-spacer\"><\/div>\n\n\n\n<div class=\"wp-block-media-text alignwide has-media-on-the-right is-stacked-on-mobile is-image-fill-element front-page-section grey animate right\"><div class=\"wp-block-media-text__content\">\n<p class=\"texte-rond has-orange-color has-text-color has-large-font-size\">Dinan en zijn middeleeuwse stad<\/p>\n\n\n\n<p>Gelegen bij de rivier de Rance, <strong><a href=\"https:\/\/www.dinan-capfrehel.com\/\" target=\"_blank\" rel=\"noreferrer noopener\">Dinan<\/a> <\/strong>is een stad die in elk seizoen bezocht kan worden. Het wordt gewaardeerd om de overvloed van de natuur en het rijke erfgoed. Als je van de straten houdt <strong>typisch Bretons<\/strong>, Je zult genieten van het slenteren door de smalle straatjes, kleurrijke vakwerkhuizen, geplaveide straatjes en wallen van Dinan. <strong>Stad van kunst en geschiedenis<\/strong>, Dinan is ook een <strong>prachtig kasteel<\/strong>, een getuigenis van het einde van de middeleeuwen, de <strong><a href=\"https:\/\/www.fete-remparts-dinan.com\/\" target=\"_blank\" rel=\"noreferrer noopener\">F\u00eate des Remparts<\/a><\/strong> die de stad elke zomer tot leven brengt, of de <strong>Jerzualstraat<\/strong>, bekend om zijn vakwerkhuizen en zijn <strong>kunstenaarsateliers<\/strong> (wevers en leerlooiers in overvloed).<\/p>\n<\/div><figure class=\"wp-block-media-text__media\"><img loading=\"lazy\" decoding=\"async\" width=\"683\" height=\"1024\" src=\"https:\/\/www.mirabel-4vaulx.com\/wp-content\/uploads\/2022\/10\/2-dinan-creperie-pave-2-683x1024.jpg\" alt=\"camping bretagne saint cast le guildo\" class=\"wp-image-7380 size-full\" style=\"object-position:50% 50%\" srcset=\"https:\/\/www.mirabel-4vaulx.com\/wp-content\/uploads\/2022\/10\/2-dinan-creperie-pave-2-683x1024.jpg 683w, https:\/\/www.mirabel-4vaulx.com\/wp-content\/uploads\/2022\/10\/2-dinan-creperie-pave-2-200x300.jpg 200w, https:\/\/www.mirabel-4vaulx.com\/wp-content\/uploads\/2022\/10\/2-dinan-creperie-pave-2-768x1152.jpg 768w, https:\/\/www.mirabel-4vaulx.com\/wp-content\/uploads\/2022\/10\/2-dinan-creperie-pave-2.jpg 800w\" sizes=\"auto, (max-width: 683px) 100vw, 683px\" \/><\/figure><\/div>\n\n\n\n<div style=\"height:14px\" aria-hidden=\"true\" class=\"wp-block-spacer\"><\/div>\n\n\n\n<div class=\"wp-block-media-text alignwide is-stacked-on-mobile animate left\"><figure class=\"wp-block-media-text__media\"><img loading=\"lazy\" decoding=\"async\" width=\"1024\" height=\"683\" src=\"https:\/\/www.mirabel-4vaulx.com\/wp-content\/uploads\/2022\/10\/3-ploumanach-cote-granit-rose-1024x683.jpg\" alt=\"ploumanach\" class=\"wp-image-7385 size-full\" srcset=\"https:\/\/www.mirabel-4vaulx.com\/wp-content\/uploads\/2022\/10\/3-ploumanach-cote-granit-rose-1024x683.jpg 1024w, https:\/\/www.mirabel-4vaulx.com\/wp-content\/uploads\/2022\/10\/3-ploumanach-cote-granit-rose-300x200.jpg 300w, https:\/\/www.mirabel-4vaulx.com\/wp-content\/uploads\/2022\/10\/3-ploumanach-cote-granit-rose-768x512.jpg 768w, https:\/\/www.mirabel-4vaulx.com\/wp-content\/uploads\/2022\/10\/3-ploumanach-cote-granit-rose.jpg 1200w\" sizes=\"auto, (max-width: 1024px) 100vw, 1024px\" \/><\/figure><div class=\"wp-block-media-text__content\">\n<h2 class=\"wp-block-heading\"><strong>Ploumanac'h - De roze granietkust<\/strong><\/h2>\n\n\n\n<figure class=\"wp-block-image size-full\"><img loading=\"lazy\" decoding=\"async\" width=\"50\" height=\"8\" src=\"https:\/\/www.mirabel-4vaulx.com\/wp-content\/uploads\/2022\/11\/barre-bleue.png\" alt=\"camping bretagne saint cast le guildo\" class=\"wp-image-8324\"\/><\/figure>\n\n\n\n<p>Kom voor een unieke omgeving aan het einde van de wereld aan boord van de <strong><a href=\"https:\/\/www.cotesdarmor.com\/sites-incontournables\/ploumanach-et-la-cote-de-granit-rose\/\" target=\"_blank\" rel=\"noreferrer noopener\">Roze granietkust<\/a><\/strong>. Deze granieten rotsen zijn jaren geleden gevormd en trekken elk jaar veel wandelaars en nieuwsgierige toeschouwers. Als je door de <strong>Douanebeambtenpad<\/strong> (GR34) zul je graag verdwalen tussen de vele paden die naar adembenemende uitzichten leiden. <strong>uitzonderlijk panoramisch uitzicht<\/strong>. Je klautert van rotsblok naar rotsblok en elke keer als je een hoek omgaat, zie je een nieuwe rots. <strong>nieuw landschap<\/strong> ligt voor het oprapen!<a href=\"https:\/\/www.tourismebretagne.com\/destinations\/les-10-destinations\/cote-de-granit-rose-baie-de-morlaix\/ploumanach-perros-guirec\/\" target=\"_blank\" rel=\"noreferrer noopener\"> <strong>Ploumanac'h<\/strong>,<\/a> de Phare de <strong><a href=\"https:\/\/www.perros-guirec.com\/\" target=\"_blank\" rel=\"noreferrer noopener\">Perros Guirrec<\/a><\/strong> zijn een must als je naar de C\u00f4tes d'Armor komt, dus mis het niet!<\/p>\n<\/div><\/div>\n\n\n\n<p><\/p>\n\n\n\n<p class=\"has-text-align-center texte-rond mt-5 has-large-font-size\">Ontdek de camping<\/p>\n\n\n\n<div class=\"wp-block-columns are-vertically-aligned-center h-20 front-page-section grey is-layout-flex wp-container-core-columns-is-layout-28f84493 wp-block-columns-is-layout-flex\">\n<div class=\"wp-block-column is-layout-flow wp-block-column-is-layout-flow\"><\/div>\n\n\n\n<div class=\"wp-block-column is-layout-flow wp-block-column-is-layout-flow\">\n<div class=\"wp-block-create-block-sevgutenberg-navigation\"><aside class=\"encart-sev-navigation small carre\"><a href=\"https:\/\/www.mirabel-4vaulx.com\/nl\/kokosnoot-verhuur\/\" class=\"d-flex flex-column align-items-center\"><div class=\"encart-title\"><span>Coco Zoet<\/span><\/div><div class=\"vague\"><\/div><img decoding=\"async\" src=\"https:\/\/www.mirabel-4vaulx.com\/wp-content\/uploads\/2022\/10\/coco-sweet-terrasse-vacances.jpg\" alt=\"cocos zoet\"\/><div class=\"ligne\"><\/div><div class=\"hover\"><\/div><\/a><\/aside><\/div>\n<\/div>\n\n\n\n<div class=\"wp-block-column is-vertically-aligned-center is-layout-flow wp-block-column-is-layout-flow\">\n<div class=\"wp-block-create-block-sevgutenberg-navigation\"><aside class=\"encart-sev-navigation small carre\"><a href=\"https:\/\/www.mirabel-4vaulx.com\/nl\/kampeerplaatsen\/\" class=\"d-flex flex-column align-items-center\"><div class=\"encart-title\"><span>Kampeerplaatsen<\/span><\/div><div class=\"vague\"><\/div><img decoding=\"async\" src=\"https:\/\/www.mirabel-4vaulx.com\/wp-content\/uploads\/2022\/10\/1-emplacement-confort-4vaulx.jpg\" alt=\"\"\/><div class=\"ligne\"><\/div><div class=\"hover\"><\/div><\/a><\/aside><\/div>\n<\/div>\n\n\n\n<div class=\"wp-block-column is-vertically-aligned-center is-layout-flow wp-block-column-is-layout-flow\">\n<div class=\"wp-block-create-block-sevgutenberg-navigation\"><aside class=\"encart-sev-navigation small carre\"><a href=\"https:\/\/www.mirabel-4vaulx.com\/nl\/camping-diensten\/\" class=\"d-flex flex-column align-items-center\"><div class=\"encart-title\"><span>Diensten<\/span><\/div><div class=\"vague\"><\/div><img decoding=\"async\" src=\"https:\/\/www.mirabel-4vaulx.com\/wp-content\/uploads\/2022\/10\/camping-4vaulx-mirabel-st-cast.jpg\" alt=\"receptie camping\"\/><div class=\"ligne\"><\/div><div class=\"hover\"><\/div><\/a><\/aside><\/div>\n<\/div>\n\n\n\n<div class=\"wp-block-column is-layout-flow wp-block-column-is-layout-flow\"><\/div>\n<\/div>","protected":false},"excerpt":{"rendered":"<p>D\u00e9couvrez les C\u00f4tes d\u2019Armor en Bretagne \u00c0 environ 2h de Paris, venez explorer les C\u00f4tes d\u2019Armor et ses richesses patrimoniales, [&hellip;]<\/p>\n","protected":false},"author":1,"featured_media":0,"parent":0,"menu_order":0,"comment_status":"closed","ping_status":"closed","template":"","meta":{"_seopress_robots_primary_cat":"","_seopress_titles_title":"Les c\u00f4tes d'Armor pendant votre s\u00e9jour au camping Les 4 Vaulx","_seopress_titles_desc":"D\u00e9couvrez les C\u00f4tes d'Armor en Bretagne pendant votre s\u00e9jour \u00e0 Saint Cast le Guildo au camping Les 4 Vaulx","_seopress_robots_index":"","footnotes":""},"class_list":["post-5989","page","type-page","status-publish","hentry"],"_links":{"self":[{"href":"https:\/\/www.mirabel-4vaulx.com\/nl\/wp-json\/wp\/v2\/pages\/5989","targetHints":{"allow":["GET"]}}],"collection":[{"href":"https:\/\/www.mirabel-4vaulx.com\/nl\/wp-json\/wp\/v2\/pages"}],"about":[{"href":"https:\/\/www.mirabel-4vaulx.com\/nl\/wp-json\/wp\/v2\/types\/page"}],"author":[{"embeddable":true,"href":"https:\/\/www.mirabel-4vaulx.com\/nl\/wp-json\/wp\/v2\/users\/1"}],"replies":[{"embeddable":true,"href":"https:\/\/www.mirabel-4vaulx.com\/nl\/wp-json\/wp\/v2\/comments?post=5989"}],"version-history":[{"count":26,"href":"https:\/\/www.mirabel-4vaulx.com\/nl\/wp-json\/wp\/v2\/pages\/5989\/revisions"}],"predecessor-version":[{"id":10280,"href":"https:\/\/www.mirabel-4vaulx.com\/nl\/wp-json\/wp\/v2\/pages\/5989\/revisions\/10280"}],"wp:attachment":[{"href":"https:\/\/www.mirabel-4vaulx.com\/nl\/wp-json\/wp\/v2\/media?parent=5989"}],"curies":[{"name":"wp","href":"https:\/\/api.w.org\/{rel}","templated":true}]}}