{"id":40,"date":"2021-12-10T14:14:32","date_gmt":"2021-12-10T13:14:32","guid":{"rendered":"https:\/\/www.campinglarenaudiere.com\/?page_id=40"},"modified":"2026-04-30T15:15:16","modified_gmt":"2026-04-30T13:15:16","slug":"restaurant-bar-snack","status":"publish","type":"page","link":"https:\/\/www.mirabel-4vaulx.com\/nl\/restaurant-bar-snack\/","title":{"rendered":"Restaurant Brasserie - La Cabane"},"content":{"rendered":"<h1 class=\"wp-block-heading\" id=\"restaurant-snack-bar-a-la-plaine-sur-mer\"><strong><strong>Restaurant, brasserie<\/strong><\/strong> naast de camping Saint-Cast-le-Guildo<\/h1>\n\n\n\n<p class=\"has-text-align-center\">Als je op zoek bent naar een warme en vriendelijke plek, dan zul je dol zijn op La Cabane en haar team, dat gerechten bereidt die even verfijnd als heerlijk zijn. Laat je verleiden!<\/p>\n\n\n\n<figure class=\"wp-block-image aligncenter size-full\"><img decoding=\"async\" src=\"https:\/\/www.campinglarenaudiere.com\/wp-content\/uploads\/2022\/01\/barre-bleue.png\" alt=\"camping bretagne\" class=\"wp-image-2382\"\/><\/figure>\n\n\n\n<div style=\"height:30px\" aria-hidden=\"true\" class=\"wp-block-spacer\"><\/div>\n\n\n\n<div class=\"wp-block-media-text alignwide has-media-on-the-right is-stacked-on-mobile is-vertically-aligned-center animate right\"><div class=\"wp-block-media-text__content\">\n<h2 class=\"wp-block-heading\"><strong>Restaurant La Cabane, het perfecte adres voor uw verblijf in Les 4 Vaulx<\/strong><\/h2>\n\n\n\n<figure class=\"wp-block-image size-full is-resized\"><img decoding=\"async\" src=\"https:\/\/www.campinglarenaudiere.com\/wp-content\/uploads\/2022\/01\/barre-bleue.png\" alt=\"camping bretagne saint cast le guildo\" class=\"wp-image-2382\" style=\"width:50px;height:8px\"\/><\/figure>\n\n\n\n<p>Onze 2-sterren camping Les 4 Vaulx heeft het geluk dat hij vlak naast een heel goed restaurant-bar ligt. <strong>voor fijnproevers<\/strong>, open voor iedereen. La Cabane, al enkele seizoenen gerund door Aymeric, verwelkomt je voor lunch of diner op het terras met uitzicht op zee, of voor een snel drankje. Op slechts een paar meter van je vakantiebestemming is het een ideale plek om te eten en te drinken. <a href=\"https:\/\/www.mirabel-4vaulx.com\/nl\/sint-cast-le-guildo\/\" data-type=\"page\" data-id=\"69\">Saint-Cast-le-Guildo<\/a>. Het is ook&nbsp;<strong>in de buurt<\/strong>&nbsp;de camping <a href=\"https:\/\/www.mirabel-clostranquille.com\/\" target=\"_blank\" rel=\"noreferrer noopener\">Le Clos Tranquille<\/a>, op minder dan 1 km afstand. Tussen de middag voor een verfrissende pauze, \u2019s avonds voor een gezellige maaltijd of als tussendoortje op de terugweg van het strand, je hebt alle excuses om even langs te gaan bij Aymeric en zijn team en te genieten van een van hun <strong>gerechten van het moment<\/strong>. Er is ook een afhaalservice beschikbaar voor degenen die buiten de deur willen eten. <a href=\"https:\/\/www.mirabel-4vaulx.com\/nl\/kampeerplaatsen\/\" data-type=\"page\" data-id=\"7394\">locatie<\/a> of aan het water.<\/p>\n<\/div><figure class=\"wp-block-media-text__media\"><img loading=\"lazy\" decoding=\"async\" width=\"700\" height=\"476\" src=\"https:\/\/www.mirabel-4vaulx.com\/wp-content\/uploads\/2024\/04\/snack-bar-cabane-terrasse.jpg\" alt=\"Terras van restaurant La Cabane, naast camping 4 Vaulx in Saint-Cast-le-Guildo\" class=\"wp-image-10128 size-full\" srcset=\"https:\/\/www.mirabel-4vaulx.com\/wp-content\/uploads\/2024\/04\/snack-bar-cabane-terrasse.jpg 700w, https:\/\/www.mirabel-4vaulx.com\/wp-content\/uploads\/2024\/04\/snack-bar-cabane-terrasse-300x204.jpg 300w, https:\/\/www.mirabel-4vaulx.com\/wp-content\/uploads\/2024\/04\/snack-bar-cabane-terrasse-18x12.jpg 18w\" sizes=\"auto, (max-width: 700px) 100vw, 700px\" \/><\/figure><\/div>\n\n\n\n<div style=\"height:14px\" aria-hidden=\"true\" class=\"wp-block-spacer\"><\/div>\n\n\n\n<div class=\"wp-block-media-text alignwide is-stacked-on-mobile front-page-section grey animate left\"><figure class=\"wp-block-media-text__media\"><img loading=\"lazy\" decoding=\"async\" width=\"600\" height=\"400\" src=\"https:\/\/www.mirabel-4vaulx.com\/wp-content\/uploads\/2026\/04\/plat-cabane-restaurant.jpg\" alt=\"plat restaurant brasserie hut 4 vallen\" class=\"wp-image-10298 size-full\" srcset=\"https:\/\/www.mirabel-4vaulx.com\/wp-content\/uploads\/2026\/04\/plat-cabane-restaurant.jpg 600w, https:\/\/www.mirabel-4vaulx.com\/wp-content\/uploads\/2026\/04\/plat-cabane-restaurant-300x200.jpg 300w, https:\/\/www.mirabel-4vaulx.com\/wp-content\/uploads\/2026\/04\/plat-cabane-restaurant-18x12.jpg 18w\" sizes=\"auto, (max-width: 600px) 100vw, 600px\" \/><\/figure><div class=\"wp-block-media-text__content\">\n<h2 class=\"wp-block-heading\" id=\"le-snack-bar-du-camping-sur-place-ou-a-emporter\"><strong>Verse, gastronomische keuken<\/strong><\/h2>\n\n\n\n<figure class=\"wp-block-image size-full\"><img decoding=\"async\" src=\"https:\/\/www.campinglarenaudiere.com\/wp-content\/uploads\/2022\/01\/barre-bleue.png\" alt=\"camping bretagne saint cast le guildo\" class=\"wp-image-2382\"\/><\/figure>\n\n\n\n<p>Met ter plekke bereide gerechten <strong>verse, seizoensgebonden producten<\/strong>, Aymeric biedt een kwalitatief en divers aanbod aan schalie! <strong>Lamsvlees en gemarineerde kip<\/strong>,\u00a0<strong>zeeproducten<\/strong>\u00a0en provenance de la baie, desserts fruit\u00e9s suivant la saison\u2026 vous trouverez \u00e0 coup s\u00fbr un plat qui vous fera plaisir et vous donnera envie de revenir !<\/p>\n\n\n\n<p>Hou jij van zeevruchten en houdt je vriend meer van gebraden camembert? Geen probleem! La Cabane biedt gerechten voor iedereen. Zo kun je tijdens het seizoen zo vaak terugkomen als je wilt, zonder je ooit te vervelen.<\/p>\n\n\n\n<p><\/p>\n\n\n\n<p><\/p>\n\n\n\n<p><\/p>\n<\/div><\/div>\n\n\n\n<div style=\"height:14px\" aria-hidden=\"true\" class=\"wp-block-spacer\"><\/div>\n\n\n\n<div class=\"wp-block-media-text alignwide has-media-on-the-right is-stacked-on-mobile is-image-fill-element animate right\"><div class=\"wp-block-media-text__content\">\n<p class=\"texte-rond has-orange-color has-text-color has-large-font-size\">Vergeet op het hoogtepunt van de zomer niet om uw tafel te reserveren<\/p>\n\n\n\n<p>Aymeric past zijn openingstijden aan het seizoen aan. In de zomer is La Cabane vaak volgeboekt voor lunch en diner. We raden je sterk aan om vooruit te plannen en te reserveren!<\/p>\n\n\n\n<div style=\"height:30px\" aria-hidden=\"true\" class=\"wp-block-spacer\"><\/div>\n\n\n\n<div class=\"wp-block-group border border-info card p-4 is-layout-constrained wp-block-group-is-layout-constrained\">\n<p><strong>PRAKTIJK<\/strong> :<\/p>\n\n\n\n<ul class=\"wp-block-list\">\n<li>Opening eind maart\/begin april (afhankelijk van het weer)<\/li>\n\n\n\n<li>Gesloten in het laatste weekend van september <strong>voor het restaurant<\/strong>, en na de Allerheiligen <strong>voor de bar<\/strong><\/li>\n\n\n\n<li>Openingstijden: 10.00 tot 23.00 uur elke dag behalve maandag (sluit om 16.00 uur)<\/li>\n\n\n\n<li>Dinsdag de hele dag gesloten<\/li>\n<\/ul>\n<\/div>\n\n\n\n<div style=\"height:26px\" aria-hidden=\"true\" class=\"wp-block-spacer\"><\/div>\n\n\n\n<figure class=\"wp-block-image alignright size-full is-resized\"><img loading=\"lazy\" decoding=\"async\" width=\"320\" height=\"326\" src=\"https:\/\/www.mirabel-4vaulx.com\/wp-content\/uploads\/2022\/10\/Etoile2-1.png\" alt=\"camping bretagne saint cast le guildo\" class=\"wp-image-7796\" style=\"width:114px;height:116px\" srcset=\"https:\/\/www.mirabel-4vaulx.com\/wp-content\/uploads\/2022\/10\/Etoile2-1.png 320w, https:\/\/www.mirabel-4vaulx.com\/wp-content\/uploads\/2022\/10\/Etoile2-1-294x300.png 294w\" sizes=\"auto, (max-width: 320px) 100vw, 320px\" \/><\/figure>\n\n\n\n<p>La Cabane - Standplaats 4 Vaulx<br>22 830 Saint-Cast-le-Guildo<br>07 60 42 72 95<br><a href=\"mailto:Aymeric.levavasseur@laposte.net\">Aymeric.levavasseur@laposte.net<\/a><br>Facebook : <a rel=\"noreferrer noopener\" href=\"https:\/\/www.facebook.com\/lacabane4vaulx\/\" target=\"_blank\">La Cabane<\/a> <\/p>\n<\/div><figure class=\"wp-block-media-text__media\"><img loading=\"lazy\" decoding=\"async\" width=\"683\" height=\"1024\" src=\"https:\/\/www.mirabel-4vaulx.com\/wp-content\/uploads\/2022\/10\/3-la-cabane-barman-cocktail-boisson-683x1024.jpg\" alt=\"bar la cabane\" class=\"wp-image-7460 size-full\" style=\"object-position:50% 50%\" srcset=\"https:\/\/www.mirabel-4vaulx.com\/wp-content\/uploads\/2022\/10\/3-la-cabane-barman-cocktail-boisson-683x1024.jpg 683w, https:\/\/www.mirabel-4vaulx.com\/wp-content\/uploads\/2022\/10\/3-la-cabane-barman-cocktail-boisson-200x300.jpg 200w, https:\/\/www.mirabel-4vaulx.com\/wp-content\/uploads\/2022\/10\/3-la-cabane-barman-cocktail-boisson-768x1152.jpg 768w, https:\/\/www.mirabel-4vaulx.com\/wp-content\/uploads\/2022\/10\/3-la-cabane-barman-cocktail-boisson.jpg 800w\" sizes=\"auto, (max-width: 683px) 100vw, 683px\" \/><\/figure><\/div>\n\n\n\n<div style=\"height:100px\" aria-hidden=\"true\" class=\"wp-block-spacer\"><\/div>\n\n\n\n<p class=\"has-text-align-center texte-rond mt-5 has-large-font-size\">Ontdek de camping<\/p>\n\n\n\n<div class=\"wp-block-columns h-20 front-page-section grey is-layout-flex wp-container-core-columns-is-layout-28f84493 wp-block-columns-is-layout-flex\">\n<div class=\"wp-block-column is-layout-flow wp-block-column-is-layout-flow\" style=\"flex-basis:20%\"><\/div>\n\n\n\n<div class=\"wp-block-column is-layout-flow wp-block-column-is-layout-flow\">\n<div class=\"wp-block-create-block-sevgutenberg-navigation\"><aside class=\"encart-sev-navigation small carre\"><a href=\"https:\/\/www.mirabel-4vaulx.com\/nl\/camping-diensten\/\" class=\"d-flex flex-column align-items-center\"><div class=\"encart-title\"><span>Diensten<\/span><\/div><div class=\"vague\"><\/div><img decoding=\"async\" src=\"https:\/\/www.mirabel-4vaulx.com\/wp-content\/uploads\/2022\/10\/camping-4vaulx-mirabel-st-cast.jpg\" alt=\"receptie camping\"\/><div class=\"ligne\"><\/div><div class=\"hover\"><\/div><\/a><\/aside><\/div>\n<\/div>\n\n\n\n<div class=\"wp-block-column is-layout-flow wp-block-column-is-layout-flow\">\n<div class=\"wp-block-create-block-sevgutenberg-navigation\"><aside class=\"encart-sev-navigation small carre\"><a href=\"https:\/\/www.mirabel-4vaulx.com\/nl\/sint-cast-le-guildo\/\" class=\"d-flex flex-column align-items-center\"><div class=\"encart-title\"><span>Saint-Cast-Le-Guildo<\/span><\/div><div class=\"vague\"><\/div><img decoding=\"async\" src=\"https:\/\/www.mirabel-4vaulx.com\/wp-content\/uploads\/2022\/10\/hedaer-page-st-cast-pen-ge-2.jpg\" alt=\"saint cast le guildo strand\"\/><div class=\"ligne\"><\/div><div class=\"hover\"><\/div><\/a><\/aside><\/div>\n<\/div>\n\n\n\n<div class=\"wp-block-column is-layout-flow wp-block-column-is-layout-flow\">\n<div class=\"wp-block-create-block-sevgutenberg-navigation\"><aside class=\"encart-sev-navigation small carre\"><a href=\"https:\/\/www.mirabel-4vaulx.com\/nl\/tiet-huis\/\" class=\"d-flex flex-column align-items-center\"><div class=\"encart-title\"><span>Tit'homes<\/span><\/div><div class=\"vague\"><\/div><img decoding=\"async\" src=\"https:\/\/www.mirabel-4vaulx.com\/wp-content\/uploads\/2022\/10\/header-tit-home.jpg\" alt=\"vakantiehuis les 4 vaulx\"\/><div class=\"ligne\"><\/div><div class=\"hover\"><\/div><\/a><\/aside><\/div>\n<\/div>\n\n\n\n<div class=\"wp-block-column is-layout-flow wp-block-column-is-layout-flow\" style=\"flex-basis:20%\"><\/div>\n<\/div>\n\n\n\n<figure class=\"wp-block-image aligncenter size-large is-resized mt-5\"><img decoding=\"async\" src=\"https:\/\/www.campinglarenaudiere.com\/wp-content\/uploads\/2022\/01\/photo-1024x84.png\" alt=\"fotogalerij\" class=\"wp-image-2371\" style=\"width:768px;height:63px\"\/><\/figure>\n\n\n\t\t\t<div id=\"sevgallery-1227433485\" class=\"sev-diaporama sev-diaporama-portfolio\">\r\n\t\t\t\t<div class=\"row\">\r\n\r\n\t\t\t\t\t\r\n\t\t\t\t\t\t\r\n\t\t\t\t\t\t<div class=\"sev-diaporama-portfolio-item   btnseeall btnseeall-xl col-12 col-md\">\r\n\t\t\t\t\t\t\t<a href=\"https:\/\/www.mirabel-4vaulx.com\/wp-content\/uploads\/2022\/10\/1-4vaulx_la-cabane-me-nu-1-1024x768.jpg\" data-lightbox=\"sevgallery-1227433485\" style=\"background-image: url(https:\/\/www.mirabel-4vaulx.com\/wp-content\/uploads\/2022\/10\/1-4vaulx_la-cabane-me-nu-1-1024x768.jpg)\">\r\n\t\t\t\t\t\t\t\t<img decoding=\"async\" src=\"https:\/\/www.mirabel-4vaulx.com\/wp-content\/uploads\/2022\/10\/1-4vaulx_la-cabane-me-nu-1-1024x768.jpg\" alt=\"restaurant la cabane\" loading=\"lazy\">\r\n\t\t\t\t\t\t\t\t\t\t\t\t\t\t\t<\/a>\r\n\t\t\t\t\t\t<\/div>\r\n\r\n\t\t\t\t\t\t\r\n\t\t\t\t\t\t\t\t\t\t\t\t\t\t\t\t\t\r\n\t\t\t\t\t\t\r\n\t\t\t\t\t\t<div class=\"sev-diaporama-portfolio-item   btnseeall btnseeall-xl col-12 col-md\">\r\n\t\t\t\t\t\t\t<a href=\"https:\/\/www.mirabel-4vaulx.com\/wp-content\/uploads\/2022\/10\/2-dessert-fraisiers-glace-1-1024x768.jpg\" data-lightbox=\"sevgallery-1227433485\" style=\"background-image: url(https:\/\/www.mirabel-4vaulx.com\/wp-content\/uploads\/2022\/10\/2-dessert-fraisiers-glace-1-1024x768.jpg)\">\r\n\t\t\t\t\t\t\t\t<img decoding=\"async\" src=\"https:\/\/www.mirabel-4vaulx.com\/wp-content\/uploads\/2022\/10\/2-dessert-fraisiers-glace-1-1024x768.jpg\" alt=\"dessert\" loading=\"lazy\">\r\n\t\t\t\t\t\t\t\t\t\t\t\t\t\t\t<\/a>\r\n\t\t\t\t\t\t<\/div>\r\n\r\n\t\t\t\t\t\t\r\n\t\t\t\t\t\t\t\t\t\t\t\t\t\t\t\t\t\r\n\t\t\t\t\t\t\r\n\t\t\t\t\t\t<div class=\"sev-diaporama-portfolio-item   btnseeall btnseeall-xl col-12 col-md  col-grow\">\r\n\t\t\t\t\t\t\t<a href=\"https:\/\/www.mirabel-4vaulx.com\/wp-content\/uploads\/2022\/10\/3-la-cabane-barman-cocktail-boisson-1-683x1024.jpg\" data-lightbox=\"sevgallery-1227433485\" style=\"background-image: url(https:\/\/www.mirabel-4vaulx.com\/wp-content\/uploads\/2022\/10\/3-la-cabane-barman-cocktail-boisson-1-683x1024.jpg)\">\r\n\t\t\t\t\t\t\t\t<img decoding=\"async\" src=\"https:\/\/www.mirabel-4vaulx.com\/wp-content\/uploads\/2022\/10\/3-la-cabane-barman-cocktail-boisson-1-683x1024.jpg\" alt=\"cocktail la cabane\" loading=\"lazy\">\r\n\t\t\t\t\t\t\t\t\t\t\t\t\t\t\t<\/a>\r\n\t\t\t\t\t\t<\/div>\r\n\r\n\t\t\t\t\t\t\r\n\t\t\t\t\t\t\t\t\t\t\t\t\t\t\t\t\t\r\n\t\t\t\t\t\t\r\n\t\t\t\t\t\t<div class=\"sev-diaporama-portfolio-item   btnseeall btnseeall-xl col-12 col-md  col-shrink\">\r\n\t\t\t\t\t\t\t<a href=\"https:\/\/www.mirabel-4vaulx.com\/wp-content\/uploads\/2022\/10\/cabane-restaurant-menu-ardoise-1024x683.jpg\" data-lightbox=\"sevgallery-1227433485\" style=\"background-image: url(https:\/\/www.mirabel-4vaulx.com\/wp-content\/uploads\/2022\/10\/cabane-restaurant-menu-ardoise-1024x683.jpg)\">\r\n\t\t\t\t\t\t\t\t<img decoding=\"async\" src=\"https:\/\/www.mirabel-4vaulx.com\/wp-content\/uploads\/2022\/10\/cabane-restaurant-menu-ardoise-1024x683.jpg\" alt=\"menu la cabane\" loading=\"lazy\">\r\n\t\t\t\t\t\t\t\t\t\t\t\t\t\t\t<\/a>\r\n\t\t\t\t\t\t<\/div>\r\n\r\n\t\t\t\t\t\t\t\t\t\t\t\t\t<div class=\"w-100\"><\/div>\r\n\t\t\t\t\t\t\t\t\t\t\t\t\t\r\n\t\t\t\t\t\t\t\t\t\t\t\t\t\t\t\t\t\r\n\t\t\t\t\t\t\r\n\t\t\t\t\t\t<div class=\"sev-diaporama-portfolio-item   btnseeall btnseeall-xl col-12 col-md  col-grow\">\r\n\t\t\t\t\t\t\t<a href=\"https:\/\/www.mirabel-4vaulx.com\/wp-content\/uploads\/2022\/10\/cabane-viande-barbecue-1024x683.jpg\" data-lightbox=\"sevgallery-1227433485\" style=\"background-image: url(https:\/\/www.mirabel-4vaulx.com\/wp-content\/uploads\/2022\/10\/cabane-viande-barbecue-1024x683.jpg)\">\r\n\t\t\t\t\t\t\t\t<img decoding=\"async\" src=\"https:\/\/www.mirabel-4vaulx.com\/wp-content\/uploads\/2022\/10\/cabane-viande-barbecue-1024x683.jpg\" alt=\"barbecuen\" loading=\"lazy\">\r\n\t\t\t\t\t\t\t\t\t\t\t\t\t\t\t<\/a>\r\n\t\t\t\t\t\t<\/div>\r\n\r\n\t\t\t\t\t\t\r\n\t\t\t\t\t\t\t\t\t\t\t\t\t\t\t\t\t\r\n\t\t\t\t\t\t\r\n\t\t\t\t\t\t<div class=\"sev-diaporama-portfolio-item   btnseeall btnseeall-xl col-12 col-md  col-shrink\">\r\n\t\t\t\t\t\t\t<a href=\"https:\/\/www.mirabel-4vaulx.com\/wp-content\/uploads\/2022\/10\/cafe-gourmand-dessert-768x1024.jpg\" data-lightbox=\"sevgallery-1227433485\" style=\"background-image: url(https:\/\/www.mirabel-4vaulx.com\/wp-content\/uploads\/2022\/10\/cafe-gourmand-dessert-768x1024.jpg)\">\r\n\t\t\t\t\t\t\t\t<img decoding=\"async\" src=\"https:\/\/www.mirabel-4vaulx.com\/wp-content\/uploads\/2022\/10\/cafe-gourmand-dessert-768x1024.jpg\" alt=\"gastronomisch dessert\" loading=\"lazy\">\r\n\t\t\t\t\t\t\t\t\t\t\t\t\t\t\t<\/a>\r\n\t\t\t\t\t\t<\/div>\r\n\r\n\t\t\t\t\t\t\r\n\t\t\t\t\t\t\t\t\t\t\t\t\t\t\t\t\t\r\n\t\t\t\t\t\t\r\n\t\t\t\t\t\t<div class=\"sev-diaporama-portfolio-item   btnseeall btnseeall-xl col-12 col-md\">\r\n\t\t\t\t\t\t\t<a href=\"https:\/\/www.mirabel-4vaulx.com\/wp-content\/uploads\/2022\/10\/la-cabane-bar-cocktail-1024x683.jpg\" data-lightbox=\"sevgallery-1227433485\" style=\"background-image: url(https:\/\/www.mirabel-4vaulx.com\/wp-content\/uploads\/2022\/10\/la-cabane-bar-cocktail-1024x683.jpg)\">\r\n\t\t\t\t\t\t\t\t<img decoding=\"async\" src=\"https:\/\/www.mirabel-4vaulx.com\/wp-content\/uploads\/2022\/10\/la-cabane-bar-cocktail-1024x683.jpg\" alt=\"cocktailbar\" loading=\"lazy\">\r\n\t\t\t\t\t\t\t\t\t\t\t\t\t\t\t<\/a>\r\n\t\t\t\t\t\t<\/div>\r\n\r\n\t\t\t\t\t\t\r\n\t\t\t\t\t\t\t\t\t\t\t\t\t\t\t\t\t\r\n\t\t\t\t\t\t\r\n\t\t\t\t\t\t<div class=\"sev-diaporama-portfolio-item   btnseeall btnseeall-xl col-12 col-md  last-visible\">\r\n\t\t\t\t\t\t\t<a href=\"https:\/\/www.mirabel-4vaulx.com\/nl\/photos-camping-4vaulx\/\"  style=\"background-image: url(https:\/\/www.mirabel-4vaulx.com\/wp-content\/uploads\/2022\/10\/la-cabane-brochette-poisson-1024x768.jpg)\">\r\n\t\t\t\t\t\t\t\t<img decoding=\"async\" src=\"https:\/\/www.mirabel-4vaulx.com\/wp-content\/uploads\/2022\/10\/la-cabane-brochette-poisson-1024x768.jpg\" alt=\"barbecuespies\" loading=\"lazy\">\r\n\t\t\t\t\t\t\t\t\t\t\t\t\t\t\t\t\t<img decoding=\"async\" src=\"https:\/\/www.mirabel-4vaulx.com\/wp-content\/themes\/4vaulx\/assets\/img\/voir-photos.png\" alt=\"\" \/>\r\n\t\t\t\t\t\t\t\t\t<span>Bekijk alle foto's<\/span>\r\n\t\t\t\t\t\t\t\t\t\t\t\t\t\t\t<\/a>\r\n\t\t\t\t\t\t<\/div>\r\n\r\n\t\t\t\t\t\t\t\t\t\t\t\t\t<div class=\"w-100\"><\/div>\r\n\t\t\t\t\t\t\t\t\t\t\t\t\t\r\n\t\t\t\t\t\t\t\t\t\t\t\t\t\t\t\t\t\r\n\t\t\t\t\t\t\r\n\t\t\t\t\t\t<div class=\"sev-diaporama-portfolio-item   btnseeall btnseeall-xl col-12 col-md  col-grow d-none\">\r\n\t\t\t\t\t\t\t<a href=\"https:\/\/www.mirabel-4vaulx.com\/wp-content\/uploads\/2022\/10\/la-cabane-cafe-chocolat-1024x768.jpg\" data-lightbox=\"sevgallery-1227433485\" style=\"background-image: url(https:\/\/www.mirabel-4vaulx.com\/wp-content\/uploads\/2022\/10\/la-cabane-cafe-chocolat-1024x768.jpg)\">\r\n\t\t\t\t\t\t\t\t<img decoding=\"async\" src=\"https:\/\/www.mirabel-4vaulx.com\/wp-content\/uploads\/2022\/10\/la-cabane-cafe-chocolat-1024x768.jpg\" alt=\"caf\u00e9 la cabane\" loading=\"lazy\">\r\n\t\t\t\t\t\t\t\t\t\t\t\t\t\t\t<\/a>\r\n\t\t\t\t\t\t<\/div>\r\n\r\n\t\t\t\t\t\t\r\n\t\t\t\t\t\t\t\t\t\t\t\t\t\t\t\t\t\r\n\t\t\t\t\t\t\r\n\t\t\t\t\t\t<div class=\"sev-diaporama-portfolio-item   btnseeall btnseeall-xl col-12 col-md  col-shrink d-none\">\r\n\t\t\t\t\t\t\t<a href=\"https:\/\/www.mirabel-4vaulx.com\/wp-content\/uploads\/2022\/10\/la-cabane-dessert-du-jour-chocolat-1024x683.jpg\" data-lightbox=\"sevgallery-1227433485\" style=\"background-image: url(https:\/\/www.mirabel-4vaulx.com\/wp-content\/uploads\/2022\/10\/la-cabane-dessert-du-jour-chocolat-1024x683.jpg)\">\r\n\t\t\t\t\t\t\t\t<img decoding=\"async\" src=\"https:\/\/www.mirabel-4vaulx.com\/wp-content\/uploads\/2022\/10\/la-cabane-dessert-du-jour-chocolat-1024x683.jpg\" alt=\"la cabane ijs\" loading=\"lazy\">\r\n\t\t\t\t\t\t\t\t\t\t\t\t\t\t\t<\/a>\r\n\t\t\t\t\t\t<\/div>\r\n\r\n\t\t\t\t\t\t\r\n\t\t\t\t\t\t\t\t\t\t\t\t\t\t\t\t\t\r\n\t\t\t\t\t\t\r\n\t\t\t\t\t\t<div class=\"sev-diaporama-portfolio-item   btnseeall btnseeall-xl col-12 col-md  col-grow d-none\">\r\n\t\t\t\t\t\t\t<a href=\"https:\/\/www.mirabel-4vaulx.com\/wp-content\/uploads\/2022\/10\/la-cabane-restaurant-bar-1024x683.jpg\" data-lightbox=\"sevgallery-1227433485\" style=\"background-image: url(https:\/\/www.mirabel-4vaulx.com\/wp-content\/uploads\/2022\/10\/la-cabane-restaurant-bar-1024x683.jpg)\">\r\n\t\t\t\t\t\t\t\t<img decoding=\"async\" src=\"https:\/\/www.mirabel-4vaulx.com\/wp-content\/uploads\/2022\/10\/la-cabane-restaurant-bar-1024x683.jpg\" alt=\"service la cabane\" loading=\"lazy\">\r\n\t\t\t\t\t\t\t\t\t\t\t\t\t\t\t<\/a>\r\n\t\t\t\t\t\t<\/div>\r\n\r\n\t\t\t\t\t\t\r\n\t\t\t\t\t\t\t\t\t\t\t\t\t\t\t\t\t\r\n\t\t\t\t\t\t\r\n\t\t\t\t\t\t<div class=\"sev-diaporama-portfolio-item   btnseeall btnseeall-xl col-12 col-md  col-shrink d-none\">\r\n\t\t\t\t\t\t\t<a href=\"https:\/\/www.mirabel-4vaulx.com\/wp-content\/uploads\/2022\/10\/la-cabane-restaurant-plat-683x1024.jpg\" data-lightbox=\"sevgallery-1227433485\" style=\"background-image: url(https:\/\/www.mirabel-4vaulx.com\/wp-content\/uploads\/2022\/10\/la-cabane-restaurant-plat-683x1024.jpg)\">\r\n\t\t\t\t\t\t\t\t<img decoding=\"async\" src=\"https:\/\/www.mirabel-4vaulx.com\/wp-content\/uploads\/2022\/10\/la-cabane-restaurant-plat-683x1024.jpg\" alt=\"restaurant la cabane\" loading=\"lazy\">\r\n\t\t\t\t\t\t\t\t\t\t\t\t\t\t\t<\/a>\r\n\t\t\t\t\t\t<\/div>\r\n\r\n\t\t\t\t\t\t\t\t\t\t\t\t\t<div class=\"w-100 d-none\"><\/div>\r\n\t\t\t\t\t\t\t\t\t\t\t\t\t\r\n\t\t\t\t\t\t\t\t\t\t\t\t\t\t\t\t\t\r\n\t\t\t\t\t\t\r\n\t\t\t\t\t\t<div class=\"sev-diaporama-portfolio-item   btnseeall btnseeall-xl col-12 col-md  col-grow d-none\">\r\n\t\t\t\t\t\t\t<a href=\"https:\/\/www.mirabel-4vaulx.com\/wp-content\/uploads\/2022\/10\/la-cabane-viande-plat-frites-1024x683.jpg\" data-lightbox=\"sevgallery-1227433485\" style=\"background-image: url(https:\/\/www.mirabel-4vaulx.com\/wp-content\/uploads\/2022\/10\/la-cabane-viande-plat-frites-1024x683.jpg)\">\r\n\t\t\t\t\t\t\t\t<img decoding=\"async\" src=\"https:\/\/www.mirabel-4vaulx.com\/wp-content\/uploads\/2022\/10\/la-cabane-viande-plat-frites-1024x683.jpg\" alt=\"appartement la cabane\" loading=\"lazy\">\r\n\t\t\t\t\t\t\t\t\t\t\t\t\t\t\t<\/a>\r\n\t\t\t\t\t\t<\/div>\r\n\r\n\t\t\t\t\t\t\r\n\t\t\t\t\t\t\t\t\t\t\t\t\t\t\t\t\t\r\n\t\t\t\t\t\t\r\n\t\t\t\t\t\t<div class=\"sev-diaporama-portfolio-item   btnseeall btnseeall-xl col-12 col-md  d-none\">\r\n\t\t\t\t\t\t\t<a href=\"https:\/\/www.mirabel-4vaulx.com\/wp-content\/uploads\/2022\/10\/restaurant-camembert-roti-plat-1024x768.jpg\" data-lightbox=\"sevgallery-1227433485\" style=\"background-image: url(https:\/\/www.mirabel-4vaulx.com\/wp-content\/uploads\/2022\/10\/restaurant-camembert-roti-plat-1024x768.jpg)\">\r\n\t\t\t\t\t\t\t\t<img decoding=\"async\" src=\"https:\/\/www.mirabel-4vaulx.com\/wp-content\/uploads\/2022\/10\/restaurant-camembert-roti-plat-1024x768.jpg\" alt=\"appartement la cabane\" loading=\"lazy\">\r\n\t\t\t\t\t\t\t\t\t\t\t\t\t\t\t<\/a>\r\n\t\t\t\t\t\t<\/div>\r\n\r\n\t\t\t\t\t\t\r\n\t\t\t\t\t\t\t\t\t\t\t\t\t\t\t\t\t\r\n\t\t\t\t\t\t\r\n\t\t\t\t\t\t<div class=\"sev-diaporama-portfolio-item  limitsm btnseeall btnseeall-xl col-12 col-md  col-shrink d-none\">\r\n\t\t\t\t\t\t\t<a href=\"https:\/\/www.mirabel-4vaulx.com\/wp-content\/uploads\/2022\/10\/restaurant-dessert-mousse-chocolat-765x1024.jpg\" data-lightbox=\"sevgallery-1227433485\" style=\"background-image: url(https:\/\/www.mirabel-4vaulx.com\/wp-content\/uploads\/2022\/10\/restaurant-dessert-mousse-chocolat-765x1024.jpg)\">\r\n\t\t\t\t\t\t\t\t<img decoding=\"async\" src=\"https:\/\/www.mirabel-4vaulx.com\/wp-content\/uploads\/2022\/10\/restaurant-dessert-mousse-chocolat-765x1024.jpg\" alt=\"bedient de hut\" loading=\"lazy\">\r\n\t\t\t\t\t\t\t\t\t\t\t\t\t\t\t<\/a>\r\n\t\t\t\t\t\t<\/div>\r\n\r\n\t\t\t\t\t\t\r\n\t\t\t\t\t\t\t\t\t\t\t\t\t\t\t\t\t\t\t\t\t<\/div>\r\n\t\t\t<\/div>\r\n\r\n\t\t\t<script>\r\n\t\t\tjQuery(function($) {\r\n\r\n\t\t\t\tvar marginPortfolio = function() {\r\n\r\n\t\t\t\t\tvar $diapo          = $('#sevgallery-1227433485');\r\n\t\t\t\t\tvar container_width = $diapo.parent().outerWidth();\r\n\t\t\t\t\tvar side            = ( $(window).innerWidth() - container_width ) \/ 2;\r\n\r\n\t\t\t\t\t$diapo.css( {\r\n\t\t\t\t\t\t'margin-left': '-' + side + 'px',\r\n\t\t\t\t\t\t'margin-right': '-' + side + 'px',\r\n\t\t\t\t\t} );\r\n\t\t\t\t};\r\n\r\n\t\t\t\t$( window ).resize( function() {\r\n\t\t\t\t\tmarginPortfolio();\r\n\t\t\t\t} );\r\n\t\t\t\tmarginPortfolio();\r\n\t\t\t});\r\n\t\t\t<\/script>","protected":false},"excerpt":{"rendered":"<p>Restaurant, brasserie \u00e0 c\u00f4t\u00e9 du Camping de Saint-Cast-le-Guildo Si vous cherchez un endroit chaleureux et convivial, vous serez s\u00e9duit par [&hellip;]<\/p>\n","protected":false},"author":1,"featured_media":0,"parent":0,"menu_order":0,"comment_status":"closed","ping_status":"closed","template":"","meta":{"_seopress_robots_primary_cat":"","_seopress_titles_title":"Camping Restaurant brasserie St-Cast-le-Guildo - La Cabane","_seopress_titles_desc":"Ouvert d'avril \u00e0 septembre, le snack-bar vous propose des plats locaux et des produits frais au bord de la Plage des 4 Vaulx.","_seopress_robots_index":"","footnotes":""},"class_list":["post-40","page","type-page","status-publish","hentry"],"_links":{"self":[{"href":"https:\/\/www.mirabel-4vaulx.com\/nl\/wp-json\/wp\/v2\/pages\/40","targetHints":{"allow":["GET"]}}],"collection":[{"href":"https:\/\/www.mirabel-4vaulx.com\/nl\/wp-json\/wp\/v2\/pages"}],"about":[{"href":"https:\/\/www.mirabel-4vaulx.com\/nl\/wp-json\/wp\/v2\/types\/page"}],"author":[{"embeddable":true,"href":"https:\/\/www.mirabel-4vaulx.com\/nl\/wp-json\/wp\/v2\/users\/1"}],"replies":[{"embeddable":true,"href":"https:\/\/www.mirabel-4vaulx.com\/nl\/wp-json\/wp\/v2\/comments?post=40"}],"version-history":[{"count":34,"href":"https:\/\/www.mirabel-4vaulx.com\/nl\/wp-json\/wp\/v2\/pages\/40\/revisions"}],"predecessor-version":[{"id":10301,"href":"https:\/\/www.mirabel-4vaulx.com\/nl\/wp-json\/wp\/v2\/pages\/40\/revisions\/10301"}],"wp:attachment":[{"href":"https:\/\/www.mirabel-4vaulx.com\/nl\/wp-json\/wp\/v2\/media?parent=40"}],"curies":[{"name":"wp","href":"https:\/\/api.w.org\/{rel}","templated":true}]}}