{"id":272,"date":"2021-12-14T14:59:02","date_gmt":"2021-12-14T13:59:02","guid":{"rendered":"https:\/\/www.campinglarenaudiere.com\/?page_id=272"},"modified":"2022-11-15T10:28:30","modified_gmt":"2022-11-15T09:28:30","slug":"ervaringen","status":"publish","type":"page","link":"https:\/\/www.mirabel-4vaulx.com\/nl\/les-experiences\/","title":{"rendered":"Ervaringen"},"content":{"rendered":"<h1 class=\"wp-block-heading\" id=\"les-experiences\">Ervaringen<\/h1>\n\n\n\n<div class=\"wp-block-columns is-layout-flex wp-container-core-columns-is-layout-28f84493 wp-block-columns-is-layout-flex\">\n<div class=\"wp-block-column card is-layout-flow wp-block-column-is-layout-flow\">\n<figure class=\"wp-block-image size-large card-img-top\"><a href=\"https:\/\/www.mirabel-4vaulx.com\/nl\/ervaringen\/ervaring-met-schelpdieren-en-vissen\/\"><img loading=\"lazy\" decoding=\"async\" width=\"1024\" height=\"683\" src=\"https:\/\/www.mirabel-4vaulx.com\/wp-content\/uploads\/2022\/10\/2-peche-pied-famille-L-oeil-de-Paco-1024x683.jpg\" alt=\"schelpdieren en visserij\" class=\"wp-image-7339\" srcset=\"https:\/\/www.mirabel-4vaulx.com\/wp-content\/uploads\/2022\/10\/2-peche-pied-famille-L-oeil-de-Paco-1024x683.jpg 1024w, https:\/\/www.mirabel-4vaulx.com\/wp-content\/uploads\/2022\/10\/2-peche-pied-famille-L-oeil-de-Paco-300x200.jpg 300w, https:\/\/www.mirabel-4vaulx.com\/wp-content\/uploads\/2022\/10\/2-peche-pied-famille-L-oeil-de-Paco-768x512.jpg 768w, https:\/\/www.mirabel-4vaulx.com\/wp-content\/uploads\/2022\/10\/2-peche-pied-famille-L-oeil-de-Paco.jpg 1200w\" sizes=\"auto, (max-width: 1024px) 100vw, 1024px\" \/><\/a><\/figure>\n\n\n\n<p class=\"has-text-align-center texte-rond card-title has-large-font-size\">Schelpdieren en visserij<\/p>\n\n\n\n<figure class=\"wp-block-image aligncenter size-full pluspetit  p-4\"><a href=\"https:\/\/www.mirabel-4vaulx.com\/nl\/ervaringen\/ervaring-met-schelpdieren-en-vissen\/\"><img decoding=\"async\" src=\"https:\/\/www.campinglarenaudiere.com\/wp-content\/uploads\/2022\/01\/plus-1.png\" alt=\"\" class=\"wp-image-3062\"\/><\/a><\/figure>\n<\/div>\n\n\n\n<div class=\"wp-block-column card is-layout-flow wp-block-column-is-layout-flow\">\n<figure class=\"wp-block-image size-large card-img-top\"><a href=\"https:\/\/www.mirabel-4vaulx.com\/nl\/ervaringen\/fietstoeren\/\"><img loading=\"lazy\" decoding=\"async\" width=\"1024\" height=\"683\" src=\"https:\/\/www.mirabel-4vaulx.com\/wp-content\/uploads\/2022\/10\/1-Erquy-a-velo-1024x683.jpg\" alt=\"fietstochten\" class=\"wp-image-7335\" srcset=\"https:\/\/www.mirabel-4vaulx.com\/wp-content\/uploads\/2022\/10\/1-Erquy-a-velo-1024x683.jpg 1024w, https:\/\/www.mirabel-4vaulx.com\/wp-content\/uploads\/2022\/10\/1-Erquy-a-velo-300x200.jpg 300w, https:\/\/www.mirabel-4vaulx.com\/wp-content\/uploads\/2022\/10\/1-Erquy-a-velo-768x512.jpg 768w, https:\/\/www.mirabel-4vaulx.com\/wp-content\/uploads\/2022\/10\/1-Erquy-a-velo.jpg 1200w\" sizes=\"auto, (max-width: 1024px) 100vw, 1024px\" \/><\/a><\/figure>\n\n\n\n<p class=\"has-text-align-center texte-rond card-title has-large-font-size\">Fietsen<\/p>\n\n\n\n<figure class=\"wp-block-image aligncenter size-full pluspetit p-4\"><a href=\"https:\/\/www.mirabel-4vaulx.com\/nl\/ervaringen\/fietstoeren\/\"><img decoding=\"async\" src=\"https:\/\/www.campinglarenaudiere.com\/wp-content\/uploads\/2022\/01\/plus-1.png\" alt=\"\" class=\"wp-image-3062\"\/><\/a><\/figure>\n<\/div>\n\n\n\n<div class=\"wp-block-column is-layout-flow wp-block-column-is-layout-flow\"><\/div>\n<\/div>\n\n\n\n<p><\/p>","protected":false},"excerpt":{"rendered":"<p>Schelpen en wadlopen Experiences Fietscircuits<\/p>","protected":false},"author":1,"featured_media":0,"parent":0,"menu_order":0,"comment_status":"closed","ping_status":"closed","template":"","meta":{"_seopress_robots_primary_cat":"","_seopress_titles_title":"Les exp\u00e9riences en famille ou entre amis en C\u00f4tes d&#039;Armor","_seopress_titles_desc":"D\u00e9couvrez les exp\u00e9riences natures ou sportives \u00e0 effectuer en famille ou entre amis au d\u00e9part du camping Les 4 Vaulx \u00e0 Saint Cast le Guildo","_seopress_robots_index":"","footnotes":""},"class_list":["post-272","page","type-page","status-publish","hentry"],"_links":{"self":[{"href":"https:\/\/www.mirabel-4vaulx.com\/nl\/wp-json\/wp\/v2\/pages\/272","targetHints":{"allow":["GET"]}}],"collection":[{"href":"https:\/\/www.mirabel-4vaulx.com\/nl\/wp-json\/wp\/v2\/pages"}],"about":[{"href":"https:\/\/www.mirabel-4vaulx.com\/nl\/wp-json\/wp\/v2\/types\/page"}],"author":[{"embeddable":true,"href":"https:\/\/www.mirabel-4vaulx.com\/nl\/wp-json\/wp\/v2\/users\/1"}],"replies":[{"embeddable":true,"href":"https:\/\/www.mirabel-4vaulx.com\/nl\/wp-json\/wp\/v2\/comments?post=272"}],"version-history":[{"count":6,"href":"https:\/\/www.mirabel-4vaulx.com\/nl\/wp-json\/wp\/v2\/pages\/272\/revisions"}],"predecessor-version":[{"id":8463,"href":"https:\/\/www.mirabel-4vaulx.com\/nl\/wp-json\/wp\/v2\/pages\/272\/revisions\/8463"}],"wp:attachment":[{"href":"https:\/\/www.mirabel-4vaulx.com\/nl\/wp-json\/wp\/v2\/media?parent=272"}],"curies":[{"name":"wp","href":"https:\/\/api.w.org\/{rel}","templated":true}]}}