{"id":267,"date":"2022-02-17T10:04:00","date_gmt":"2022-02-17T09:04:00","guid":{"rendered":"https:\/\/www.campinglarenaudiere.com\/?page_id=267"},"modified":"2025-06-25T11:36:58","modified_gmt":"2025-06-25T09:36:58","slug":"cote-demeraude-bretagne","status":"publish","type":"page","link":"https:\/\/www.mirabel-4vaulx.com\/nl\/cote-demeraude-bretagne\/","title":{"rendered":"Smaragdkust"},"content":{"rendered":"<h1 class=\"wp-block-heading\">Smaragdkust<\/h1>\n\n\n\n<p class=\"has-text-align-center\">De Kust van Smaragd, gelegen tussen de departementen Ille-et-Vilaine en C\u00f4tes d'Armor, strekt zich uit over het noorden van Bretagne en passeert Cancale, Saint-Malo, Saint-Briac en Cap Fr\u00e9hel.<\/p>\n\n\n\n<figure class=\"wp-block-image aligncenter size-full\"><img loading=\"lazy\" decoding=\"async\" width=\"50\" height=\"8\" src=\"https:\/\/www.mirabel-4vaulx.com\/wp-content\/uploads\/2022\/11\/barre-bleue.png\" alt=\"camping bretagne saint cast le guildo\" class=\"wp-image-8324\"\/><\/figure>\n\n\n\n<div style=\"height:30px\" aria-hidden=\"true\" class=\"wp-block-spacer\"><\/div>\n\n\n\n<div class=\"wp-block-media-text alignwide is-stacked-on-mobile animate left\"><figure class=\"wp-block-media-text__media\"><img loading=\"lazy\" decoding=\"async\" width=\"1024\" height=\"768\" src=\"https:\/\/www.mirabel-4vaulx.com\/wp-content\/uploads\/2022\/10\/1-cancale-huitre-mont-st-michel-1024x768.jpg\" alt=\"oester cancale\" class=\"wp-image-7309 size-full\" srcset=\"https:\/\/www.mirabel-4vaulx.com\/wp-content\/uploads\/2022\/10\/1-cancale-huitre-mont-st-michel-1024x768.jpg 1024w, https:\/\/www.mirabel-4vaulx.com\/wp-content\/uploads\/2022\/10\/1-cancale-huitre-mont-st-michel-300x225.jpg 300w, https:\/\/www.mirabel-4vaulx.com\/wp-content\/uploads\/2022\/10\/1-cancale-huitre-mont-st-michel-768x576.jpg 768w, https:\/\/www.mirabel-4vaulx.com\/wp-content\/uploads\/2022\/10\/1-cancale-huitre-mont-st-michel.jpg 1200w\" sizes=\"auto, (max-width: 1024px) 100vw, 1024px\" \/><\/figure><div class=\"wp-block-media-text__content\">\n<h2 class=\"wp-block-heading\"><strong>Bestemming Cancale - De parel van Bretagne<\/strong><\/h2>\n\n\n\n<figure class=\"wp-block-image size-full\"><img loading=\"lazy\" decoding=\"async\" width=\"50\" height=\"8\" src=\"https:\/\/www.mirabel-4vaulx.com\/wp-content\/uploads\/2022\/11\/barre-bleue.png\" alt=\"camping bretagne saint cast le guildo\" class=\"wp-image-8324\"\/><\/figure>\n\n\n\n<p>Je zult genieten van een bezoek aan <strong><a href=\"https:\/\/www.tourismebretagne.com\/destinations\/les-10-destinations\/cap-frehel-saint-malo-baie-du-mont-saint-michel\/cancale\/\" target=\"_blank\" rel=\"noreferrer noopener\">Cancale<\/a><\/strong>, Cancale is een van de beroemdste badplaatsen ter wereld, zowel vanwege de schoonheid van de plek als vanwege de niet te missen culinaire specialiteit. Cancale is beroemd om zijn schelpdieren, maar vooral om zijn <strong>zijn oesters<\/strong> waarvoor hij werd gekozen <strong>opmerkelijke site van smaak<\/strong>. De zoetekauwen kunnen genieten aan de kust, terwijl ze het prachtige landschap bewonderen. <strong>Mont-Saint-Michel<\/strong>, in het midden van de baai. Er is zoveel te ontdekken als je naar Cancale komt, zoals de haven, die bruist van de maritieme activiteit, met name de oesterkweek, het pad van de douanebeambten in de Port de la Houle en de \u00abachterafstraatjes\u00bb.<\/p>\n\n\n\n<figure class=\"wp-block-image alignright size-full is-resized\"><img decoding=\"async\" src=\"https:\/\/www.campinglarenaudiere.com\/wp-content\/uploads\/2022\/01\/transat.png\" alt=\"camping bretagne saint cast le guildo\" class=\"wp-image-1719\" style=\"width:80px;height:85px\"\/><\/figure>\n<\/div><\/div>\n\n\n\n<div style=\"height:14px\" aria-hidden=\"true\" class=\"wp-block-spacer\"><\/div>\n\n\n\n<div class=\"wp-block-media-text alignwide has-media-on-the-right is-stacked-on-mobile front-page-section grey animate right\"><div class=\"wp-block-media-text__content\">\n<p class=\"texte-rond has-orange-color has-text-color has-large-font-size\">Langs Saint-Lunaire<\/p>\n\n\n\n<p>De zachte manier van leven in <strong><a href=\"https:\/\/www.saint-lunaire.fr\/\" target=\"_blank\" rel=\"noreferrer noopener\">Saint-Lunaire<\/a><\/strong> maakt het de perfecte plek om een paar dagen door te brengen. Op minder dan 20 km van camping Les 4 Vaulx kun je de charme en authenticiteit van dit kleine dorp ontdekken. <strong>dorp tussen zee en platteland<\/strong>. Met 4 stranden, 40 hectare bos en een bocage achterland is er voor elk wat wils. Voor een dagje uit met het gezin in de herfst bij <strong>Hout<\/strong> of een middag <strong>zandkasteel<\/strong> op het strand op zonnige dagen, om echte momenten van plezier te delen. Ga voor alle toeristische informatie naar de volgende website <strong><a href=\"https:\/\/www.dinardemeraudetourisme.com\/\" data-type=\"URL\" data-id=\"https:\/\/www.dinardemeraudetourisme.com\/\" target=\"_blank\" rel=\"noreferrer noopener\">Toeristische dienst Dinard C\u00f4te d'\u00c9meraude<\/a><\/strong> of bij het VVV-kantoor in Saint-Cast, place Charles De Gaulle.<\/p>\n<\/div><figure class=\"wp-block-media-text__media\"><img loading=\"lazy\" decoding=\"async\" width=\"1024\" height=\"683\" src=\"https:\/\/www.mirabel-4vaulx.com\/wp-content\/uploads\/2022\/10\/2-saint-lunaire-crtb-ac5627_LE-GAL-Yannick-1024x683.jpg\" alt=\"heilige maan\" class=\"wp-image-7313 size-full\" srcset=\"https:\/\/www.mirabel-4vaulx.com\/wp-content\/uploads\/2022\/10\/2-saint-lunaire-crtb-ac5627_LE-GAL-Yannick-1024x683.jpg 1024w, https:\/\/www.mirabel-4vaulx.com\/wp-content\/uploads\/2022\/10\/2-saint-lunaire-crtb-ac5627_LE-GAL-Yannick-300x200.jpg 300w, https:\/\/www.mirabel-4vaulx.com\/wp-content\/uploads\/2022\/10\/2-saint-lunaire-crtb-ac5627_LE-GAL-Yannick-768x512.jpg 768w, https:\/\/www.mirabel-4vaulx.com\/wp-content\/uploads\/2022\/10\/2-saint-lunaire-crtb-ac5627_LE-GAL-Yannick.jpg 1200w\" sizes=\"auto, (max-width: 1024px) 100vw, 1024px\" \/><\/figure><\/div>\n\n\n\n<div style=\"height:14px\" aria-hidden=\"true\" class=\"wp-block-spacer\"><\/div>\n\n\n\n<div class=\"wp-block-media-text alignwide is-stacked-on-mobile animate left\"><figure class=\"wp-block-media-text__media\"><img loading=\"lazy\" decoding=\"async\" width=\"1024\" height=\"683\" src=\"https:\/\/www.mirabel-4vaulx.com\/wp-content\/uploads\/2022\/10\/3-cap-frehel-falaises-fort-lalatte-1024x683.jpg\" alt=\"kaap frehel\" class=\"wp-image-7317 size-full\" srcset=\"https:\/\/www.mirabel-4vaulx.com\/wp-content\/uploads\/2022\/10\/3-cap-frehel-falaises-fort-lalatte-1024x683.jpg 1024w, https:\/\/www.mirabel-4vaulx.com\/wp-content\/uploads\/2022\/10\/3-cap-frehel-falaises-fort-lalatte-300x200.jpg 300w, https:\/\/www.mirabel-4vaulx.com\/wp-content\/uploads\/2022\/10\/3-cap-frehel-falaises-fort-lalatte-768x512.jpg 768w, https:\/\/www.mirabel-4vaulx.com\/wp-content\/uploads\/2022\/10\/3-cap-frehel-falaises-fort-lalatte.jpg 1200w\" sizes=\"auto, (max-width: 1024px) 100vw, 1024px\" \/><\/figure><div class=\"wp-block-media-text__content\">\n<h2 class=\"wp-block-heading\"><strong>Erquy en Fr\u00e9hel - Adembenemende landschappen<\/strong><\/h2>\n\n\n\n<figure class=\"wp-block-image size-full is-style-default\"><img decoding=\"async\" src=\"https:\/\/www.campinglarenaudiere.com\/wp-content\/uploads\/2022\/01\/barre-bleue.png\" alt=\"camping bretagne saint cast le guildo\" class=\"wp-image-2382\"\/><\/figure>\n\n\n\n<p>Als je op zoek bent naar een uniek uitkijkpunt waar je de zee zover het oog reikt kunt zien, ga dan naar de <a href=\"https:\/\/grandsite-capserquyfrehel.com\/\" data-type=\"URL\" data-id=\"https:\/\/grandsite-capserquyfrehel.com\/\" target=\"_blank\" rel=\"noreferrer noopener\"><strong>Cap Fr\u00e9hel<\/strong>.<\/a> Op slechts 15 minuten van Saint-Cast ben je aangekomen op deze magische plek. Bij Cap Fr\u00e9hel kun je de prachtige vuurtoren bewonderen die boven de kliffen uittorent, of <strong><a href=\"https:\/\/www.lefortlalatte.com\/histoire-fortlalatte-rochegoyon\" target=\"_blank\" rel=\"noreferrer noopener\">Fort La Latte<\/a><\/strong> een van de meest bezochte middeleeuwse kastelen van Bretagne. Als je vervolgens de weg iets verder volgt, kom je bij het<a href=\"https:\/\/grandsite-capserquyfrehel.com\/\" target=\"_blank\" rel=\"noreferrer noopener\"> <strong>Cap d'Erquy<\/strong><\/a>. Hier viert de natuur hoogtij en is er overal wild. Voor sportliefhebbers is de <strong>GR34<\/strong> kruist deze twee sites, die je te voet kunt bereiken. Trek goede schoenen aan, pak een picknick en wat water in en ga op pad!<\/p>\n<\/div><\/div>\n\n\n\n<div style=\"height:14px\" aria-hidden=\"true\" class=\"wp-block-spacer\"><\/div>\n\n\n\n<div class=\"wp-block-media-text alignwide has-media-on-the-right is-stacked-on-mobile front-page-section grey animate right\"><div class=\"wp-block-media-text__content\">\n<p class=\"texte-rond has-orange-color has-text-color has-large-font-size\">Aan de andere kant van de wallen<\/p>\n\n\n\n<figure class=\"wp-block-image size-full\"><img loading=\"lazy\" decoding=\"async\" width=\"50\" height=\"8\" src=\"https:\/\/www.mirabel-4vaulx.com\/wp-content\/uploads\/2022\/11\/barre-bleue.png\" alt=\"blauwe balk\" class=\"wp-image-8324\"\/><\/figure>\n\n\n\n<p>Privateer sieraden van <strong><a href=\"https:\/\/www.saint-malo-tourisme.com\/\" target=\"_blank\" rel=\"noreferrer noopener\">Saint-Malo<\/a><\/strong>, zoals het soms wordt genoemd, nodigt je uit om het te verkennen en zijn geheimen te ontdekken. Eerste stap: verkennen <strong>de wallen<\/strong> op zoek naar historische souvenirs en bewonderenswaardige uitzichten over de baai. Verlies jezelf vervolgens in de <strong>talrijke steegjes<\/strong> waar elk hoekje en gaatje een verhaal vertelt (religieuze gebouwen, het stadhuis, de Tour Solidor, het Fort \u00e0 la Reine, enz.) Tot slot, voor activiteiten met je familie of vrienden, laat je verrassen door het fenomeen van de <strong>Hoge Getijden<\/strong> of ontdek de onderwaterwereld in het <strong><a href=\"https:\/\/www.aquarium-st-malo.com\/\" target=\"_blank\" rel=\"noreferrer noopener\">Aquarium Saint-Malo<\/a><\/strong>. <img decoding=\"async\" class=\"wp-image-6142\" style=\"width: 50px;\" src=\"https:\/\/web9.staging.sevouestcom.com\/wp-content\/uploads\/2022\/09\/Coquillage-300x287-1.png\" alt=\"\"><\/p>\n<\/div><figure class=\"wp-block-media-text__media\"><img loading=\"lazy\" decoding=\"async\" width=\"1024\" height=\"678\" src=\"https:\/\/www.mirabel-4vaulx.com\/wp-content\/uploads\/2022\/10\/4-tour-solidor-st-malo-crtb-ac7114_PIRIOU-Jacqueline-1024x678.jpg\" alt=\"solidor toren\" class=\"wp-image-7322 size-full\" srcset=\"https:\/\/www.mirabel-4vaulx.com\/wp-content\/uploads\/2022\/10\/4-tour-solidor-st-malo-crtb-ac7114_PIRIOU-Jacqueline-1024x678.jpg 1024w, https:\/\/www.mirabel-4vaulx.com\/wp-content\/uploads\/2022\/10\/4-tour-solidor-st-malo-crtb-ac7114_PIRIOU-Jacqueline-300x199.jpg 300w, https:\/\/www.mirabel-4vaulx.com\/wp-content\/uploads\/2022\/10\/4-tour-solidor-st-malo-crtb-ac7114_PIRIOU-Jacqueline-768x509.jpg 768w, https:\/\/www.mirabel-4vaulx.com\/wp-content\/uploads\/2022\/10\/4-tour-solidor-st-malo-crtb-ac7114_PIRIOU-Jacqueline.jpg 1200w\" sizes=\"auto, (max-width: 1024px) 100vw, 1024px\" \/><\/figure><\/div>\n\n\n\n<p class=\"has-text-align-center texte-rond mt-5 has-large-font-size\">Ontdek de camping<\/p>\n\n\n\n<div class=\"wp-block-columns are-vertically-aligned-center h-20 front-page-section grey is-layout-flex wp-container-core-columns-is-layout-28f84493 wp-block-columns-is-layout-flex\">\n<div class=\"wp-block-column is-layout-flow wp-block-column-is-layout-flow\"><\/div>\n\n\n\n<div class=\"wp-block-column is-layout-flow wp-block-column-is-layout-flow\">\n<div class=\"wp-block-create-block-sevgutenberg-navigation\"><aside class=\"encart-sev-navigation small carre\"><a href=\"https:\/\/www.mirabel-4vaulx.com\/nl\/kokosnoot-verhuur\/\" class=\"d-flex flex-column align-items-center\"><div class=\"encart-title\"><span>Coco Zoet<\/span><\/div><div class=\"vague\"><\/div><img decoding=\"async\" src=\"https:\/\/www.mirabel-4vaulx.com\/wp-content\/uploads\/2022\/10\/coco-sweet-terrasse-vacances.jpg\" alt=\"cocos zoet\"\/><div class=\"ligne\"><\/div><div class=\"hover\"><\/div><\/a><\/aside><\/div>\n<\/div>\n\n\n\n<div class=\"wp-block-column is-vertically-aligned-center is-layout-flow wp-block-column-is-layout-flow\">\n<div class=\"wp-block-create-block-sevgutenberg-navigation\"><aside class=\"encart-sev-navigation small carre\"><a href=\"https:\/\/www.mirabel-4vaulx.com\/nl\/kampeerplaatsen\/\" class=\"d-flex flex-column align-items-center\"><div class=\"encart-title\"><span>Kampeerplaatsen<\/span><\/div><div class=\"vague\"><\/div><img decoding=\"async\" src=\"https:\/\/www.mirabel-4vaulx.com\/wp-content\/uploads\/2022\/10\/1-emplacement-confort-4vaulx.jpg\" alt=\"\"\/><div class=\"ligne\"><\/div><div class=\"hover\"><\/div><\/a><\/aside><\/div>\n<\/div>\n\n\n\n<div class=\"wp-block-column is-vertically-aligned-center is-layout-flow wp-block-column-is-layout-flow\">\n<div class=\"wp-block-create-block-sevgutenberg-navigation\"><aside class=\"encart-sev-navigation small carre\"><a href=\"https:\/\/www.mirabel-4vaulx.com\/nl\/camping-diensten\/\" class=\"d-flex flex-column align-items-center\"><div class=\"encart-title\"><span>Diensten<\/span><\/div><div class=\"vague\"><\/div><img decoding=\"async\" src=\"https:\/\/www.mirabel-4vaulx.com\/wp-content\/uploads\/2022\/10\/camping-4vaulx-mirabel-st-cast.jpg\" alt=\"receptie camping\"\/><div class=\"ligne\"><\/div><div class=\"hover\"><\/div><\/a><\/aside><\/div>\n<\/div>\n\n\n\n<div class=\"wp-block-column is-layout-flow wp-block-column-is-layout-flow\"><\/div>\n<\/div>","protected":false},"excerpt":{"rendered":"<p>C\u00f4te d\u2019Emeraude Situ\u00e9e entre les d\u00e9partements d\u2019Ille-et-Vilaine et des C\u00f4tes d\u2019Armor, la C\u00f4te d\u2019\u00c9meraude balaie le nord de la Bretagne [&hellip;]<\/p>\n","protected":false},"author":1,"featured_media":0,"parent":0,"menu_order":0,"comment_status":"closed","ping_status":"closed","template":"","meta":{"_seopress_robots_primary_cat":"","_seopress_titles_title":"Tourisme \u00e0 visiter C\u00f4te d\u2019Emeraude en Bretagne","_seopress_titles_desc":"Pendant votre s\u00e9jour au camping Les 4 Vaulx \u00e0 Saint Cast le Guildo, quelques exemples de destinations touristiques \u00e0 visiter en C\u00f4tes d'Armor","_seopress_robots_index":"","footnotes":""},"class_list":["post-267","page","type-page","status-publish","hentry"],"_links":{"self":[{"href":"https:\/\/www.mirabel-4vaulx.com\/nl\/wp-json\/wp\/v2\/pages\/267","targetHints":{"allow":["GET"]}}],"collection":[{"href":"https:\/\/www.mirabel-4vaulx.com\/nl\/wp-json\/wp\/v2\/pages"}],"about":[{"href":"https:\/\/www.mirabel-4vaulx.com\/nl\/wp-json\/wp\/v2\/types\/page"}],"author":[{"embeddable":true,"href":"https:\/\/www.mirabel-4vaulx.com\/nl\/wp-json\/wp\/v2\/users\/1"}],"replies":[{"embeddable":true,"href":"https:\/\/www.mirabel-4vaulx.com\/nl\/wp-json\/wp\/v2\/comments?post=267"}],"version-history":[{"count":15,"href":"https:\/\/www.mirabel-4vaulx.com\/nl\/wp-json\/wp\/v2\/pages\/267\/revisions"}],"predecessor-version":[{"id":10198,"href":"https:\/\/www.mirabel-4vaulx.com\/nl\/wp-json\/wp\/v2\/pages\/267\/revisions\/10198"}],"wp:attachment":[{"href":"https:\/\/www.mirabel-4vaulx.com\/nl\/wp-json\/wp\/v2\/media?parent=267"}],"curies":[{"name":"wp","href":"https:\/\/api.w.org\/{rel}","templated":true}]}}