{"id":10178,"date":"2025-06-04T11:57:14","date_gmt":"2025-06-04T09:57:14","guid":{"rendered":"https:\/\/www.mirabel-4vaulx.com\/?page_id=10178"},"modified":"2025-06-04T11:57:15","modified_gmt":"2025-06-04T09:57:15","slug":"onze-accommodatie","status":"publish","type":"page","link":"https:\/\/www.mirabel-4vaulx.com\/nl\/nos-hebergements\/","title":{"rendered":"Onze accommodatie"},"content":{"rendered":"<h1 class=\"wp-block-heading\">Onze accommodatie<\/h1>\n\n\n\n<div class=\"wp-block-columns is-layout-flex wp-container-core-columns-is-layout-28f84493 wp-block-columns-is-layout-flex\">\n<div class=\"wp-block-column is-layout-flow wp-block-column-is-layout-flow\">\n<div class=\"wp-block-create-block-sevgutenberg\"><aside class=\"encart-sev big carre\"><a href=\"https:\/\/www.mirabel-4vaulx.com\/nl\/kampeerplaatsen\/\" class=\"d-flex flex-column align-items-center\"><div class=\"encart-title\"><h3>Kale staanplaatsen<\/h3><\/div><div class=\"vague\"><\/div><img decoding=\"async\" src=\"https:\/\/www.mirabel-4vaulx.com\/wp-content\/uploads\/2022\/10\/emplacement-nu-delimite-haie.jpg\" alt=\"kale site\"\/><div class=\"ligne\"><\/div><div class=\"hover\"><\/div><\/a><\/aside><\/div>\n<\/div>\n\n\n\n<div class=\"wp-block-column is-layout-flow wp-block-column-is-layout-flow\">\n<div class=\"wp-block-create-block-sevgutenberg\"><aside class=\"encart-sev small carre\"><a href=\"https:\/\/www.mirabel-4vaulx.com\/nl\/kampeerplaatsen\/\" class=\"d-flex flex-column align-items-center\"><div class=\"encart-title\"><h3>Comfort standplaatsen<\/h3><\/div><div class=\"vague\"><\/div><img decoding=\"async\" src=\"https:\/\/www.mirabel-4vaulx.com\/wp-content\/uploads\/2022\/10\/emplacement-confort-2.jpg\" alt=\"Comfort locatie\"\/><div class=\"ligne\"><\/div><div class=\"hover\"><\/div><\/a><\/aside><\/div>\n\n\n\n<div class=\"wp-block-create-block-sevgutenberg\"><aside class=\"encart-sev small carre\"><a href=\"https:\/\/www.mirabel-4vaulx.com\/nl\/tiet-huis\/\" class=\"d-flex flex-column align-items-center\"><div class=\"encart-title\"><h3>Les Tit'homes<\/h3><\/div><div class=\"vague\"><\/div><img decoding=\"async\" src=\"https:\/\/www.mirabel-4vaulx.com\/wp-content\/uploads\/2022\/10\/tithome-location.jpg\" alt=\"tiet&#039;thuis\"\/><div class=\"ligne\"><\/div><div class=\"hover\"><\/div><\/a><\/aside><\/div>\n<\/div>\n\n\n\n<div class=\"wp-block-column is-layout-flow wp-block-column-is-layout-flow\">\n<div class=\"wp-block-create-block-sevgutenberg\"><aside class=\"encart-sev big carre\"><a href=\"https:\/\/www.mirabel-4vaulx.com\/nl\/kokosnoot-verhuur\/\" class=\"d-flex flex-column align-items-center\"><div class=\"encart-title\"><h3>Zoete Cocos<\/h3><\/div><div class=\"vague\"><\/div><img decoding=\"async\" src=\"https:\/\/www.mirabel-4vaulx.com\/wp-content\/uploads\/2022\/10\/coco-sweet-location.jpg\" alt=\"cocos zoet\"\/><div class=\"ligne\"><\/div><div class=\"hover\"><\/div><\/a><\/aside><\/div>\n<\/div>\n<\/div>","protected":false},"excerpt":{"rendered":"<p>Onze accommodatie<\/p>","protected":false},"author":1,"featured_media":0,"parent":0,"menu_order":0,"comment_status":"closed","ping_status":"closed","template":"","meta":{"_seopress_robots_primary_cat":"","_seopress_titles_title":"Les h\u00e9bergements du camping Les 4 Vaulx","_seopress_titles_desc":"D\u00e9couvrez les h\u00e9bergements en location propos\u00e9 par le camping 2 \u00e9toiles Les 4 Vaulx \u00e0 Saint Cast le Guildo.","_seopress_robots_index":"","footnotes":""},"class_list":["post-10178","page","type-page","status-publish","hentry"],"_links":{"self":[{"href":"https:\/\/www.mirabel-4vaulx.com\/nl\/wp-json\/wp\/v2\/pages\/10178","targetHints":{"allow":["GET"]}}],"collection":[{"href":"https:\/\/www.mirabel-4vaulx.com\/nl\/wp-json\/wp\/v2\/pages"}],"about":[{"href":"https:\/\/www.mirabel-4vaulx.com\/nl\/wp-json\/wp\/v2\/types\/page"}],"author":[{"embeddable":true,"href":"https:\/\/www.mirabel-4vaulx.com\/nl\/wp-json\/wp\/v2\/users\/1"}],"replies":[{"embeddable":true,"href":"https:\/\/www.mirabel-4vaulx.com\/nl\/wp-json\/wp\/v2\/comments?post=10178"}],"version-history":[{"count":1,"href":"https:\/\/www.mirabel-4vaulx.com\/nl\/wp-json\/wp\/v2\/pages\/10178\/revisions"}],"predecessor-version":[{"id":10181,"href":"https:\/\/www.mirabel-4vaulx.com\/nl\/wp-json\/wp\/v2\/pages\/10178\/revisions\/10181"}],"wp:attachment":[{"href":"https:\/\/www.mirabel-4vaulx.com\/nl\/wp-json\/wp\/v2\/media?parent=10178"}],"curies":[{"name":"wp","href":"https:\/\/api.w.org\/{rel}","templated":true}]}}