{"id":895,"date":"2021-12-20T11:14:26","date_gmt":"2021-12-20T10:14:26","guid":{"rendered":"https:\/\/www.campinglarenaudiere.com\/?page_id=895"},"modified":"2024-04-04T15:49:08","modified_gmt":"2024-04-04T13:49:08","slug":"shellfish-and-fishing-experience","status":"publish","type":"page","link":"https:\/\/www.mirabel-4vaulx.com\/en\/les-experiences\/experience-coquillages-et-peche\/","title":{"rendered":"Shellfish and fishing"},"content":{"rendered":"<h1 class=\"wp-block-heading\" id=\"a-la-decouverte-de-la-cote-de-jade-a-velo\"><strong>Shellfish and fishing<\/strong><\/h1>\n\n\n\n<p class=\"has-text-align-center\">If you like to fish and eat seafood, you'll love the Saint-Cast coastline, with its 55 km of bouchot lines and 33 hectares of oyster beds.<\/p>\n\n\n\n<figure class=\"wp-block-image aligncenter size-full\"><img decoding=\"async\" src=\"https:\/\/www.campinglarenaudiere.com\/wp-content\/uploads\/2022\/01\/barre-bleue.png\" alt=\"\" class=\"wp-image-2382\"\/><\/figure>\n\n\n\n<div style=\"height:20px\" aria-hidden=\"true\" class=\"wp-block-spacer\"><\/div>\n\n\n\n<div class=\"wp-block-media-text alignwide has-media-on-the-right is-stacked-on-mobile is-image-fill front-page-section grey\"><div class=\"wp-block-media-text__content\">\n<p class=\"has-medium-font-size\"><strong><strong>Shellfish farming, 2<\/strong><sup><strong>th<\/strong><\/sup><strong> activity on the Saint-Cast coast<\/strong><\/strong><\/p>\n\n\n\n<figure class=\"wp-block-image size-full\"><img decoding=\"async\" src=\"https:\/\/www.campinglarenaudiere.com\/wp-content\/uploads\/2022\/01\/barre-bleue.png\" alt=\"\" class=\"wp-image-2382\"\/><\/figure>\n\n\n\n<p>Nestled between <strong>la Baie de la Fresnaye <\/strong>and <strong>Arguenon Bay<\/strong>, The Saint-Cast-le-Guildo peninsula is renowned for its shellfish farming. The 4 Vaulx campsite, opposite the beach of the same name, is a favourite spot for your fishing trips. The 300-metre-long beach offers a lovely view of Saint-Jacut-de-la-Mer and the Ile des Ebihens.<\/p>\n\n\n\n<p class=\"texte-rond has-orange-color has-text-color has-large-font-size\">Grande Mar\u00e9e<\/p>\n\n\n\n<p><a href=\"https:\/\/www.dinan-capfrehel.com\/\" target=\"_blank\" rel=\"noreferrer noopener\">Dinan Cap Fr\u00e9hel Tourist Office<\/a> offers a guided tour of the mussel and oyster beds. <strong>Visit a shellfish farm<\/strong> to find out about all the stages in the life of shellfish, then end the tour with a visit to the <strong>oyster tasting<\/strong>.<\/p>\n\n\n\n<p>Leaving from the 4 Vaulx beach, allow around 2h15.<\/p>\n\n\n\n<p>Discover the shellfish industry in Saint-Cast by <a rel=\"noreferrer noopener\" href=\"https:\/\/www.youtube.com\/watch?v=5X4qCxtBc9g\" target=\"_blank\">video<\/a>.<\/p>\n<\/div><figure class=\"wp-block-media-text__media\" style=\"background-image:url(https:\/\/www.mirabel-4vaulx.com\/wp-content\/uploads\/2022\/10\/1-visite-huitres-Saint-Cast-BERTHIER-Emmanuel-1024x667.jpg);background-position:50% 50%\"><a href=\"https:\/\/www.mirabel-4vaulx.com\/wp-content\/uploads\/2022\/10\/1-visite-huitres-Saint-Cast-BERTHIER-Emmanuel.jpg\"><img loading=\"lazy\" decoding=\"async\" width=\"1024\" height=\"667\" src=\"https:\/\/www.mirabel-4vaulx.com\/wp-content\/uploads\/2022\/10\/1-visite-huitres-Saint-Cast-BERTHIER-Emmanuel-1024x667.jpg\" alt=\"oysters\" class=\"wp-image-7348 size-full\" srcset=\"https:\/\/www.mirabel-4vaulx.com\/wp-content\/uploads\/2022\/10\/1-visite-huitres-Saint-Cast-BERTHIER-Emmanuel-1024x667.jpg 1024w, https:\/\/www.mirabel-4vaulx.com\/wp-content\/uploads\/2022\/10\/1-visite-huitres-Saint-Cast-BERTHIER-Emmanuel-300x196.jpg 300w, https:\/\/www.mirabel-4vaulx.com\/wp-content\/uploads\/2022\/10\/1-visite-huitres-Saint-Cast-BERTHIER-Emmanuel-768x500.jpg 768w, https:\/\/www.mirabel-4vaulx.com\/wp-content\/uploads\/2022\/10\/1-visite-huitres-Saint-Cast-BERTHIER-Emmanuel.jpg 1200w\" sizes=\"auto, (max-width: 1024px) 100vw, 1024px\" \/><\/a><\/figure><\/div>\n\n\n\n<div style=\"height:14px\" aria-hidden=\"true\" class=\"wp-block-spacer\"><\/div>\n\n\n\n<div class=\"wp-block-media-text alignwide is-stacked-on-mobile animate left\"><figure class=\"wp-block-media-text__media\"><a href=\"https:\/\/www.mirabel-4vaulx.com\/wp-content\/uploads\/2022\/10\/2-peche-pied-famille-L-oeil-de-Paco-1.jpg\"><img loading=\"lazy\" decoding=\"async\" width=\"1024\" height=\"683\" src=\"https:\/\/www.mirabel-4vaulx.com\/wp-content\/uploads\/2022\/10\/2-peche-pied-famille-L-oeil-de-Paco-1-1024x683.jpg\" alt=\"fishing on foot\" class=\"wp-image-7352 size-full\" srcset=\"https:\/\/www.mirabel-4vaulx.com\/wp-content\/uploads\/2022\/10\/2-peche-pied-famille-L-oeil-de-Paco-1-1024x683.jpg 1024w, https:\/\/www.mirabel-4vaulx.com\/wp-content\/uploads\/2022\/10\/2-peche-pied-famille-L-oeil-de-Paco-1-300x200.jpg 300w, https:\/\/www.mirabel-4vaulx.com\/wp-content\/uploads\/2022\/10\/2-peche-pied-famille-L-oeil-de-Paco-1-768x512.jpg 768w, https:\/\/www.mirabel-4vaulx.com\/wp-content\/uploads\/2022\/10\/2-peche-pied-famille-L-oeil-de-Paco-1.jpg 1200w\" sizes=\"auto, (max-width: 1024px) 100vw, 1024px\" \/><\/a><\/figure><div class=\"wp-block-media-text__content\">\n<p class=\"has-medium-font-size\"><strong><strong>Introduction to fishing on foot!<\/strong><\/strong><\/p>\n\n\n\n<figure class=\"wp-block-image size-full\"><img decoding=\"async\" src=\"https:\/\/www.campinglarenaudiere.com\/wp-content\/uploads\/2022\/01\/barre-bleue.png\" alt=\"\" class=\"wp-image-2382\"\/><\/figure>\n\n\n\n<p>In Brittany, and more particularly in Saint-Cast-le-Guildo, anglers on foot are well catered for! <strong>Knives<\/strong>, <strong>clams<\/strong>, <strong>hulls<\/strong>... the seashore is home to many different species of shellfish, which we love to find on the foreshore at low tide. Taste the pleasures of fishing, a traditional Breton pastime that is a real treat for gourmets. This seaside activity is very popular with children, so don't hesitate to put on your boots and go fishing! <strong>going away with your family<\/strong> in search of the treasures buried beneath the sands of the C\u00f4tes d'Armor. To preserve the fragile coastal environment and ensure that everyone can continue to fish for many years to come, find out more about the regulations and the right thing to do.<\/p>\n<\/div><\/div>\n\n\n\n<div style=\"height:49px\" aria-hidden=\"true\" class=\"wp-block-spacer\"><\/div>\n\n\n\n<div class=\"wp-block-columns is-layout-flex wp-container-core-columns-is-layout-28f84493 wp-block-columns-is-layout-flex\">\n<div class=\"wp-block-column is-layout-flow wp-block-column-is-layout-flow\" style=\"flex-basis:25%\"><\/div>\n\n\n\n<div class=\"wp-block-column is-layout-flow wp-block-column-is-layout-flow\" style=\"flex-basis:50%\">\n<div class=\"wp-block-group border border-info p-4 card is-layout-constrained wp-block-group-is-layout-constrained\">\n<figure class=\"wp-block-image alignleft size-full is-resized\"><img loading=\"lazy\" decoding=\"async\" width=\"300\" height=\"287\" src=\"https:\/\/www.mirabel-4vaulx.com\/wp-content\/uploads\/2022\/11\/Coquillage-300x287-1.png\" alt=\"\" class=\"wp-image-8299\" style=\"width:44px;height:42px\"\/><\/figure>\n\n\n\n<p><\/p>\n\n\n\n<p class=\"has-text-align-left has-turquoise-color has-text-color has-medium-font-size\"><strong>PRACTICE :<\/strong><\/p>\n\n\n\n<div class=\"wp-block-group has-turquoise-color has-text-color is-layout-constrained wp-block-group-is-layout-constrained\">\n<p><strong><mark style=\"background-color:rgba(0, 0, 0, 0)\" class=\"has-inline-color has-orange-color\">\u2022<\/mark> <a href=\"http:\/\/www.horaire-maree.fr\/maree\/SAINT-CAST\/\" target=\"_blank\" rel=\"noreferrer noopener\">Timetable <\/a><a href=\"https:\/\/www.horaire-maree.fr\/maree\/SAINT-CAST\/\" target=\"_blank\" rel=\"noreferrer noopener\">from <\/a><a href=\"http:\/\/www.horaire-maree.fr\/maree\/SAINT-CAST\/\" target=\"_blank\" rel=\"noreferrer noopener\">tides<\/a><\/strong> <\/p>\n\n\n\n<p><strong><mark style=\"background-color:rgba(0, 0, 0, 0)\" class=\"has-inline-color has-orange-color\">\u2022<\/mark><\/strong> <a href=\"https:\/\/www.dinan-capfrehel.com\/le-bord-de-mer\/peche-a-pied\/\" target=\"_blank\" rel=\"noreferrer noopener\">3 techniques for fishing on foot!<\/a>  <\/p>\n\n\n\n<p><strong><mark style=\"background-color:rgba(0, 0, 0, 0)\" class=\"has-inline-color has-orange-color\">\u2022<\/mark><\/strong> <a href=\"https:\/\/www.dinan-capfrehel.com\/experiences\/pour-les-curieux\/sortie-peche-a-pied-nord-bretagne\/\">Introduction to fishing on foot<\/a>  with a guide are often organised by the Saint-Cast Tourist Office.<\/p>\n\n\n\n<p><strong>Please note:&nbsp;<\/strong>A distance of 15 metres must be maintained around professional fleets: fishing below this distance is not permitted!<\/p>\n<\/div>\n<\/div>\n<\/div>\n\n\n\n<div class=\"wp-block-column is-layout-flow wp-block-column-is-layout-flow\" style=\"flex-basis:25%\"><\/div>\n<\/div>\n\n\n\n<p class=\"has-text-align-center texte-rond has-large-font-size\">Other experiments <\/p>\n\n\n\n<div style=\"height:14px\" aria-hidden=\"true\" class=\"wp-block-spacer\"><\/div>\n\n\n\n<div class=\"wp-block-create-block-sevgutenberg-navigation aligncenter front-page-section grey\"><aside class=\"encart-sev-navigation small carre\"><a href=\"https:\/\/www.mirabel-4vaulx.com\/en\/experiences\/bike-tours\/\" class=\"d-flex flex-column align-items-center\"><div class=\"encart-title\"><span>Cycling tours<\/span><\/div><div class=\"vague\"><\/div><img decoding=\"async\" src=\"https:\/\/www.mirabel-4vaulx.com\/wp-content\/uploads\/2022\/11\/velo-balade-experience-bto-aa9873_Dunes-Studio-crop.jpg\" alt=\"bike ride\"\/><div class=\"ligne\"><\/div><div class=\"hover\"><\/div><\/a><\/aside><\/div>","protected":false},"excerpt":{"rendered":"<p>Coquillages et p\u00eache \u00e0 pied Si vous aimez p\u00eacher et manger des fruits de mer, le littoral de Saint-Cast va [&hellip;]<\/p>\n","protected":false},"author":1,"featured_media":0,"parent":272,"menu_order":0,"comment_status":"closed","ping_status":"closed","template":"","meta":{"_seopress_robots_primary_cat":"","_seopress_titles_title":"Coquillages et p\u00eache \u00e0 pied \u00e0 d\u00e9couvrir","_seopress_titles_desc":"En s\u00e9journant au camping Les 4 Vaulx dans les C\u00f4tes d\u2019Armor, vous appr\u00e9cierez de passer une journ\u00e9e \u00e0 Saint-Cast-le-Guildo les pieds dans le sable","_seopress_robots_index":"","footnotes":""},"class_list":["post-895","page","type-page","status-publish","hentry"],"_links":{"self":[{"href":"https:\/\/www.mirabel-4vaulx.com\/en\/wp-json\/wp\/v2\/pages\/895","targetHints":{"allow":["GET"]}}],"collection":[{"href":"https:\/\/www.mirabel-4vaulx.com\/en\/wp-json\/wp\/v2\/pages"}],"about":[{"href":"https:\/\/www.mirabel-4vaulx.com\/en\/wp-json\/wp\/v2\/types\/page"}],"author":[{"embeddable":true,"href":"https:\/\/www.mirabel-4vaulx.com\/en\/wp-json\/wp\/v2\/users\/1"}],"replies":[{"embeddable":true,"href":"https:\/\/www.mirabel-4vaulx.com\/en\/wp-json\/wp\/v2\/comments?post=895"}],"version-history":[{"count":41,"href":"https:\/\/www.mirabel-4vaulx.com\/en\/wp-json\/wp\/v2\/pages\/895\/revisions"}],"predecessor-version":[{"id":10095,"href":"https:\/\/www.mirabel-4vaulx.com\/en\/wp-json\/wp\/v2\/pages\/895\/revisions\/10095"}],"up":[{"embeddable":true,"href":"https:\/\/www.mirabel-4vaulx.com\/en\/wp-json\/wp\/v2\/pages\/272"}],"wp:attachment":[{"href":"https:\/\/www.mirabel-4vaulx.com\/en\/wp-json\/wp\/v2\/media?parent=895"}],"curies":[{"name":"wp","href":"https:\/\/api.w.org\/{rel}","templated":true}]}}