{"id":889,"date":"2021-12-20T11:10:21","date_gmt":"2021-12-20T10:10:21","guid":{"rendered":"https:\/\/www.campinglarenaudiere.com\/?page_id=889"},"modified":"2025-06-25T11:47:39","modified_gmt":"2025-06-25T09:47:39","slug":"bike-tours","status":"publish","type":"page","link":"https:\/\/www.mirabel-4vaulx.com\/en\/les-experiences\/circuits-a-velo\/","title":{"rendered":"Cycling tours"},"content":{"rendered":"<figure class=\"wp-block-image alignright size-full is-resized\"><img decoding=\"async\" src=\"https:\/\/www.campinglarenaudiere.com\/wp-content\/uploads\/2021\/12\/Smile.png\" alt=\"smile practical\" class=\"wp-image-1947\" style=\"width:160px;height:107px\"\/><\/figure>\n\n\n\n<h1 class=\"wp-block-heading\" id=\"vivez-l-experience-loire-atlantique-en-famille\"><strong>Cycling through the C\u00f4tes d'Armor<\/strong><\/h1>\n\n\n\n<p class=\"has-text-align-center\">On holiday, we like to take the time to explore the region we've carefully selected. If you're here, it's because you've chosen Brittany, and more specifically the Emerald Coast (or you will soon!) for your cycling holiday.<\/p>\n\n\n\n<figure class=\"wp-block-image aligncenter size-full\"><img decoding=\"async\" src=\"https:\/\/www.campinglarenaudiere.com\/wp-content\/uploads\/2022\/01\/barre-bleue.png\" alt=\"Cycling through the C\u00f4tes d&#039;Armor\" class=\"wp-image-2382\"\/><\/figure>\n\n\n\n<div style=\"height:30px\" aria-hidden=\"true\" class=\"wp-block-spacer\"><\/div>\n\n\n\n<div class=\"wp-block-media-text alignwide is-stacked-on-mobile is-image-fill-element\"><figure class=\"wp-block-media-text__media\"><a href=\"https:\/\/www.mirabel-4vaulx.com\/wp-content\/uploads\/2022\/10\/1-Erquy-a-velo-1.jpg\"><img loading=\"lazy\" decoding=\"async\" width=\"1024\" height=\"683\" src=\"https:\/\/www.mirabel-4vaulx.com\/wp-content\/uploads\/2022\/10\/1-Erquy-a-velo-1-1024x683.jpg\" alt=\"beach \" class=\"wp-image-7363 size-full\" style=\"object-position:50% 50%\" srcset=\"https:\/\/www.mirabel-4vaulx.com\/wp-content\/uploads\/2022\/10\/1-Erquy-a-velo-1-1024x683.jpg 1024w, https:\/\/www.mirabel-4vaulx.com\/wp-content\/uploads\/2022\/10\/1-Erquy-a-velo-1-300x200.jpg 300w, https:\/\/www.mirabel-4vaulx.com\/wp-content\/uploads\/2022\/10\/1-Erquy-a-velo-1-768x512.jpg 768w, https:\/\/www.mirabel-4vaulx.com\/wp-content\/uploads\/2022\/10\/1-Erquy-a-velo-1.jpg 1200w\" sizes=\"auto, (max-width: 1024px) 100vw, 1024px\" \/><\/a><\/figure><div class=\"wp-block-media-text__content\">\n<h2 class=\"wp-block-heading\"><strong>The V\u00e9lomaritime\u00ae between Cap Fr\u00e9hel and Cap d'Erquy<\/strong><\/h2>\n\n\n\n<figure class=\"wp-block-image size-full\"><img loading=\"lazy\" decoding=\"async\" width=\"50\" height=\"8\" src=\"https:\/\/www.mirabel-4vaulx.com\/wp-content\/uploads\/2022\/11\/barre-bleue.png\" alt=\"Cycling through the C\u00f4tes d&#039;Armor\" class=\"wp-image-8324\"\/><\/figure>\n\n\n\n<p>The cycle route linked to EuroVelo 4 has no fewer than <strong>1500 km of cycle lanes<\/strong> from the English Channel to the North Sea. It's the section in the heart of the Cap Fr\u00e9hel - Cap d'Erquy Grand Site de France that we recommend you try!<\/p>\n\n\n\n<p>It offers a wide variety of landscapes with breathtaking panoramas (hopefully you'll have enough left to drive around). Allow around 1? hours to link the 2 Capes. You'll pass through Sables-d'Or-les-Pins and its marshes, skirt the Breton coast and discover its pink sandstone cliffs. The highlight of the trip is <strong>Cap Fr\u00e9hel lighthouse<\/strong>, a listed historic monument! You can even visit the site and climb to the top, where it shines out over the Bay of Saint-Brieuc.<\/p>\n\n\n\n<p>If you still have legs after all that, there's still a historic fortress to reach on foot or by bike: the <strong>Fort-la-Latte Castle<\/strong> facing Cap Fr\u00e9hel.<\/p>\n\n\n\n<p>All you need to know about this cycling route: La <a href=\"https:\/\/www.lavelomaritime.fr\/itineraire\/erquy-matignon\" target=\"_blank\" rel=\"noreferrer noopener\">V\u00e9lomaritime Erquy\/Matignon<\/a><\/p>\n<\/div><\/div>\n\n\n\n<div style=\"height:14px\" aria-hidden=\"true\" class=\"wp-block-spacer\"><\/div>\n\n\n\n<div class=\"wp-block-media-text alignwide has-media-on-the-right is-stacked-on-mobile front-page-section grey\"><div class=\"wp-block-media-text__content\">\n<h2 class=\"wp-block-heading\"><strong>The Scaventure linking Saint-Cast to Saint-Jacut-de-la-Mer<\/strong><\/h2>\n\n\n\n<figure class=\"wp-block-image size-full\"><img loading=\"lazy\" decoding=\"async\" width=\"50\" height=\"8\" src=\"https:\/\/www.mirabel-4vaulx.com\/wp-content\/uploads\/2022\/11\/barre-bleue.png\" alt=\"Cycling through the C\u00f4tes d&#039;Armor\" class=\"wp-image-8324\"\/><\/figure>\n\n\n\n<p>Leaving from Saint-Cast, <strong><a href=\"https:\/\/www.cirkwi.com\/fr\/circuit\/370468-scaventure-d-une-pointe-a-l-autre\" target=\"_blank\" rel=\"noreferrer noopener\">Saint-Cast Aventure<\/a><\/strong> has mapped out a 33km cycle loop for a cycle ride lasting around 4 hours. Cycling along the steep coastline, you'll pass through <strong>la pointe du Bay<\/strong> for its unique view of the rows of bouchots and, in the background, the Ile des Ebihens. Then head to the 4 Vaulx beach and take a break on the <strong>picnic area facing the sea<\/strong>. Then leave this pretty cove to cross the Arguenon, and in a few pedal strokes you'll reach the <strong>Medieval castle of Le Guildo<\/strong> and its 5 hectares of freely accessible grounds. Take a final break before heading off towards the pointe de Saint-Jacut, where the landscape alternates between fine sandy beaches and viewpoints over the bays surrounding the peninsula. Return via <strong>Matignon<\/strong>, A small market town between the sea and the countryside. Enjoy the walk!<\/p>\n<\/div><figure class=\"wp-block-media-text__media\"><a href=\"https:\/\/www.mirabel-4vaulx.com\/wp-content\/uploads\/2022\/11\/experience-balade-velo-pique-nique-crtb-ad9765_BERTHIER-Emmanuel-_-EV4.jpg\"><img loading=\"lazy\" decoding=\"async\" width=\"1024\" height=\"683\" src=\"https:\/\/www.mirabel-4vaulx.com\/wp-content\/uploads\/2022\/11\/experience-balade-velo-pique-nique-crtb-ad9765_BERTHIER-Emmanuel-_-EV4-1024x683.jpg\" alt=\"Cycling through the C\u00f4tes d&#039;Armor\" class=\"wp-image-8329 size-full\" srcset=\"https:\/\/www.mirabel-4vaulx.com\/wp-content\/uploads\/2022\/11\/experience-balade-velo-pique-nique-crtb-ad9765_BERTHIER-Emmanuel-_-EV4-1024x683.jpg 1024w, https:\/\/www.mirabel-4vaulx.com\/wp-content\/uploads\/2022\/11\/experience-balade-velo-pique-nique-crtb-ad9765_BERTHIER-Emmanuel-_-EV4-300x200.jpg 300w, https:\/\/www.mirabel-4vaulx.com\/wp-content\/uploads\/2022\/11\/experience-balade-velo-pique-nique-crtb-ad9765_BERTHIER-Emmanuel-_-EV4-768x512.jpg 768w, https:\/\/www.mirabel-4vaulx.com\/wp-content\/uploads\/2022\/11\/experience-balade-velo-pique-nique-crtb-ad9765_BERTHIER-Emmanuel-_-EV4-1536x1024.jpg 1536w, https:\/\/www.mirabel-4vaulx.com\/wp-content\/uploads\/2022\/11\/experience-balade-velo-pique-nique-crtb-ad9765_BERTHIER-Emmanuel-_-EV4.jpg 2048w\" sizes=\"auto, (max-width: 1024px) 100vw, 1024px\" \/><\/a><\/figure><\/div>\n\n\n\n<div style=\"height:10px\" aria-hidden=\"true\" class=\"wp-block-spacer\"><\/div>\n\n\n\n<div class=\"wp-block-columns is-layout-flex wp-container-core-columns-is-layout-28f84493 wp-block-columns-is-layout-flex\">\n<div class=\"wp-block-column border border-info p-4 card h-100 is-layout-flow wp-block-column-is-layout-flow\">\n<h2 class=\"wp-block-heading\"><strong>Checklist before setting off by bike:<\/strong><\/h2>\n\n\n\n<p><mark style=\"background-color:rgba(0, 0, 0, 0)\" class=\"has-inline-color has-orange-color\"><strong>\u2022<\/strong> <\/mark> 1 rucksack <br><mark style=\"background-color:rgba(0, 0, 0, 0)\" class=\"has-inline-color has-orange-color\"><strong>\u2022<\/strong><\/mark> 1 water bottle and 1 snack<br><mark style=\"background-color:rgba(0, 0, 0, 0)\" class=\"has-inline-color has-orange-color\"><strong>\u2022<\/strong><\/mark> 1 helmet<br><strong><mark style=\"background-color:rgba(0, 0, 0, 0)\" class=\"has-inline-color has-orange-color\">\u2022<\/mark><\/strong> 1 pair of suitable shoes<br><strong><mark style=\"background-color:rgba(0, 0, 0, 0)\" class=\"has-inline-color has-orange-color\">\u2022<\/mark><\/strong> 1 rain jacket<br><strong><mark style=\"background-color:rgba(0, 0, 0, 0)\" class=\"has-inline-color has-orange-color\">\u2022<\/mark><\/strong> 1 sun cream<br><strong><mark style=\"background-color:rgba(0, 0, 0, 0)\" class=\"has-inline-color has-orange-color\">\u2022<\/mark><\/strong> 1 bicycle pump<br><strong><mark style=\"background-color:rgba(0, 0, 0, 0)\" class=\"has-inline-color has-orange-color\">\u2022<\/mark><\/strong> 1 bicycle repair kit (inner tube + patches) <br><strong><mark style=\"background-color:rgba(0, 0, 0, 0)\" class=\"has-inline-color has-orange-color\">\u2022<\/mark><\/strong> 1 route map<br><mark style=\"background-color:rgba(0, 0, 0, 0)\" class=\"has-inline-color has-orange-color\"><strong>\u2022<\/strong> <\/mark>1 mobile phone<\/p>\n<\/div>\n\n\n\n<div class=\"wp-block-column is-layout-flow wp-block-column-is-layout-flow\">\n<div class=\"wp-block-cover alignwide is-light border border-info p-4 card h-100\" style=\"min-height:283px;aspect-ratio:unset;\"><img loading=\"lazy\" decoding=\"async\" width=\"522\" height=\"700\" class=\"wp-block-cover__image-background wp-image-10084\" alt=\"Cycling through the C\u00f4tes d&#039;Armor\" src=\"https:\/\/www.mirabel-4vaulx.com\/wp-content\/uploads\/2024\/04\/test-Personnalise.png\" data-object-fit=\"cover\" srcset=\"https:\/\/www.mirabel-4vaulx.com\/wp-content\/uploads\/2024\/04\/test-Personnalise.png 522w, https:\/\/www.mirabel-4vaulx.com\/wp-content\/uploads\/2024\/04\/test-Personnalise-224x300.png 224w\" sizes=\"auto, (max-width: 522px) 100vw, 522px\" \/><span aria-hidden=\"true\" class=\"wp-block-cover__background has-turquoise-background-color has-background-dim\"><\/span><div class=\"wp-block-cover__inner-container is-layout-flow wp-block-cover-is-layout-flow\">\n<p class=\"has-text-align-center has-white-color has-text-color has-large-font-size\"><strong>PRACTICE :<\/strong><\/p>\n\n\n\n<ul id=\"block-74e78794-c64c-4000-94da-07f371a8454f\" class=\"wp-block-list has-white-color has-text-color\">\n<li>Saint-Cast : Download the maps of the walking routes:&nbsp;<a rel=\"noreferrer noopener\" href=\"https:\/\/www.campings-vert-bleu.com\/wp-content\/uploads\/2016\/08\/ST-CAST-CARTE-RANDO-VELO2-1.pdf\" target=\"_blank\">cycle paths <\/a>&amp;&nbsp; <a href=\"https:\/\/www.campings-vert-bleu.com\/wp-content\/uploads\/2016\/08\/ST-CAST-CARTE-RANDO2.pdf\">hiking paths<\/a>&nbsp;<\/li>\n\n\n\n<li><a rel=\"noreferrer noopener\" href=\"https:\/\/www.saintcast-aventure.com\/location-de-velos\/\" target=\"_blank\">Bike hire<\/a>, delivered to your campsite!<\/li>\n<\/ul>\n<\/div><\/div>\n<\/div>\n<\/div>\n\n\n\n<p class=\"has-text-align-center texte-rond has-large-font-size\">Other experiments <\/p>\n\n\n\n<div style=\"height:15px\" aria-hidden=\"true\" class=\"wp-block-spacer\"><\/div>\n\n\n\n<div class=\"wp-block-create-block-sevgutenberg-navigation aligncenter front-page-section grey\"><aside class=\"encart-sev-navigation small carre\"><a href=\"https:\/\/www.mirabel-4vaulx.com\/en\/experiences\/shellfish-and-fishing-experience\/\" class=\"d-flex flex-column align-items-center\"><div class=\"encart-title\"><span>Fishing on foot<\/span><\/div><div class=\"vague\"><\/div><img decoding=\"async\" src=\"https:\/\/www.mirabel-4vaulx.com\/wp-content\/uploads\/2022\/10\/2-peche-a-pied-enfant-balade-1.jpg\" alt=\"fishing on foot\"\/><div class=\"ligne\"><\/div><div class=\"hover\"><\/div><\/a><\/aside><\/div>","protected":false},"excerpt":{"rendered":"<p>Sillonnez les C\u00f4tes d\u2019Armor \u00e0 v\u00e9lo En vacances on aime prendre le temps d\u2019explorer la r\u00e9gion que l\u2019on a s\u00e9lectionn\u00e9 [&hellip;]<\/p>\n","protected":false},"author":1,"featured_media":0,"parent":272,"menu_order":0,"comment_status":"closed","ping_status":"closed","template":"","meta":{"_seopress_robots_primary_cat":"","_seopress_titles_title":"Sillonnez les C\u00f4tes d\u2019Armor \u00e0 v\u00e9lo pendant les vacances","_seopress_titles_desc":"Baladez vous aux alentours de votre camping et d\u00e9couvrez les paysages des C\u00f4tes D'Armor","_seopress_robots_index":"","footnotes":""},"class_list":["post-889","page","type-page","status-publish","hentry"],"_links":{"self":[{"href":"https:\/\/www.mirabel-4vaulx.com\/en\/wp-json\/wp\/v2\/pages\/889","targetHints":{"allow":["GET"]}}],"collection":[{"href":"https:\/\/www.mirabel-4vaulx.com\/en\/wp-json\/wp\/v2\/pages"}],"about":[{"href":"https:\/\/www.mirabel-4vaulx.com\/en\/wp-json\/wp\/v2\/types\/page"}],"author":[{"embeddable":true,"href":"https:\/\/www.mirabel-4vaulx.com\/en\/wp-json\/wp\/v2\/users\/1"}],"replies":[{"embeddable":true,"href":"https:\/\/www.mirabel-4vaulx.com\/en\/wp-json\/wp\/v2\/comments?post=889"}],"version-history":[{"count":31,"href":"https:\/\/www.mirabel-4vaulx.com\/en\/wp-json\/wp\/v2\/pages\/889\/revisions"}],"predecessor-version":[{"id":10209,"href":"https:\/\/www.mirabel-4vaulx.com\/en\/wp-json\/wp\/v2\/pages\/889\/revisions\/10209"}],"up":[{"embeddable":true,"href":"https:\/\/www.mirabel-4vaulx.com\/en\/wp-json\/wp\/v2\/pages\/272"}],"wp:attachment":[{"href":"https:\/\/www.mirabel-4vaulx.com\/en\/wp-json\/wp\/v2\/media?parent=889"}],"curies":[{"name":"wp","href":"https:\/\/api.w.org\/{rel}","templated":true}]}}