{"id":77,"date":"2021-12-10T14:28:16","date_gmt":"2021-12-10T13:28:16","guid":{"rendered":"https:\/\/www.campinglarenaudiere.com\/?page_id=77"},"modified":"2025-06-25T11:39:06","modified_gmt":"2025-06-25T09:39:06","slug":"access-campsite-saint-cast-le-guildo","status":"publish","type":"page","link":"https:\/\/www.mirabel-4vaulx.com\/en\/acces-camping-saint-cast-le-guildo\/","title":{"rendered":"Access"},"content":{"rendered":"<h1 class=\"wp-block-heading\" id=\"comment-venir-au-camping-la-renaudiere\"><strong>How do I get to Les 4 Vaulx?<\/strong><\/h1>\n\n\n\n<div class=\"wp-block-columns is-layout-flex wp-container-core-columns-is-layout-28f84493 wp-block-columns-is-layout-flex\">\n<div class=\"wp-block-column is-vertically-aligned-center border border-info card pt-4 is-layout-flow wp-block-column-is-layout-flow\" style=\"flex-basis:40%\">\n<div class=\"wp-block-group is-layout-flow wp-block-group-is-layout-flow\">\n<p class=\"has-text-align-center\"><strong>Campsite Les 4 Vaulx<\/strong><br><\/p>\n\n\n\n<p class=\"has-text-align-center\">4 Vaulx beach<\/p>\n\n\n\n<p class=\"has-text-align-center\">22 380 Saint-Cast-le-Guildo<\/p>\n<\/div>\n\n\n\n<div style=\"height:15px\" aria-hidden=\"true\" class=\"wp-block-spacer\"><\/div>\n\n\n\n<p class=\"has-text-align-center\"><strong>Next to the campsite :<\/strong><br><\/p>\n\n\n\n<p class=\"has-text-align-center\">Matignon supermarket - 5 km<br>Saint-Malo station - 33 km<br>Lamballe station - 28 km<\/p>\n\n\n\n<div style=\"height:13px\" aria-hidden=\"true\" class=\"wp-block-spacer\"><\/div>\n\n\n\n<div class=\"wp-block-buttons is-horizontal is-content-justification-center is-layout-flex wp-container-core-buttons-is-layout-03627597 wp-block-buttons-is-layout-flex\">\n<div class=\"wp-block-button\"><a class=\"wp-block-button__link has-turquoise-background-color has-background wp-element-button\" href=\"https:\/\/www.mirabel-4vaulx.com\/en\/contact-camping-4vaulx\/\">Contact<\/a><\/div>\n<\/div>\n\n\n\n<p class=\"has-text-align-center\"><\/p>\n<\/div>\n\n\n\n<div class=\"wp-block-column is-layout-flow wp-block-column-is-layout-flow\" style=\"flex-basis:60%\">\n<iframe src=\"https:\/\/www.google.com\/maps\/embed?pb=!1m18!1m12!1m3!1d2638.83304382696!2d-2.2280540485324174!3d48.59389552714507!2m3!1f0!2f0!3f0!3m2!1i1024!2i768!4f13.1!3m3!1m2!1s0x480e7a45bba8100b%3A0xa164c4afff09fa9d!2sCamping%20Les%204%20Vaulx!5e0!3m2!1sfr!2sfr!4v1666612673913!5m2!1sfr!2sfr\" width=\"100%\" height=\"370\" style=\"border:0;\" allowfullscreen=\"\" loading=\"lazy\" referrerpolicy=\"no-referrer-when-downgrade\"><\/iframe>\n<\/div>\n<\/div>\n\n\n\n<figure class=\"wp-block-image alignright size-full is-resized\"><img decoding=\"async\" src=\"https:\/\/www.campinglarenaudiere.com\/wp-content\/uploads\/2022\/01\/etoile.png\" alt=\"campsite bretagne saint cast le guildo\" class=\"wp-image-2111\" style=\"width:160px;height:165px\"\/><\/figure>\n\n\n\n<p class=\"texte-rond has-orange-color has-text-color has-large-font-size\">Our route planner for Saint-Cast-le-Guildo<\/p>\n\n\n\n<p><strong>By road from Paris :<\/strong> approximately 4h30 from the A11. Join the A10 towards Bordeaux\/Nantes - Join the A11 towards the A81 Rennes and Nantes - Continue on the A81 - Exit to join the N136 towards Saint-Malo\/Porte de la Rougourdi\u00e8re - Continue on the N176 - Arrive on the D19 Saint-Cast-le-Guildo<\/p>\n\n\n\n<p><strong>By road from Nantes&nbsp;<\/strong>Approximately 2h30. Join the A844 towards Rennes - Take the E3 (exit 37) towards Porte de Rennes N137 - On the D137 take the direction Porte de Saint-Malo\/Dinan - Follow the N176 towards Dinan\/Saint-Brieuc - Continue on the D766 before joining the D19 at Saint-Cast-le-Guildo.<\/p>\n\n\n\n<p><strong>By train :<\/strong> Access to Lamballe or Saint-Malo SNCF stations<br><strong>By plane :<\/strong> Rennes Airport<\/p>\n\n\n\n<p class=\"has-text-align-center texte-rond mt-5 has-large-font-size\">Discover the campsite<\/p>\n\n\n\n<div class=\"wp-block-columns are-vertically-aligned-center h-20 front-page-section grey is-layout-flex wp-container-core-columns-is-layout-28f84493 wp-block-columns-is-layout-flex\">\n<div class=\"wp-block-column is-layout-flow wp-block-column-is-layout-flow\"><\/div>\n\n\n\n<div class=\"wp-block-column is-layout-flow wp-block-column-is-layout-flow\">\n<div class=\"wp-block-create-block-sevgutenberg-navigation\"><aside class=\"encart-sev-navigation small carre\"><a href=\"https:\/\/www.mirabel-4vaulx.com\/en\/contact-camping-4vaulx\/\" class=\"d-flex flex-column align-items-center\"><div class=\"encart-title\"><span>Contact<\/span><\/div><div class=\"vague\"><\/div><img decoding=\"async\" src=\"https:\/\/www.mirabel-4vaulx.com\/wp-content\/uploads\/2022\/10\/information-touristiques-accueil.jpg\" alt=\"tourist information\"\/><div class=\"ligne\"><\/div><div class=\"hover\"><\/div><\/a><\/aside><\/div>\n<\/div>\n\n\n\n<div class=\"wp-block-column is-vertically-aligned-center is-layout-flow wp-block-column-is-layout-flow\">\n<div class=\"wp-block-create-block-sevgutenberg-navigation\"><aside class=\"encart-sev-navigation small carre\"><a href=\"https:\/\/www.mirabel-4vaulx.com\/en\/saint-cast-le-guildo\/\" class=\"d-flex flex-column align-items-center\"><div class=\"encart-title\"><span>Saint-Cast-Le-Guildo<\/span><\/div><div class=\"vague\"><\/div><img decoding=\"async\" src=\"https:\/\/www.mirabel-4vaulx.com\/wp-content\/uploads\/2022\/10\/hedaer-page-st-cast-pen-ge-2.jpg\" alt=\"saint cast le guildo beach\"\/><div class=\"ligne\"><\/div><div class=\"hover\"><\/div><\/a><\/aside><\/div>\n<\/div>\n\n\n\n<div class=\"wp-block-column is-vertically-aligned-center is-layout-flow wp-block-column-is-layout-flow\">\n<div class=\"wp-block-create-block-sevgutenberg-navigation\"><aside class=\"encart-sev-navigation small carre\"><a href=\"https:\/\/www.mirabel-4vaulx.com\/en\/experiences\/\" class=\"d-flex flex-column align-items-center\"><div class=\"encart-title\"><span>Experiences<\/span><\/div><div class=\"vague\"><\/div><img decoding=\"async\" src=\"https:\/\/www.mirabel-4vaulx.com\/wp-content\/uploads\/2022\/10\/2-peche-a-pied-enfant-balade-1.jpg\" alt=\"fishing on foot\"\/><div class=\"ligne\"><\/div><div class=\"hover\"><\/div><\/a><\/aside><\/div>\n<\/div>\n\n\n\n<div class=\"wp-block-column is-layout-flow wp-block-column-is-layout-flow\"><\/div>\n<\/div>","protected":false},"excerpt":{"rendered":"<p>Comment venir au camping Les 4 Vaulx&nbsp;? Camping Les 4 Vaulx Plage des 4 Vaulx 22 380 Saint-Cast-le-Guildo A c\u00f4t\u00e9 [&hellip;]<\/p>\n","protected":false},"author":1,"featured_media":0,"parent":0,"menu_order":0,"comment_status":"closed","ping_status":"closed","template":"","meta":{"_seopress_robots_primary_cat":"","_seopress_titles_title":"Acc\u00e8s camping 2 \u00e9toiles Saint-Cast-le-Guildo C\u00f4tes-d'Armor","_seopress_titles_desc":"D\u00e9couvrez comment acc\u00e9der au camping 2 \u00e9toiles Les 4 Vaulx en C\u00f4tes-d'Armor pour profiter de votre prochain s\u00e9jour en camping  \u00e0 Saint-Cast-le-Guildo","_seopress_robots_index":"","footnotes":""},"class_list":["post-77","page","type-page","status-publish","hentry"],"_links":{"self":[{"href":"https:\/\/www.mirabel-4vaulx.com\/en\/wp-json\/wp\/v2\/pages\/77","targetHints":{"allow":["GET"]}}],"collection":[{"href":"https:\/\/www.mirabel-4vaulx.com\/en\/wp-json\/wp\/v2\/pages"}],"about":[{"href":"https:\/\/www.mirabel-4vaulx.com\/en\/wp-json\/wp\/v2\/types\/page"}],"author":[{"embeddable":true,"href":"https:\/\/www.mirabel-4vaulx.com\/en\/wp-json\/wp\/v2\/users\/1"}],"replies":[{"embeddable":true,"href":"https:\/\/www.mirabel-4vaulx.com\/en\/wp-json\/wp\/v2\/comments?post=77"}],"version-history":[{"count":8,"href":"https:\/\/www.mirabel-4vaulx.com\/en\/wp-json\/wp\/v2\/pages\/77\/revisions"}],"predecessor-version":[{"id":10202,"href":"https:\/\/www.mirabel-4vaulx.com\/en\/wp-json\/wp\/v2\/pages\/77\/revisions\/10202"}],"wp:attachment":[{"href":"https:\/\/www.mirabel-4vaulx.com\/en\/wp-json\/wp\/v2\/media?parent=77"}],"curies":[{"name":"wp","href":"https:\/\/api.w.org\/{rel}","templated":true}]}}