{"id":56,"date":"2021-12-10T14:21:02","date_gmt":"2021-12-10T13:21:02","guid":{"rendered":"https:\/\/www.campinglarenaudiere.com\/?page_id=56"},"modified":"2025-06-25T11:40:55","modified_gmt":"2025-06-25T09:40:55","slug":"cocosweet-rental","status":"publish","type":"page","link":"https:\/\/www.mirabel-4vaulx.com\/en\/location-cocosweet\/","title":{"rendered":"Coco Sweet"},"content":{"rendered":"<h1 class=\"wp-block-heading\" id=\"location-de-mobil-home-au-camping-4-etoiles-en-loire-atlantique\">Les Cocos Sweet - the comfortable, fully-equipped tent<\/h1>\n\n\n\n<p class=\"has-text-align-center\">For those who dream of travelling light and with a clear mind, opt for our Cocos Sweet and sit down facing the sea.<\/p>\n\n\n\n<div class=\"wp-block-media-text alignwide has-media-on-the-right is-stacked-on-mobile is-image-fill-element animate right\"><div class=\"wp-block-media-text__content\">\n<h2 class=\"wp-block-heading\"><strong>Your camping holiday with added comfort<\/strong><\/h2>\n\n\n\n<figure class=\"wp-block-image size-full\"><img loading=\"lazy\" decoding=\"async\" width=\"50\" height=\"8\" src=\"https:\/\/www.mirabel-4vaulx.com\/wp-content\/uploads\/2022\/11\/barre-bleue.png\" alt=\"campsite bretagne saint cast le guildo\" class=\"wp-image-8324\"\/><\/figure>\n\n\n\n<p class=\"justify-content\">Looking for a compromise between a tent and a caravan? <a href=\"https:\/\/www.mirabel-4vaulx.com\/en\/hosting\/coco-sweet\/\">La Coco Sweet<\/a> is made for you! Our <strong>converted tent<\/strong> will appeal to the whole family. Thanks to its <strong>two bedrooms<\/strong>, It can accommodate up to 4 people. With no sanitary facilities, you'll be able to rediscover the pleasure and true spirit of camping, and meet new people in the washing-up area just before the showers. La <strong>small kitchenette<\/strong> you can prepare tasty dishes, which you can enjoy in the garden furniture on the <strong>the terrace<\/strong> of your Coco Sweet, with a <strong>beautiful sea views<\/strong>. So you're still not sure? Book your stay now, from 2 nights and 3 nights minimum in summer.<\/p>\n\n\n\n<p><\/p>\n\n\n\n<div class=\"wp-block-group alignwide is-layout-flow wp-block-group-is-layout-flow\"><\/div>\n\n\n\n<p><\/p>\n<\/div><figure class=\"wp-block-media-text__media\"><img loading=\"lazy\" decoding=\"async\" width=\"1024\" height=\"683\" src=\"https:\/\/www.mirabel-4vaulx.com\/wp-content\/uploads\/2022\/10\/coco-sweet-chambre-location-1024x683.jpg\" alt=\"coco sweet\" class=\"wp-image-7554 size-full\" style=\"object-position:50% 50%\" srcset=\"https:\/\/www.mirabel-4vaulx.com\/wp-content\/uploads\/2022\/10\/coco-sweet-chambre-location-1024x683.jpg 1024w, https:\/\/www.mirabel-4vaulx.com\/wp-content\/uploads\/2022\/10\/coco-sweet-chambre-location-300x200.jpg 300w, https:\/\/www.mirabel-4vaulx.com\/wp-content\/uploads\/2022\/10\/coco-sweet-chambre-location-768x512.jpg 768w, https:\/\/www.mirabel-4vaulx.com\/wp-content\/uploads\/2022\/10\/coco-sweet-chambre-location.jpg 1200w\" sizes=\"auto, (max-width: 1024px) 100vw, 1024px\" \/><\/figure><\/div>\n\n\n\n<div style=\"height:46px\" aria-hidden=\"true\" class=\"wp-block-spacer\"><\/div>\n\n\n\n<h2 class=\"wp-block-heading\"><strong>Rental <\/strong>of a converted tent in Saint-Cast-le-Guildo<\/h2>\n\n\n\n<figure class=\"wp-block-image size-full\"><img loading=\"lazy\" decoding=\"async\" width=\"50\" height=\"8\" src=\"https:\/\/www.mirabel-4vaulx.com\/wp-content\/uploads\/2022\/11\/barre-bleue.png\" alt=\"campsite bretagne saint cast le guildo\" class=\"wp-image-8324\"\/><\/figure>\n\n\n<p><ctv-availability data-product-id=\"110663\" data-background-color=\"#FFFFFFFF\" data-month=\"05\"><\/ctv-availability><\/p>\n\n\n\n<div style=\"height:65px\" aria-hidden=\"true\" class=\"wp-block-spacer\"><\/div>\n\n\n\n<div class=\"wp-block-columns is-layout-flex wp-container-core-columns-is-layout-28f84493 wp-block-columns-is-layout-flex\">\n<div class=\"wp-block-column has-white-color has-text-color is-layout-flow wp-block-column-is-layout-flow\" id=\"options\">\n<div class=\"wp-block-group card h-100 pl-4 pr-4 pt-4 rounded-lg border border-info is-layout-flow wp-block-group-is-layout-flow\">\n<p class=\"has-text-align-left has-turquoise-color has-text-color has-medium-font-size\"><img decoding=\"async\" class=\"wp-image-1933\" style=\"width: 50px;\" src=\"https:\/\/www.campinglarenaudiere.com\/wp-content\/uploads\/2021\/12\/etoile.png\" alt=\"star\">   &nbsp;      <strong>OPTIONAL<\/strong><\/p>\n\n\n\n<figure class=\"wp-block-table text-left table-tarifs\"><table class=\"has-turquoise-color has-text-color\"><tbody><tr><td><mark style=\"background-color:rgba(0, 0, 0, 0)\" class=\"has-inline-color has-orange-color\"><strong><mark style=\"background-color:rgba(0, 0, 0, 0)\" class=\"has-inline-color has-orange-color\">\u2022<\/mark> <\/strong> <\/mark><strong>Sheet hire<\/strong>s<\/td><td class=\"has-text-align-left\" data-align=\"left\"><strong>12\u20ac\/15\u20ac<\/strong>                 <\/td><\/tr><tr><td><strong> <mark style=\"background-color:rgba(0, 0, 0, 0)\" class=\"has-inline-color has-orange-color\">\u2022<\/mark> <\/strong> <strong>Baby kit hire<br><\/strong><em>(Cot, potty, bath and high chair) <\/em><\/td><td class=\"has-text-align-left\" data-align=\"left\"><strong>3\/day<\/strong><\/td><\/tr><tr><td><strong> <mark style=\"background-color:rgba(0, 0, 0, 0)\" class=\"has-inline-color has-orange-color\">\u2022<\/mark> <\/strong> <strong>Pets allowed  <em><br><\/em><\/strong><em>(cats and dogs, excluding cat. 1 and 2, <\/em><br><em>maximum 2 per pitch)<\/em> <\/td><td class=\"has-text-align-left\" data-align=\"left\"><strong>3\/night <\/strong><\/td><\/tr><tr><td><strong><mark style=\"background-color:rgba(0, 0, 0, 0)\" class=\"has-inline-color has-orange-color\"> \u2022<\/mark> Additional vehicle<\/strong><\/td><td class=\"has-text-align-left\" data-align=\"left\"><strong>3\/day<\/strong><\/td><\/tr><tr><td><strong><mark style=\"background-color:rgba(0, 0, 0, 0)\" class=\"has-inline-color has-orange-color\"> \u2022<\/mark> Motorhome cassette draining<\/strong><\/td><td class=\"has-text-align-left\" data-align=\"left\"><strong>5\u20ac<\/strong><\/td><\/tr><\/tbody><\/table><\/figure>\n\n\n\n<p><\/p>\n<\/div>\n<\/div>\n\n\n\n<div class=\"wp-block-column is-vertically-aligned-top has-orange-color has-white-color has-text-color is-layout-flow wp-block-column-is-layout-flow\">\n<div class=\"wp-block-cover aligncenter card h-100 pl-4 pr-4 pt-4 rounded-lg border border-info\"><img decoding=\"async\" class=\"wp-block-cover__image-background wp-image-1376\" alt=\"\" src=\"https:\/\/www.campinglarenaudiere.com\/wp-content\/uploads\/2022\/01\/services-camping-Pornic.jpg\" style=\"object-position:61% 50%\" data-object-fit=\"cover\" data-object-position=\"61% 50%\"\/><span aria-hidden=\"true\" class=\"wp-block-cover__background has-turquoise-background-color has-background-dim-80 has-background-dim\"><\/span><div class=\"wp-block-cover__inner-container is-layout-flow wp-block-cover-is-layout-flow\">\n<p class=\"has-text-align-center has-medium-font-size\"><img decoding=\"async\" class=\"wp-image-1977\" style=\"width: 70px;\" src=\"https:\/\/www.campinglarenaudiere.com\/wp-content\/uploads\/2021\/12\/smile-blanc.png\" alt=\"campsite bretagne saint cast le guildo\"> \u00a0 <strong>PRACTICE<\/strong><\/p>\n\n\n\n<div style=\"height:18px\" aria-hidden=\"true\" class=\"wp-block-spacer\"><\/div>\n\n\n\n<p class=\"wp-block-sev-picto-text\"><i class=\"fa fa-calendar-alt\"><\/i><span>Bookings for a minimum of 2 nights in low season, and a minimum of 3 nights in July and August.<\/span><\/p>\n\n\n\n<p class=\"wp-block-sev-picto-text\"><i class=\"fa fa-clock\"><\/i><span>Arrivals from 3pm and departures until 10am for rentals<\/span><\/p>\n\n\n\n<div style=\"height:32px\" aria-hidden=\"true\" class=\"wp-block-spacer\"><\/div>\n\n\n\n<p class=\"has-text-align-center\"><strong>Reception opening times <\/strong> <br><img decoding=\"async\" class=\"wp-image-4325\" style=\"width: 49px;\" src=\"https:\/\/www.campinglarenaudiere.com\/wp-content\/uploads\/2021\/12\/barre-camping-1.png\" alt=\"\"> <\/p>\n\n\n\n<p class=\"has-text-align-center\">Low season: 10am to 12pm and 2pm to 6pm<br>July - August<em>&nbsp;<\/em>9am to 12pm and 2pm to 7pm<\/p>\n\n\n\n<p><\/p>\n<\/div><\/div>\n<\/div>\n<\/div>\n\n\n\n<p class=\"has-text-align-center texte-rond mt-5 has-large-font-size\">Discover the campsite<\/p>\n\n\n\n<div class=\"wp-block-columns are-vertically-aligned-center h-20 front-page-section grey is-layout-flex wp-container-core-columns-is-layout-28f84493 wp-block-columns-is-layout-flex\">\n<div class=\"wp-block-column is-layout-flow wp-block-column-is-layout-flow\"><\/div>\n\n\n\n<div class=\"wp-block-column is-layout-flow wp-block-column-is-layout-flow\">\n<div class=\"wp-block-create-block-sevgutenberg-navigation\"><aside class=\"encart-sev-navigation small carre\"><a href=\"https:\/\/www.mirabel-4vaulx.com\/en\/restaurant-bar-snack\/\" class=\"d-flex flex-column align-items-center\"><div class=\"encart-title\"><span>Restaurant Brasserie<\/span><\/div><div class=\"vague\"><\/div><img decoding=\"async\" src=\"https:\/\/www.mirabel-4vaulx.com\/wp-content\/uploads\/2022\/10\/la-cabane-viande-plat-frites.jpg\" alt=\"flat la cabane\"\/><div class=\"ligne\"><\/div><div class=\"hover\"><\/div><\/a><\/aside><\/div>\n<\/div>\n\n\n\n<div class=\"wp-block-column is-vertically-aligned-center is-layout-flow wp-block-column-is-layout-flow\">\n<div class=\"wp-block-create-block-sevgutenberg-navigation\"><aside class=\"encart-sev-navigation small carre\"><a href=\"https:\/\/www.mirabel-4vaulx.com\/en\/camping-services\/\" class=\"d-flex flex-column align-items-center\"><div class=\"encart-title\"><span>Services<\/span><\/div><div class=\"vague\"><\/div><img decoding=\"async\" src=\"https:\/\/www.mirabel-4vaulx.com\/wp-content\/uploads\/2022\/10\/information-touristiques-accueil.jpg\" alt=\"tourist information\"\/><div class=\"ligne\"><\/div><div class=\"hover\"><\/div><\/a><\/aside><\/div>\n<\/div>\n\n\n\n<div class=\"wp-block-column is-vertically-aligned-center is-layout-flow wp-block-column-is-layout-flow\">\n<div class=\"wp-block-create-block-sevgutenberg-navigation\"><aside class=\"encart-sev-navigation small carre\"><a href=\"https:\/\/www.mirabel-4vaulx.com\/en\/experiences\/\" class=\"d-flex flex-column align-items-center\"><div class=\"encart-title\"><span>Experiences<\/span><\/div><div class=\"vague\"><\/div><img decoding=\"async\" src=\"https:\/\/www.mirabel-4vaulx.com\/wp-content\/uploads\/2022\/10\/2-peche-a-pied-enfant-balade-1.jpg\" alt=\"fishing on foot\"\/><div class=\"ligne\"><\/div><div class=\"hover\"><\/div><\/a><\/aside><\/div>\n<\/div>\n\n\n\n<div class=\"wp-block-column is-layout-flow wp-block-column-is-layout-flow\"><\/div>\n<\/div>","protected":false},"excerpt":{"rendered":"<p>Les Cocos Sweet &#8211; la tente confort et am\u00e9nag\u00e9e Pour ceux qui r\u00eavent de voyager l\u00e9ger et l\u2019esprit lib\u00e9r\u00e9, optez [&hellip;]<\/p>\n","protected":false},"author":1,"featured_media":0,"parent":0,"menu_order":0,"comment_status":"closed","ping_status":"closed","template":"","meta":{"_seopress_robots_primary_cat":"","_seopress_titles_title":"Location Coco Sweet \u00e0 Saint Cast le Guildo Les 4 Vaulx","_seopress_titles_desc":"Pour mieux pr\u00e9parer vos vacances en C\u00f4tes d'Armor, retrouvez toutes les informations sur nos locations de Coco Sweet \u00e0 Saint Cast le Guildo","_seopress_robots_index":"","footnotes":""},"class_list":["post-56","page","type-page","status-publish","hentry"],"_links":{"self":[{"href":"https:\/\/www.mirabel-4vaulx.com\/en\/wp-json\/wp\/v2\/pages\/56","targetHints":{"allow":["GET"]}}],"collection":[{"href":"https:\/\/www.mirabel-4vaulx.com\/en\/wp-json\/wp\/v2\/pages"}],"about":[{"href":"https:\/\/www.mirabel-4vaulx.com\/en\/wp-json\/wp\/v2\/types\/page"}],"author":[{"embeddable":true,"href":"https:\/\/www.mirabel-4vaulx.com\/en\/wp-json\/wp\/v2\/users\/1"}],"replies":[{"embeddable":true,"href":"https:\/\/www.mirabel-4vaulx.com\/en\/wp-json\/wp\/v2\/comments?post=56"}],"version-history":[{"count":34,"href":"https:\/\/www.mirabel-4vaulx.com\/en\/wp-json\/wp\/v2\/pages\/56\/revisions"}],"predecessor-version":[{"id":10207,"href":"https:\/\/www.mirabel-4vaulx.com\/en\/wp-json\/wp\/v2\/pages\/56\/revisions\/10207"}],"wp:attachment":[{"href":"https:\/\/www.mirabel-4vaulx.com\/en\/wp-json\/wp\/v2\/media?parent=56"}],"curies":[{"name":"wp","href":"https:\/\/api.w.org\/{rel}","templated":true}]}}