{"id":43,"date":"2021-12-10T14:15:21","date_gmt":"2021-12-10T13:15:21","guid":{"rendered":"https:\/\/www.campinglarenaudiere.com\/?page_id=43"},"modified":"2025-06-25T11:33:11","modified_gmt":"2025-06-25T09:33:11","slug":"sports-and-leisure-activities","status":"publish","type":"page","link":"https:\/\/www.mirabel-4vaulx.com\/en\/activites-sports-loisirs\/","title":{"rendered":"Sports and leisure"},"content":{"rendered":"<h1 class=\"wp-block-heading\" id=\"faites-le-plein-d-activites-au-camping-la-renaudiere\"><strong>A campsite with many activities nearby<\/strong><\/h1>\n\n\n\n<p class=\"has-text-align-center\">When you stay at Les 4 Vaulx campsite in Saint-Cast-le-Guildo, you'll enjoy the peace and quiet of its natural setting, its proximity to the GR34 and its facilities for all the family.<\/p>\n\n\n\n<figure class=\"wp-block-image aligncenter size-full\"><img decoding=\"async\" src=\"https:\/\/www.campinglarenaudiere.com\/wp-content\/uploads\/2022\/01\/barre-bleue.png\" alt=\"campsite bretagne saint cast le guildo\" class=\"wp-image-2382\"\/><\/figure>\n\n\n\n<div style=\"height:30px\" aria-hidden=\"true\" class=\"wp-block-spacer\"><\/div>\n\n\n\n<div class=\"wp-block-media-text alignwide has-media-on-the-right is-stacked-on-mobile animate right\"><div class=\"wp-block-media-text__content\">\n<p class=\"texte-rond has-orange-color has-text-color has-large-font-size\">Indoor and outdoor games for everyone<\/p>\n\n\n\n<p>For children and adults alike, there's something for everyone:<\/p>\n\n\n\n<ul class=\"wp-block-list\">\n<li>A <strong>play area<\/strong> with slide, swings and secure, delimited sandpit<\/li>\n\n\n\n<li>A <strong>boulodrome<\/strong> for your petanque, shuffleboard or M\u00f6lkky games<\/li>\n\n\n\n<li>A table of <strong>table tennis<\/strong> to face your loved ones<\/li>\n\n\n\n<li>A <strong>relaxation room<\/strong> with fridge, freezer, microwave, kettle, library and board games<\/li>\n<\/ul>\n\n\n\n<figure class=\"wp-block-image alignright size-full is-resized\"><img decoding=\"async\" src=\"https:\/\/www.campinglarenaudiere.com\/wp-content\/uploads\/2022\/01\/tennis.png\" alt=\"sporting activities: tennis\" class=\"wp-image-2323\"\/><\/figure>\n<\/div><figure class=\"wp-block-media-text__media\"><img loading=\"lazy\" decoding=\"async\" width=\"1024\" height=\"683\" src=\"https:\/\/www.mirabel-4vaulx.com\/wp-content\/uploads\/2022\/10\/1-aire-jeu-balancoire-1024x683.jpg\" alt=\"play area\" class=\"wp-image-7474 size-full\" srcset=\"https:\/\/www.mirabel-4vaulx.com\/wp-content\/uploads\/2022\/10\/1-aire-jeu-balancoire-1024x683.jpg 1024w, https:\/\/www.mirabel-4vaulx.com\/wp-content\/uploads\/2022\/10\/1-aire-jeu-balancoire-300x200.jpg 300w, https:\/\/www.mirabel-4vaulx.com\/wp-content\/uploads\/2022\/10\/1-aire-jeu-balancoire-768x512.jpg 768w, https:\/\/www.mirabel-4vaulx.com\/wp-content\/uploads\/2022\/10\/1-aire-jeu-balancoire.jpg 1200w\" sizes=\"auto, (max-width: 1024px) 100vw, 1024px\" \/><\/figure><\/div>\n\n\n\n<div style=\"height:14px\" aria-hidden=\"true\" class=\"wp-block-spacer\"><\/div>\n\n\n\n<div class=\"wp-block-media-text alignwide is-stacked-on-mobile is-image-fill-element front-page-section grey animate left\"><figure class=\"wp-block-media-text__media\"><img loading=\"lazy\" decoding=\"async\" width=\"683\" height=\"1024\" src=\"https:\/\/www.mirabel-4vaulx.com\/wp-content\/uploads\/2022\/10\/2-peche-a-pied-enfant-balade-683x1024.jpg\" alt=\"fishing on foot\" class=\"wp-image-7470 size-full\" style=\"object-position:50% 50%\" srcset=\"https:\/\/www.mirabel-4vaulx.com\/wp-content\/uploads\/2022\/10\/2-peche-a-pied-enfant-balade-683x1024.jpg 683w, https:\/\/www.mirabel-4vaulx.com\/wp-content\/uploads\/2022\/10\/2-peche-a-pied-enfant-balade-200x300.jpg 200w, https:\/\/www.mirabel-4vaulx.com\/wp-content\/uploads\/2022\/10\/2-peche-a-pied-enfant-balade-768x1152.jpg 768w, https:\/\/www.mirabel-4vaulx.com\/wp-content\/uploads\/2022\/10\/2-peche-a-pied-enfant-balade.jpg 800w\" sizes=\"auto, (max-width: 683px) 100vw, 683px\" \/><\/figure><div class=\"wp-block-media-text__content\">\n<p class=\"texte-rond has-orange-color has-text-color\" style=\"font-size:32px\">Shore fishing and shellfish farming<\/p>\n\n\n\n<p>If there's one place where your children will naturally understand the <strong>tidal phenomenon<\/strong>, Les 4 Vaulx is the place to be! In the Baie de l'Arguenon, between Cap Fr\u00e9hel and Saint Malo, the tide is the rhythm of the day. The amphibians follow the receding water, while the shellfish farmers bring in the fish. <strong>catch of the day at La Cabane restaurant<\/strong> or at the beach hut (mussels or oysters), and the <strong>fans of <a href=\"https:\/\/www.mirabel-4vaulx.com\/en\/experiences\/shellfish-and-fishing-experience\/\" data-type=\"page\" data-id=\"895\">fishing<\/a><\/strong> cross paths with bathers...<\/p>\n\n\n\n<p><strong>Good to know<\/strong>&nbsp;for <a href=\"https:\/\/www.mirabel-4vaulx.com\/en\/experiences\/shellfish-and-fishing-experience\/\" data-type=\"page\" data-id=\"895\"><strong>Great Tides\u00ab outings<\/strong>&nbsp;\u00bb<\/a> are organised on the beach by the Tourist Office, giving you the chance to find out more about shellfish farming! You can also pick up a rake and bucket for a spot of shellfish harvesting. <a href=\"https:\/\/www.mirabel-4vaulx.com\/en\/experiences\/shellfish-and-fishing-experience\/\" data-type=\"page\" data-id=\"895\">fishing trip with the children<\/a><\/p>\n<\/div><\/div>\n\n\n\n<div style=\"height:14px\" aria-hidden=\"true\" class=\"wp-block-spacer\"><\/div>\n\n\n\n<div class=\"wp-block-media-text alignwide has-media-on-the-right is-stacked-on-mobile is-image-fill-element animate right\"><div class=\"wp-block-media-text__content\">\n<p class=\"texte-rond has-orange-color has-text-color\" style=\"font-size:32px\">The GR34 long-distance footpath for sports enthusiasts<\/p>\n\n\n\n<p>For fans of <strong>walking, running<\/strong> (or just for the sublime views), take the GR34, just over the little wooden bridge over the stream, and then reach the tip of the Bay. Visit <strong>customs trail<\/strong> (GR34), runs alongside the campsite along the Emerald Coast. You'll be able to do some physical activity while <strong>contemplating the sea<\/strong>, the <strong>Ebihens Islands<\/strong> and <strong>numerous coves<\/strong> revealed as the tide goes out. Brittany reveals its secrets to you, and it's at Les 4 Vaulx that it all begins!<\/p>\n\n\n\n<p>If you prefer to cycle, check out our route ideas on the <a href=\"https:\/\/www.mirabel-4vaulx.com\/en\/experiences\/bike-tours\/\" data-type=\"page\" data-id=\"889\">\u00abCycling tours\u00bb<\/a>.<\/p>\n\n\n\n<div style=\"height:54px\" aria-hidden=\"true\" class=\"wp-block-spacer\"><\/div>\n<\/div><figure class=\"wp-block-media-text__media\"><img loading=\"lazy\" decoding=\"async\" width=\"768\" height=\"1024\" src=\"https:\/\/www.mirabel-4vaulx.com\/wp-content\/uploads\/2022\/10\/3-4vaulx_rando-1-768x1024.jpg\" alt=\"hiking\" class=\"wp-image-7466 size-full\" style=\"object-position:50% 50%\" srcset=\"https:\/\/www.mirabel-4vaulx.com\/wp-content\/uploads\/2022\/10\/3-4vaulx_rando-1-768x1024.jpg 768w, https:\/\/www.mirabel-4vaulx.com\/wp-content\/uploads\/2022\/10\/3-4vaulx_rando-1-225x300.jpg 225w, https:\/\/www.mirabel-4vaulx.com\/wp-content\/uploads\/2022\/10\/3-4vaulx_rando-1.jpg 900w\" sizes=\"auto, (max-width: 768px) 100vw, 768px\" \/><\/figure><\/div>\n\n\n\n<p class=\"has-text-align-center texte-rond mt-5 has-large-font-size\">Discover the campsite<\/p>\n\n\n\n<div class=\"wp-block-columns h-20 front-page-section grey is-layout-flex wp-container-core-columns-is-layout-28f84493 wp-block-columns-is-layout-flex\">\n<div class=\"wp-block-column is-layout-flow wp-block-column-is-layout-flow\"><\/div>\n\n\n\n<div class=\"wp-block-column is-layout-flow wp-block-column-is-layout-flow\">\n<div class=\"wp-block-create-block-sevgutenberg-navigation\"><aside class=\"encart-sev-navigation small carre\"><a href=\"https:\/\/www.mirabel-4vaulx.com\/en\/saint-cast-le-guildo\/\" class=\"d-flex flex-column align-items-center\"><div class=\"encart-title\"><span>Saint-Cast-le-Guildo<\/span><\/div><div class=\"vague\"><\/div><img decoding=\"async\" src=\"https:\/\/www.mirabel-4vaulx.com\/wp-content\/uploads\/2022\/10\/hedaer-page-st-cast-pen-ge-2.jpg\" alt=\"saint cast le guildo beach\"\/><div class=\"ligne\"><\/div><div class=\"hover\"><\/div><\/a><\/aside><\/div>\n<\/div>\n\n\n\n<div class=\"wp-block-column is-layout-flow wp-block-column-is-layout-flow\">\n<div class=\"wp-block-create-block-sevgutenberg-navigation\"><aside class=\"encart-sev-navigation small carre\"><a href=\"https:\/\/www.mirabel-4vaulx.com\/en\/cocosweet-rental\/\" class=\"d-flex flex-column align-items-center\"><div class=\"encart-title\"><span>Coco Sweet<\/span><\/div><div class=\"vague\"><\/div><img decoding=\"async\" src=\"https:\/\/www.mirabel-4vaulx.com\/wp-content\/uploads\/2022\/10\/coco-sweet-terrasse-vacances.jpg\" alt=\"coco sweet\"\/><div class=\"ligne\"><\/div><div class=\"hover\"><\/div><\/a><\/aside><\/div>\n<\/div>\n\n\n\n<div class=\"wp-block-column is-layout-flow wp-block-column-is-layout-flow\">\n<div class=\"wp-block-create-block-sevgutenberg-navigation\"><aside class=\"encart-sev-navigation small carre\"><a href=\"https:\/\/www.mirabel-4vaulx.com\/en\/experiences\/\" class=\"d-flex flex-column align-items-center\"><div class=\"encart-title\"><span>Experiences<\/span><\/div><div class=\"vague\"><\/div><img decoding=\"async\" src=\"https:\/\/www.mirabel-4vaulx.com\/wp-content\/uploads\/2022\/10\/2-peche-a-pied-enfant-balade-1.jpg\" alt=\"fishing on foot\"\/><div class=\"ligne\"><\/div><div class=\"hover\"><\/div><\/a><\/aside><\/div>\n<\/div>\n\n\n\n<div class=\"wp-block-column is-layout-flow wp-block-column-is-layout-flow\"><\/div>\n<\/div>\n\n\n\n<div class=\"wp-block-group is-layout-flow wp-block-group-is-layout-flow\">\n<figure class=\"wp-block-image aligncenter size-large is-resized mt-5\"><img decoding=\"async\" src=\"https:\/\/www.campinglarenaudiere.com\/wp-content\/uploads\/2022\/01\/photo-1024x84.png\" alt=\"photo gallery\" class=\"wp-image-2371\"\/><\/figure>\n\n\n\t\t\t<div id=\"sevgallery-712100764\" class=\"sev-diaporama sev-diaporama-portfolio\">\r\n\t\t\t\t<div class=\"row\">\r\n\r\n\t\t\t\t\t\r\n\t\t\t\t\t\t\r\n\t\t\t\t\t\t<div class=\"sev-diaporama-portfolio-item   btnseeall btnseeall-xl col-12 col-md  col-shrink\">\r\n\t\t\t\t\t\t\t<a href=\"https:\/\/www.mirabel-4vaulx.com\/wp-content\/uploads\/2022\/10\/1-aire-jeu-balancoire-1-1024x683.jpg\" data-lightbox=\"sevgallery-712100764\" style=\"background-image: url(https:\/\/www.mirabel-4vaulx.com\/wp-content\/uploads\/2022\/10\/1-aire-jeu-balancoire-1-1024x683.jpg)\">\r\n\t\t\t\t\t\t\t\t<img decoding=\"async\" src=\"https:\/\/www.mirabel-4vaulx.com\/wp-content\/uploads\/2022\/10\/1-aire-jeu-balancoire-1-1024x683.jpg\" alt=\"play area\" loading=\"lazy\">\r\n\t\t\t\t\t\t\t\t\t\t\t\t\t\t\t<\/a>\r\n\t\t\t\t\t\t<\/div>\r\n\r\n\t\t\t\t\t\t\r\n\t\t\t\t\t\t\t\t\t\t\t\t\t\t\t\t\t\r\n\t\t\t\t\t\t\r\n\t\t\t\t\t\t<div class=\"sev-diaporama-portfolio-item   btnseeall btnseeall-xl col-12 col-md\">\r\n\t\t\t\t\t\t\t<a href=\"https:\/\/www.mirabel-4vaulx.com\/wp-content\/uploads\/2022\/10\/2-peche-a-pied-enfant-balade-1-683x1024.jpg\" data-lightbox=\"sevgallery-712100764\" style=\"background-image: url(https:\/\/www.mirabel-4vaulx.com\/wp-content\/uploads\/2022\/10\/2-peche-a-pied-enfant-balade-1-683x1024.jpg)\">\r\n\t\t\t\t\t\t\t\t<img decoding=\"async\" src=\"https:\/\/www.mirabel-4vaulx.com\/wp-content\/uploads\/2022\/10\/2-peche-a-pied-enfant-balade-1-683x1024.jpg\" alt=\"fishing on foot\" loading=\"lazy\">\r\n\t\t\t\t\t\t\t\t\t\t\t\t\t\t\t<\/a>\r\n\t\t\t\t\t\t<\/div>\r\n\r\n\t\t\t\t\t\t\r\n\t\t\t\t\t\t\t\t\t\t\t\t\t\t\t\t\t\r\n\t\t\t\t\t\t\r\n\t\t\t\t\t\t<div class=\"sev-diaporama-portfolio-item   btnseeall btnseeall-xl col-12 col-md  col-shrink\">\r\n\t\t\t\t\t\t\t<a href=\"https:\/\/www.mirabel-4vaulx.com\/wp-content\/uploads\/2022\/10\/3-4vaulx_rando-1-1-768x1024.jpg\" data-lightbox=\"sevgallery-712100764\" style=\"background-image: url(https:\/\/www.mirabel-4vaulx.com\/wp-content\/uploads\/2022\/10\/3-4vaulx_rando-1-1-768x1024.jpg)\">\r\n\t\t\t\t\t\t\t\t<img decoding=\"async\" src=\"https:\/\/www.mirabel-4vaulx.com\/wp-content\/uploads\/2022\/10\/3-4vaulx_rando-1-1-768x1024.jpg\" alt=\"nature walk\" loading=\"lazy\">\r\n\t\t\t\t\t\t\t\t\t\t\t\t\t\t\t<\/a>\r\n\t\t\t\t\t\t<\/div>\r\n\r\n\t\t\t\t\t\t\t\t\t\t\t\t\t<div class=\"w-100\"><\/div>\r\n\t\t\t\t\t\t\t\t\t\t\t\t\t\r\n\t\t\t\t\t\t\t\t\t\t\t\t\t\t\t\t\t\r\n\t\t\t\t\t\t\r\n\t\t\t\t\t\t<div class=\"sev-diaporama-portfolio-item   btnseeall btnseeall-xl col-12 col-md  col-grow\">\r\n\t\t\t\t\t\t\t<a href=\"https:\/\/www.mirabel-4vaulx.com\/wp-content\/uploads\/2022\/10\/barbecue-table-pique-nique-1024x768.jpg\" data-lightbox=\"sevgallery-712100764\" style=\"background-image: url(https:\/\/www.mirabel-4vaulx.com\/wp-content\/uploads\/2022\/10\/barbecue-table-pique-nique-1024x768.jpg)\">\r\n\t\t\t\t\t\t\t\t<img decoding=\"async\" src=\"https:\/\/www.mirabel-4vaulx.com\/wp-content\/uploads\/2022\/10\/barbecue-table-pique-nique-1024x768.jpg\" alt=\"picnic\" loading=\"lazy\">\r\n\t\t\t\t\t\t\t\t\t\t\t\t\t\t\t<\/a>\r\n\t\t\t\t\t\t<\/div>\r\n\r\n\t\t\t\t\t\t\r\n\t\t\t\t\t\t\t\t\t\t\t\t\t\t\t\t\t\r\n\t\t\t\t\t\t\r\n\t\t\t\t\t\t<div class=\"sev-diaporama-portfolio-item  limitsm btnseeall btnseeall-xl col-12 col-md  col-shrink last-visible\">\r\n\t\t\t\t\t\t\t<a href=\"https:\/\/www.mirabel-4vaulx.com\/en\/photos-camping-4vaulx\/\"  style=\"background-image: url(https:\/\/www.mirabel-4vaulx.com\/wp-content\/uploads\/2022\/10\/boulodrome-jeu-petanque-1024x683.jpg)\">\r\n\t\t\t\t\t\t\t\t<img decoding=\"async\" src=\"https:\/\/www.mirabel-4vaulx.com\/wp-content\/uploads\/2022\/10\/boulodrome-jeu-petanque-1024x683.jpg\" alt=\"petanque ground\" loading=\"lazy\">\r\n\t\t\t\t\t\t\t\t\t\t\t\t\t\t\t\t\t<img decoding=\"async\" src=\"https:\/\/www.mirabel-4vaulx.com\/wp-content\/themes\/4vaulx\/assets\/img\/voir-photos.png\" alt=\"\" \/>\r\n\t\t\t\t\t\t\t\t\t<span>See all photos<\/span>\r\n\t\t\t\t\t\t\t\t\t\t\t\t\t\t\t<\/a>\r\n\t\t\t\t\t\t<\/div>\r\n\r\n\t\t\t\t\t\t\r\n\t\t\t\t\t\t\t\t\t\t\t\t\t\t\t\t\t\t\t\t\t<\/div>\r\n\t\t\t<\/div>\r\n\r\n\t\t\t<script>\r\n\t\t\tjQuery(function($) {\r\n\r\n\t\t\t\tvar marginPortfolio = function() {\r\n\r\n\t\t\t\t\tvar $diapo          = $('#sevgallery-712100764');\r\n\t\t\t\t\tvar container_width = $diapo.parent().outerWidth();\r\n\t\t\t\t\tvar side            = ( $(window).innerWidth() - container_width ) \/ 2;\r\n\r\n\t\t\t\t\t$diapo.css( {\r\n\t\t\t\t\t\t'margin-left': '-' + side + 'px',\r\n\t\t\t\t\t\t'margin-right': '-' + side + 'px',\r\n\t\t\t\t\t} );\r\n\t\t\t\t};\r\n\r\n\t\t\t\t$( window ).resize( function() {\r\n\t\t\t\t\tmarginPortfolio();\r\n\t\t\t\t} );\r\n\t\t\t\tmarginPortfolio();\r\n\t\t\t});\r\n\t\t\t<\/script>\r\n\t\t\t\n<\/div>","protected":false},"excerpt":{"rendered":"<p>Un camping avec de multiples activit\u00e9s \u00e0 proximit\u00e9 En s\u00e9journant au camping les 4 Vaulx \u00e0 Saint-Cast-le-Guildo, vous appr\u00e9cierez le [&hellip;]<\/p>\n","protected":false},"author":1,"featured_media":0,"parent":0,"menu_order":0,"comment_status":"closed","ping_status":"closed","template":"","meta":{"_seopress_robots_primary_cat":"","_seopress_titles_title":"Camping avec activit\u00e9s 4 \u00e9toiles Saint Cast le Guildo","_seopress_titles_desc":"Au camping Les 4 Vaulx \u00e0 Saint Cast le Guildo, on ne s'ennuie jamais ! Petits et grands pourront y faire du sport ou s'amuser.","_seopress_robots_index":"","footnotes":""},"class_list":["post-43","page","type-page","status-publish","hentry"],"_links":{"self":[{"href":"https:\/\/www.mirabel-4vaulx.com\/en\/wp-json\/wp\/v2\/pages\/43","targetHints":{"allow":["GET"]}}],"collection":[{"href":"https:\/\/www.mirabel-4vaulx.com\/en\/wp-json\/wp\/v2\/pages"}],"about":[{"href":"https:\/\/www.mirabel-4vaulx.com\/en\/wp-json\/wp\/v2\/types\/page"}],"author":[{"embeddable":true,"href":"https:\/\/www.mirabel-4vaulx.com\/en\/wp-json\/wp\/v2\/users\/1"}],"replies":[{"embeddable":true,"href":"https:\/\/www.mirabel-4vaulx.com\/en\/wp-json\/wp\/v2\/comments?post=43"}],"version-history":[{"count":17,"href":"https:\/\/www.mirabel-4vaulx.com\/en\/wp-json\/wp\/v2\/pages\/43\/revisions"}],"predecessor-version":[{"id":10191,"href":"https:\/\/www.mirabel-4vaulx.com\/en\/wp-json\/wp\/v2\/pages\/43\/revisions\/10191"}],"wp:attachment":[{"href":"https:\/\/www.mirabel-4vaulx.com\/en\/wp-json\/wp\/v2\/media?parent=43"}],"curies":[{"name":"wp","href":"https:\/\/api.w.org\/{rel}","templated":true}]}}