{"id":267,"date":"2022-02-17T10:04:00","date_gmt":"2022-02-17T09:04:00","guid":{"rendered":"https:\/\/www.campinglarenaudiere.com\/?page_id=267"},"modified":"2025-06-25T11:36:58","modified_gmt":"2025-06-25T09:36:58","slug":"cote-demeraude-bretagne","status":"publish","type":"page","link":"https:\/\/www.mirabel-4vaulx.com\/en\/cote-demeraude-bretagne\/","title":{"rendered":"Emerald Coast"},"content":{"rendered":"<h1 class=\"wp-block-heading\">Emerald Coast<\/h1>\n\n\n\n<p class=\"has-text-align-center\">Situated between the departments of Ille-et-Vilaine and C\u00f4tes d'Armor, the Emerald Coast sweeps across the north of Brittany, passing through Cancale, Saint-Malo, Saint-Briac and Cap Fr\u00e9hel.<\/p>\n\n\n\n<figure class=\"wp-block-image aligncenter size-full\"><img loading=\"lazy\" decoding=\"async\" width=\"50\" height=\"8\" src=\"https:\/\/www.mirabel-4vaulx.com\/wp-content\/uploads\/2022\/11\/barre-bleue.png\" alt=\"campsite bretagne saint cast le guildo\" class=\"wp-image-8324\"\/><\/figure>\n\n\n\n<div style=\"height:30px\" aria-hidden=\"true\" class=\"wp-block-spacer\"><\/div>\n\n\n\n<div class=\"wp-block-media-text alignwide is-stacked-on-mobile animate left\"><figure class=\"wp-block-media-text__media\"><img loading=\"lazy\" decoding=\"async\" width=\"1024\" height=\"768\" src=\"https:\/\/www.mirabel-4vaulx.com\/wp-content\/uploads\/2022\/10\/1-cancale-huitre-mont-st-michel-1024x768.jpg\" alt=\"cancale oyster\" class=\"wp-image-7309 size-full\" srcset=\"https:\/\/www.mirabel-4vaulx.com\/wp-content\/uploads\/2022\/10\/1-cancale-huitre-mont-st-michel-1024x768.jpg 1024w, https:\/\/www.mirabel-4vaulx.com\/wp-content\/uploads\/2022\/10\/1-cancale-huitre-mont-st-michel-300x225.jpg 300w, https:\/\/www.mirabel-4vaulx.com\/wp-content\/uploads\/2022\/10\/1-cancale-huitre-mont-st-michel-768x576.jpg 768w, https:\/\/www.mirabel-4vaulx.com\/wp-content\/uploads\/2022\/10\/1-cancale-huitre-mont-st-michel.jpg 1200w\" sizes=\"auto, (max-width: 1024px) 100vw, 1024px\" \/><\/figure><div class=\"wp-block-media-text__content\">\n<h2 class=\"wp-block-heading\"><strong>Destination Cancale - The pearl of Brittany<\/strong><\/h2>\n\n\n\n<figure class=\"wp-block-image size-full\"><img loading=\"lazy\" decoding=\"async\" width=\"50\" height=\"8\" src=\"https:\/\/www.mirabel-4vaulx.com\/wp-content\/uploads\/2022\/11\/barre-bleue.png\" alt=\"campsite bretagne saint cast le guildo\" class=\"wp-image-8324\"\/><\/figure>\n\n\n\n<p>You will enjoy visiting <strong><a href=\"https:\/\/www.tourismebretagne.com\/destinations\/les-10-destinations\/cap-frehel-saint-malo-baie-du-mont-saint-michel\/cancale\/\" target=\"_blank\" rel=\"noreferrer noopener\">Cancale<\/a><\/strong>, Cancale is one of the world's most famous seaside resorts, as much for the beauty of the site as for its unmissable culinary speciality. Cancale is famous for its shellfish, but above all for its <strong>its oysters<\/strong> for which he was elected <strong>remarkable site of taste<\/strong>. For those with a sweet tooth, enjoy them right on the seafront, while admiring the marvellous scenery. <strong>Mont-Saint-Michel<\/strong>, in the middle of the bay. There's so much to discover when you come to Cancale, including the harbour, which is bustling with maritime activity, particularly oyster-farming, the Customs Officers\u00ab trail at the Port de la Houle and the \u00bbback streets\".<\/p>\n\n\n\n<figure class=\"wp-block-image alignright size-full is-resized\"><img decoding=\"async\" src=\"https:\/\/www.campinglarenaudiere.com\/wp-content\/uploads\/2022\/01\/transat.png\" alt=\"campsite bretagne saint cast le guildo\" class=\"wp-image-1719\" style=\"width:80px;height:85px\"\/><\/figure>\n<\/div><\/div>\n\n\n\n<div style=\"height:14px\" aria-hidden=\"true\" class=\"wp-block-spacer\"><\/div>\n\n\n\n<div class=\"wp-block-media-text alignwide has-media-on-the-right is-stacked-on-mobile front-page-section grey animate right\"><div class=\"wp-block-media-text__content\">\n<p class=\"texte-rond has-orange-color has-text-color has-large-font-size\">Passing through Saint-Lunaire<\/p>\n\n\n\n<p>The gentle way of life in <strong><a href=\"https:\/\/www.saint-lunaire.fr\/\" target=\"_blank\" rel=\"noreferrer noopener\">Saint-Lunaire<\/a><\/strong> makes it the perfect place to spend a few days. Less than 20 km from Les 4 Vaulx campsite, you can discover the charm and authenticity of this small village. <strong>village between sea and countryside<\/strong>. With 4 beaches, 40 hectares of forest and a bocage hinterland, there's something for everyone. For a day out with the family in autumn at <strong>Ponthual Wood<\/strong> or an afternoon <strong>sandcastle<\/strong> on the beach on sunny days, sharing real moments of pleasure. For all tourist information, please visit the following website <strong><a href=\"https:\/\/www.dinardemeraudetourisme.com\/\" data-type=\"URL\" data-id=\"https:\/\/www.dinardemeraudetourisme.com\/\" target=\"_blank\" rel=\"noreferrer noopener\">Dinard C\u00f4te d'\u00c9meraude Tourism Office<\/a><\/strong> or at the Tourist Information Office in Saint-Cast, place Charles De Gaulle.<\/p>\n<\/div><figure class=\"wp-block-media-text__media\"><img loading=\"lazy\" decoding=\"async\" width=\"1024\" height=\"683\" src=\"https:\/\/www.mirabel-4vaulx.com\/wp-content\/uploads\/2022\/10\/2-saint-lunaire-crtb-ac5627_LE-GAL-Yannick-1024x683.jpg\" alt=\"saint lunar\" class=\"wp-image-7313 size-full\" srcset=\"https:\/\/www.mirabel-4vaulx.com\/wp-content\/uploads\/2022\/10\/2-saint-lunaire-crtb-ac5627_LE-GAL-Yannick-1024x683.jpg 1024w, https:\/\/www.mirabel-4vaulx.com\/wp-content\/uploads\/2022\/10\/2-saint-lunaire-crtb-ac5627_LE-GAL-Yannick-300x200.jpg 300w, https:\/\/www.mirabel-4vaulx.com\/wp-content\/uploads\/2022\/10\/2-saint-lunaire-crtb-ac5627_LE-GAL-Yannick-768x512.jpg 768w, https:\/\/www.mirabel-4vaulx.com\/wp-content\/uploads\/2022\/10\/2-saint-lunaire-crtb-ac5627_LE-GAL-Yannick.jpg 1200w\" sizes=\"auto, (max-width: 1024px) 100vw, 1024px\" \/><\/figure><\/div>\n\n\n\n<div style=\"height:14px\" aria-hidden=\"true\" class=\"wp-block-spacer\"><\/div>\n\n\n\n<div class=\"wp-block-media-text alignwide is-stacked-on-mobile animate left\"><figure class=\"wp-block-media-text__media\"><img loading=\"lazy\" decoding=\"async\" width=\"1024\" height=\"683\" src=\"https:\/\/www.mirabel-4vaulx.com\/wp-content\/uploads\/2022\/10\/3-cap-frehel-falaises-fort-lalatte-1024x683.jpg\" alt=\"cape frehel\" class=\"wp-image-7317 size-full\" srcset=\"https:\/\/www.mirabel-4vaulx.com\/wp-content\/uploads\/2022\/10\/3-cap-frehel-falaises-fort-lalatte-1024x683.jpg 1024w, https:\/\/www.mirabel-4vaulx.com\/wp-content\/uploads\/2022\/10\/3-cap-frehel-falaises-fort-lalatte-300x200.jpg 300w, https:\/\/www.mirabel-4vaulx.com\/wp-content\/uploads\/2022\/10\/3-cap-frehel-falaises-fort-lalatte-768x512.jpg 768w, https:\/\/www.mirabel-4vaulx.com\/wp-content\/uploads\/2022\/10\/3-cap-frehel-falaises-fort-lalatte.jpg 1200w\" sizes=\"auto, (max-width: 1024px) 100vw, 1024px\" \/><\/figure><div class=\"wp-block-media-text__content\">\n<h2 class=\"wp-block-heading\"><strong>Erquy and Fr\u00e9hel - Breathtaking landscapes<\/strong><\/h2>\n\n\n\n<figure class=\"wp-block-image size-full is-style-default\"><img decoding=\"async\" src=\"https:\/\/www.campinglarenaudiere.com\/wp-content\/uploads\/2022\/01\/barre-bleue.png\" alt=\"campsite bretagne saint cast le guildo\" class=\"wp-image-2382\"\/><\/figure>\n\n\n\n<p>If you're looking for a unique vantage point where you can see the sea as far as the eye can see, then head for the <a href=\"https:\/\/grandsite-capserquyfrehel.com\/\" data-type=\"URL\" data-id=\"https:\/\/grandsite-capserquyfrehel.com\/\" target=\"_blank\" rel=\"noreferrer noopener\"><strong>Cap Fr\u00e9hel<\/strong>.<\/a> Just 15 minutes from Saint-Cast and you've arrived in this magical place. At Cap Fr\u00e9hel, you can admire the magnificent lighthouse towering over the cliffs, or <strong><a href=\"https:\/\/www.lefortlalatte.com\/histoire-fortlalatte-rochegoyon\" target=\"_blank\" rel=\"noreferrer noopener\">Fort La Latte<\/a><\/strong> one of Brittany's most visited medieval castles. Then, if you follow the road a little further, you'll come to the<a href=\"https:\/\/grandsite-capserquyfrehel.com\/\" target=\"_blank\" rel=\"noreferrer noopener\"> <strong>Cap d'Erquy<\/strong><\/a>. Here, nature reigns supreme and wildlife is everywhere. For sports enthusiasts, the <strong>GR34<\/strong> crosses these two sites, which you can reach on foot. Put on some good shoes, pack a picnic, some water and off you go!<\/p>\n<\/div><\/div>\n\n\n\n<div style=\"height:14px\" aria-hidden=\"true\" class=\"wp-block-spacer\"><\/div>\n\n\n\n<div class=\"wp-block-media-text alignwide has-media-on-the-right is-stacked-on-mobile front-page-section grey animate right\"><div class=\"wp-block-media-text__content\">\n<p class=\"texte-rond has-orange-color has-text-color has-large-font-size\">On the other side of the ramparts<\/p>\n\n\n\n<figure class=\"wp-block-image size-full\"><img loading=\"lazy\" decoding=\"async\" width=\"50\" height=\"8\" src=\"https:\/\/www.mirabel-4vaulx.com\/wp-content\/uploads\/2022\/11\/barre-bleue.png\" alt=\"blue bar\" class=\"wp-image-8324\"\/><\/figure>\n\n\n\n<p>Privateer jewellery from <strong><a href=\"https:\/\/www.saint-malo-tourisme.com\/\" target=\"_blank\" rel=\"noreferrer noopener\">Saint-Malo<\/a><\/strong>, as it is sometimes known, invites you to explore it and discover its secrets. First step: explore <strong>the ramparts<\/strong> in search of historical souvenirs and admirable views over the bay. Then lose yourself in the <strong>numerous alleyways<\/strong> where every nook and cranny tells a story (religious buildings, the Town Hall, the Tour Solidor, the Fort \u00e0 la Reine, etc.). Finally, for activities with your family or friends, be surprised by the phenomenon of the <strong>High Tides<\/strong> or discover the marine world at <strong><a href=\"https:\/\/www.aquarium-st-malo.com\/\" target=\"_blank\" rel=\"noreferrer noopener\">Saint-Malo Aquarium<\/a><\/strong>. <img decoding=\"async\" class=\"wp-image-6142\" style=\"width: 50px;\" src=\"https:\/\/web9.staging.sevouestcom.com\/wp-content\/uploads\/2022\/09\/Coquillage-300x287-1.png\" alt=\"\"><\/p>\n<\/div><figure class=\"wp-block-media-text__media\"><img loading=\"lazy\" decoding=\"async\" width=\"1024\" height=\"678\" src=\"https:\/\/www.mirabel-4vaulx.com\/wp-content\/uploads\/2022\/10\/4-tour-solidor-st-malo-crtb-ac7114_PIRIOU-Jacqueline-1024x678.jpg\" alt=\"solidor tower\" class=\"wp-image-7322 size-full\" srcset=\"https:\/\/www.mirabel-4vaulx.com\/wp-content\/uploads\/2022\/10\/4-tour-solidor-st-malo-crtb-ac7114_PIRIOU-Jacqueline-1024x678.jpg 1024w, https:\/\/www.mirabel-4vaulx.com\/wp-content\/uploads\/2022\/10\/4-tour-solidor-st-malo-crtb-ac7114_PIRIOU-Jacqueline-300x199.jpg 300w, https:\/\/www.mirabel-4vaulx.com\/wp-content\/uploads\/2022\/10\/4-tour-solidor-st-malo-crtb-ac7114_PIRIOU-Jacqueline-768x509.jpg 768w, https:\/\/www.mirabel-4vaulx.com\/wp-content\/uploads\/2022\/10\/4-tour-solidor-st-malo-crtb-ac7114_PIRIOU-Jacqueline.jpg 1200w\" sizes=\"auto, (max-width: 1024px) 100vw, 1024px\" \/><\/figure><\/div>\n\n\n\n<p class=\"has-text-align-center texte-rond mt-5 has-large-font-size\">Discover the campsite<\/p>\n\n\n\n<div class=\"wp-block-columns are-vertically-aligned-center h-20 front-page-section grey is-layout-flex wp-container-core-columns-is-layout-28f84493 wp-block-columns-is-layout-flex\">\n<div class=\"wp-block-column is-layout-flow wp-block-column-is-layout-flow\"><\/div>\n\n\n\n<div class=\"wp-block-column is-layout-flow wp-block-column-is-layout-flow\">\n<div class=\"wp-block-create-block-sevgutenberg-navigation\"><aside class=\"encart-sev-navigation small carre\"><a href=\"https:\/\/www.mirabel-4vaulx.com\/en\/cocosweet-rental\/\" class=\"d-flex flex-column align-items-center\"><div class=\"encart-title\"><span>Coco Sweet<\/span><\/div><div class=\"vague\"><\/div><img decoding=\"async\" src=\"https:\/\/www.mirabel-4vaulx.com\/wp-content\/uploads\/2022\/10\/coco-sweet-terrasse-vacances.jpg\" alt=\"coco sweet\"\/><div class=\"ligne\"><\/div><div class=\"hover\"><\/div><\/a><\/aside><\/div>\n<\/div>\n\n\n\n<div class=\"wp-block-column is-vertically-aligned-center is-layout-flow wp-block-column-is-layout-flow\">\n<div class=\"wp-block-create-block-sevgutenberg-navigation\"><aside class=\"encart-sev-navigation small carre\"><a href=\"https:\/\/www.mirabel-4vaulx.com\/en\/pitches\/\" class=\"d-flex flex-column align-items-center\"><div class=\"encart-title\"><span>Pitches<\/span><\/div><div class=\"vague\"><\/div><img decoding=\"async\" src=\"https:\/\/www.mirabel-4vaulx.com\/wp-content\/uploads\/2022\/10\/1-emplacement-confort-4vaulx.jpg\" alt=\"\"\/><div class=\"ligne\"><\/div><div class=\"hover\"><\/div><\/a><\/aside><\/div>\n<\/div>\n\n\n\n<div class=\"wp-block-column is-vertically-aligned-center is-layout-flow wp-block-column-is-layout-flow\">\n<div class=\"wp-block-create-block-sevgutenberg-navigation\"><aside class=\"encart-sev-navigation small carre\"><a href=\"https:\/\/www.mirabel-4vaulx.com\/en\/camping-services\/\" class=\"d-flex flex-column align-items-center\"><div class=\"encart-title\"><span>Services<\/span><\/div><div class=\"vague\"><\/div><img decoding=\"async\" src=\"https:\/\/www.mirabel-4vaulx.com\/wp-content\/uploads\/2022\/10\/camping-4vaulx-mirabel-st-cast.jpg\" alt=\"campsite reception\"\/><div class=\"ligne\"><\/div><div class=\"hover\"><\/div><\/a><\/aside><\/div>\n<\/div>\n\n\n\n<div class=\"wp-block-column is-layout-flow wp-block-column-is-layout-flow\"><\/div>\n<\/div>","protected":false},"excerpt":{"rendered":"<p>C\u00f4te d\u2019Emeraude Situ\u00e9e entre les d\u00e9partements d\u2019Ille-et-Vilaine et des C\u00f4tes d\u2019Armor, la C\u00f4te d\u2019\u00c9meraude balaie le nord de la Bretagne [&hellip;]<\/p>\n","protected":false},"author":1,"featured_media":0,"parent":0,"menu_order":0,"comment_status":"closed","ping_status":"closed","template":"","meta":{"_seopress_robots_primary_cat":"","_seopress_titles_title":"Tourisme \u00e0 visiter C\u00f4te d\u2019Emeraude en Bretagne","_seopress_titles_desc":"Pendant votre s\u00e9jour au camping Les 4 Vaulx \u00e0 Saint Cast le Guildo, quelques exemples de destinations touristiques \u00e0 visiter en C\u00f4tes d'Armor","_seopress_robots_index":"","footnotes":""},"class_list":["post-267","page","type-page","status-publish","hentry"],"_links":{"self":[{"href":"https:\/\/www.mirabel-4vaulx.com\/en\/wp-json\/wp\/v2\/pages\/267","targetHints":{"allow":["GET"]}}],"collection":[{"href":"https:\/\/www.mirabel-4vaulx.com\/en\/wp-json\/wp\/v2\/pages"}],"about":[{"href":"https:\/\/www.mirabel-4vaulx.com\/en\/wp-json\/wp\/v2\/types\/page"}],"author":[{"embeddable":true,"href":"https:\/\/www.mirabel-4vaulx.com\/en\/wp-json\/wp\/v2\/users\/1"}],"replies":[{"embeddable":true,"href":"https:\/\/www.mirabel-4vaulx.com\/en\/wp-json\/wp\/v2\/comments?post=267"}],"version-history":[{"count":15,"href":"https:\/\/www.mirabel-4vaulx.com\/en\/wp-json\/wp\/v2\/pages\/267\/revisions"}],"predecessor-version":[{"id":10198,"href":"https:\/\/www.mirabel-4vaulx.com\/en\/wp-json\/wp\/v2\/pages\/267\/revisions\/10198"}],"wp:attachment":[{"href":"https:\/\/www.mirabel-4vaulx.com\/en\/wp-json\/wp\/v2\/media?parent=267"}],"curies":[{"name":"wp","href":"https:\/\/api.w.org\/{rel}","templated":true}]}}