{"id":895,"date":"2021-12-20T11:14:26","date_gmt":"2021-12-20T10:14:26","guid":{"rendered":"https:\/\/www.campinglarenaudiere.com\/?page_id=895"},"modified":"2024-04-04T15:49:08","modified_gmt":"2024-04-04T13:49:08","slug":"erfahrung-muscheln-und-fischen","status":"publish","type":"page","link":"https:\/\/www.mirabel-4vaulx.com\/de\/les-experiences\/experience-coquillages-et-peche\/","title":{"rendered":"Muscheln und Angeln"},"content":{"rendered":"<h1 class=\"wp-block-heading\" id=\"a-la-decouverte-de-la-cote-de-jade-a-velo\"><strong>Muscheln und Angeln<\/strong><\/h1>\n\n\n\n<p class=\"has-text-align-center\">Wenn Sie gerne angeln und Meeresfr\u00fcchte essen, wird Sie die K\u00fcste von Saint-Cast mit ihren 55 km langen Bouchot-Linien und 33 Hektar gro\u00dfen Austernparks begeistern.<\/p>\n\n\n\n<figure class=\"wp-block-image aligncenter size-full\"><img decoding=\"async\" src=\"https:\/\/www.campinglarenaudiere.com\/wp-content\/uploads\/2022\/01\/barre-bleue.png\" alt=\"\" class=\"wp-image-2382\"\/><\/figure>\n\n\n\n<div style=\"height:20px\" aria-hidden=\"true\" class=\"wp-block-spacer\"><\/div>\n\n\n\n<div class=\"wp-block-media-text alignwide has-media-on-the-right is-stacked-on-mobile is-image-fill front-page-section grey\"><div class=\"wp-block-media-text__content\">\n<p class=\"has-medium-font-size\"><strong><strong>Muschelzucht, 2<\/strong><sup><strong>\u00e8me<\/strong><\/sup><strong> Aktivit\u00e4t an der K\u00fcste von Saint-Cast<\/strong><\/strong><\/p>\n\n\n\n<figure class=\"wp-block-image size-full\"><img decoding=\"async\" src=\"https:\/\/www.campinglarenaudiere.com\/wp-content\/uploads\/2022\/01\/barre-bleue.png\" alt=\"\" class=\"wp-image-2382\"\/><\/figure>\n\n\n\n<p>Eingebettet zwischen <strong>die Bucht von La Fresnaye <\/strong>und <strong>die Arguenon-Bucht<\/strong>, Die Halbinsel Saint-Cast-le-Guildo ist f\u00fcr ihre Muschelzucht ber\u00fchmt. Der Campingplatz Les 4 Vaulx liegt gegen\u00fcber dem gleichnamigen Strand und ist ein beliebter Ort f\u00fcr Ihre Angelausfl\u00fcge zu Fu\u00df. Der 300 m lange Strand bietet einen sch\u00f6nen Blick auf Saint-Jacut-de-la-Mer und die Ile des Ebihens.<\/p>\n\n\n\n<p class=\"texte-rond has-orange-color has-text-color has-large-font-size\">Ausfahrt Gro\u00dfe Flut<\/p>\n\n\n\n<p><a href=\"https:\/\/www.dinan-capfrehel.com\/\" target=\"_blank\" rel=\"noreferrer noopener\">Das Fremdenverkehrsamt von Dinan Cap Fr\u00e9hel<\/a> bietet einen Spaziergang inmitten von Muscheln und Austern mit einem F\u00fchrer an. <strong>Besuchen Sie einen Muschelzuchtbetrieb<\/strong> um alle Etappen des Lebens der Muscheln kennenzulernen, dann beenden Sie den Besuch mit einer <strong>Austernverkostung<\/strong>.<\/p>\n\n\n\n<p>Start am Strand von 4 Vaulx, planen Sie ca. 2h15 ein.<\/p>\n\n\n\n<p>Entdecken Sie die Berufe der Muschelzucht in Saint-Cast durch <a rel=\"noreferrer noopener\" href=\"https:\/\/www.youtube.com\/watch?v=5X4qCxtBc9g\" target=\"_blank\">Video<\/a>.<\/p>\n<\/div><figure class=\"wp-block-media-text__media\" style=\"background-image:url(https:\/\/www.mirabel-4vaulx.com\/wp-content\/uploads\/2022\/10\/1-visite-huitres-Saint-Cast-BERTHIER-Emmanuel-1024x667.jpg);background-position:50% 50%\"><a href=\"https:\/\/www.mirabel-4vaulx.com\/wp-content\/uploads\/2022\/10\/1-visite-huitres-Saint-Cast-BERTHIER-Emmanuel.jpg\"><img loading=\"lazy\" decoding=\"async\" width=\"1024\" height=\"667\" src=\"https:\/\/www.mirabel-4vaulx.com\/wp-content\/uploads\/2022\/10\/1-visite-huitres-Saint-Cast-BERTHIER-Emmanuel-1024x667.jpg\" alt=\"Austern\" class=\"wp-image-7348 size-full\" srcset=\"https:\/\/www.mirabel-4vaulx.com\/wp-content\/uploads\/2022\/10\/1-visite-huitres-Saint-Cast-BERTHIER-Emmanuel-1024x667.jpg 1024w, https:\/\/www.mirabel-4vaulx.com\/wp-content\/uploads\/2022\/10\/1-visite-huitres-Saint-Cast-BERTHIER-Emmanuel-300x196.jpg 300w, https:\/\/www.mirabel-4vaulx.com\/wp-content\/uploads\/2022\/10\/1-visite-huitres-Saint-Cast-BERTHIER-Emmanuel-768x500.jpg 768w, https:\/\/www.mirabel-4vaulx.com\/wp-content\/uploads\/2022\/10\/1-visite-huitres-Saint-Cast-BERTHIER-Emmanuel.jpg 1200w\" sizes=\"auto, (max-width: 1024px) 100vw, 1024px\" \/><\/a><\/figure><\/div>\n\n\n\n<div style=\"height:14px\" aria-hidden=\"true\" class=\"wp-block-spacer\"><\/div>\n\n\n\n<div class=\"wp-block-media-text alignwide is-stacked-on-mobile animate left\"><figure class=\"wp-block-media-text__media\"><a href=\"https:\/\/www.mirabel-4vaulx.com\/wp-content\/uploads\/2022\/10\/2-peche-pied-famille-L-oeil-de-Paco-1.jpg\"><img loading=\"lazy\" decoding=\"async\" width=\"1024\" height=\"683\" src=\"https:\/\/www.mirabel-4vaulx.com\/wp-content\/uploads\/2022\/10\/2-peche-pied-famille-L-oeil-de-Paco-1-1024x683.jpg\" alt=\"Fu\u00dffischerei\" class=\"wp-image-7352 size-full\" srcset=\"https:\/\/www.mirabel-4vaulx.com\/wp-content\/uploads\/2022\/10\/2-peche-pied-famille-L-oeil-de-Paco-1-1024x683.jpg 1024w, https:\/\/www.mirabel-4vaulx.com\/wp-content\/uploads\/2022\/10\/2-peche-pied-famille-L-oeil-de-Paco-1-300x200.jpg 300w, https:\/\/www.mirabel-4vaulx.com\/wp-content\/uploads\/2022\/10\/2-peche-pied-famille-L-oeil-de-Paco-1-768x512.jpg 768w, https:\/\/www.mirabel-4vaulx.com\/wp-content\/uploads\/2022\/10\/2-peche-pied-famille-L-oeil-de-Paco-1.jpg 1200w\" sizes=\"auto, (max-width: 1024px) 100vw, 1024px\" \/><\/a><\/figure><div class=\"wp-block-media-text__content\">\n<p class=\"has-medium-font-size\"><strong><strong>Einf\u00fchrung in das Angeln zu Fu\u00df!<\/strong><\/strong><\/p>\n\n\n\n<figure class=\"wp-block-image size-full\"><img decoding=\"async\" src=\"https:\/\/www.campinglarenaudiere.com\/wp-content\/uploads\/2022\/01\/barre-bleue.png\" alt=\"\" class=\"wp-image-2382\"\/><\/figure>\n\n\n\n<p>In der Bretagne und insbesondere in Saint-Cast-le-Guildo werden Angler zu Fu\u00df bedient! <strong>Messer<\/strong>, <strong>Venusmuscheln<\/strong>, <strong>H\u00fcllen<\/strong>... die K\u00fcste verbirgt verschiedene Arten von Muscheln, die man bei Ebbe gerne auf dem Vorland findet. Probieren Sie die Freuden des Angelns, einer traditionellen bretonischen Freizeitbesch\u00e4ftigung, die auch Feinschmecker gl\u00fccklich macht. Diese Aktivit\u00e4t am Meer ist auch bei Kindern sehr beliebt. <strong>mit der Familie wegfahren<\/strong> auf der Suche nach den Sch\u00e4tzen, die unter dem Sand der C\u00f4tes d'Armor vergraben sind. Um die empfindliche Umwelt an der K\u00fcste zu sch\u00fctzen und damit alle noch viele Jahre lang fischen k\u00f6nnen, informieren Sie sich \u00fcber die Vorschriften und die richtigen Verhaltensweisen.<\/p>\n<\/div><\/div>\n\n\n\n<div style=\"height:49px\" aria-hidden=\"true\" class=\"wp-block-spacer\"><\/div>\n\n\n\n<div class=\"wp-block-columns is-layout-flex wp-container-core-columns-is-layout-28f84493 wp-block-columns-is-layout-flex\">\n<div class=\"wp-block-column is-layout-flow wp-block-column-is-layout-flow\" style=\"flex-basis:25%\"><\/div>\n\n\n\n<div class=\"wp-block-column is-layout-flow wp-block-column-is-layout-flow\" style=\"flex-basis:50%\">\n<div class=\"wp-block-group border border-info p-4 card is-layout-constrained wp-block-group-is-layout-constrained\">\n<figure class=\"wp-block-image alignleft size-full is-resized\"><img loading=\"lazy\" decoding=\"async\" width=\"300\" height=\"287\" src=\"https:\/\/www.mirabel-4vaulx.com\/wp-content\/uploads\/2022\/11\/Coquillage-300x287-1.png\" alt=\"\" class=\"wp-image-8299\" style=\"width:44px;height:42px\"\/><\/figure>\n\n\n\n<p><\/p>\n\n\n\n<p class=\"has-text-align-left has-turquoise-color has-text-color has-medium-font-size\"><strong>PRAXIS :<\/strong><\/p>\n\n\n\n<div class=\"wp-block-group has-turquoise-color has-text-color is-layout-constrained wp-block-group-is-layout-constrained\">\n<p><strong><mark style=\"background-color:rgba(0, 0, 0, 0)\" class=\"has-inline-color has-orange-color\">\u2022<\/mark> <a href=\"http:\/\/www.horaire-maree.fr\/maree\/SAINT-CAST\/\" target=\"_blank\" rel=\"noreferrer noopener\">\u00d6ffnungszeiten <\/a><a href=\"https:\/\/www.horaire-maree.fr\/maree\/SAINT-CAST\/\" target=\"_blank\" rel=\"noreferrer noopener\">der <\/a><a href=\"http:\/\/www.horaire-maree.fr\/maree\/SAINT-CAST\/\" target=\"_blank\" rel=\"noreferrer noopener\">Gezeiten<\/a><\/strong> <\/p>\n\n\n\n<p><strong><mark style=\"background-color:rgba(0, 0, 0, 0)\" class=\"has-inline-color has-orange-color\">\u2022<\/mark><\/strong> <a href=\"https:\/\/www.dinan-capfrehel.com\/le-bord-de-mer\/peche-a-pied\/\" target=\"_blank\" rel=\"noreferrer noopener\">3 Techniken f\u00fcr das Angeln zu Fu\u00df!<\/a>  <\/p>\n\n\n\n<p><strong><mark style=\"background-color:rgba(0, 0, 0, 0)\" class=\"has-inline-color has-orange-color\">\u2022<\/mark><\/strong> <a href=\"https:\/\/www.dinan-capfrehel.com\/experiences\/pour-les-curieux\/sortie-peche-a-pied-nord-bretagne\/\">Einf\u00fchrungen in das Angeln zu Fu\u00df<\/a>  mit einem F\u00fchrer werden oft vom Office de Tourisme de Saint-Cast organisiert<\/p>\n\n\n\n<p><strong>Zu beachten:&nbsp;<\/strong>Um die professionellen Parks herum ist ein Abstand von 15 Metern einzuhalten: Unterhalb dieses Abstands ist das Angeln zu Fu\u00df nicht erlaubt!<\/p>\n<\/div>\n<\/div>\n<\/div>\n\n\n\n<div class=\"wp-block-column is-layout-flow wp-block-column-is-layout-flow\" style=\"flex-basis:25%\"><\/div>\n<\/div>\n\n\n\n<p class=\"has-text-align-center texte-rond has-large-font-size\">Andere Erfahrungen <\/p>\n\n\n\n<div style=\"height:14px\" aria-hidden=\"true\" class=\"wp-block-spacer\"><\/div>\n\n\n\n<div class=\"wp-block-create-block-sevgutenberg-navigation aligncenter front-page-section grey\"><aside class=\"encart-sev-navigation small carre\"><a href=\"https:\/\/www.mirabel-4vaulx.com\/de\/die-erfahrungen\/fahrradtouren\/\" class=\"d-flex flex-column align-items-center\"><div class=\"encart-title\"><span>Fahrradtouren<\/span><\/div><div class=\"vague\"><\/div><img decoding=\"async\" src=\"https:\/\/www.mirabel-4vaulx.com\/wp-content\/uploads\/2022\/11\/velo-balade-experience-bto-aa9873_Dunes-Studio-crop.jpg\" alt=\"Fahrradtour\"\/><div class=\"ligne\"><\/div><div class=\"hover\"><\/div><\/a><\/aside><\/div>","protected":false},"excerpt":{"rendered":"<p>Coquillages et p\u00eache \u00e0 pied Si vous aimez p\u00eacher et manger des fruits de mer, le littoral de Saint-Cast va [&hellip;]<\/p>\n","protected":false},"author":1,"featured_media":0,"parent":272,"menu_order":0,"comment_status":"closed","ping_status":"closed","template":"","meta":{"_seopress_robots_primary_cat":"","_seopress_titles_title":"Coquillages et p\u00eache \u00e0 pied \u00e0 d\u00e9couvrir","_seopress_titles_desc":"En s\u00e9journant au camping Les 4 Vaulx dans les C\u00f4tes d\u2019Armor, vous appr\u00e9cierez de passer une journ\u00e9e \u00e0 Saint-Cast-le-Guildo les pieds dans le sable","_seopress_robots_index":"","footnotes":""},"class_list":["post-895","page","type-page","status-publish","hentry"],"_links":{"self":[{"href":"https:\/\/www.mirabel-4vaulx.com\/de\/wp-json\/wp\/v2\/pages\/895","targetHints":{"allow":["GET"]}}],"collection":[{"href":"https:\/\/www.mirabel-4vaulx.com\/de\/wp-json\/wp\/v2\/pages"}],"about":[{"href":"https:\/\/www.mirabel-4vaulx.com\/de\/wp-json\/wp\/v2\/types\/page"}],"author":[{"embeddable":true,"href":"https:\/\/www.mirabel-4vaulx.com\/de\/wp-json\/wp\/v2\/users\/1"}],"replies":[{"embeddable":true,"href":"https:\/\/www.mirabel-4vaulx.com\/de\/wp-json\/wp\/v2\/comments?post=895"}],"version-history":[{"count":41,"href":"https:\/\/www.mirabel-4vaulx.com\/de\/wp-json\/wp\/v2\/pages\/895\/revisions"}],"predecessor-version":[{"id":10095,"href":"https:\/\/www.mirabel-4vaulx.com\/de\/wp-json\/wp\/v2\/pages\/895\/revisions\/10095"}],"up":[{"embeddable":true,"href":"https:\/\/www.mirabel-4vaulx.com\/de\/wp-json\/wp\/v2\/pages\/272"}],"wp:attachment":[{"href":"https:\/\/www.mirabel-4vaulx.com\/de\/wp-json\/wp\/v2\/media?parent=895"}],"curies":[{"name":"WordPress","href":"https:\/\/api.w.org\/{rel}","templated":true}]}}