{"id":889,"date":"2021-12-20T11:10:21","date_gmt":"2021-12-20T10:10:21","guid":{"rendered":"https:\/\/www.campinglarenaudiere.com\/?page_id=889"},"modified":"2025-06-25T11:47:39","modified_gmt":"2025-06-25T09:47:39","slug":"fahrradtouren","status":"publish","type":"page","link":"https:\/\/www.mirabel-4vaulx.com\/de\/les-experiences\/circuits-a-velo\/","title":{"rendered":"Fahrradtouren"},"content":{"rendered":"<figure class=\"wp-block-image alignright size-full is-resized\"><img decoding=\"async\" src=\"https:\/\/www.campinglarenaudiere.com\/wp-content\/uploads\/2021\/12\/Smile.png\" alt=\"praktischer Smile\" class=\"wp-image-1947\" style=\"width:160px;height:107px\"\/><\/figure>\n\n\n\n<h1 class=\"wp-block-heading\" id=\"vivez-l-experience-loire-atlantique-en-famille\"><strong>Durchqueren Sie die C\u00f4tes d'Armor mit dem Fahrrad<\/strong><\/h1>\n\n\n\n<p class=\"has-text-align-center\">Im Urlaub nimmt man sich gerne Zeit, um die Region zu erkunden, die man sorgf\u00e4ltig ausgew\u00e4hlt hat. Wenn Sie hier sind, haben Sie die Bretagne und insbesondere die C\u00f4te d'\u00c9meraude (oder Sie werden sie bald w\u00e4hlen!) f\u00fcr Ihren Fahrradurlaub ausgew\u00e4hlt.<\/p>\n\n\n\n<figure class=\"wp-block-image aligncenter size-full\"><img decoding=\"async\" src=\"https:\/\/www.campinglarenaudiere.com\/wp-content\/uploads\/2022\/01\/barre-bleue.png\" alt=\"Durchqueren Sie die C\u00f4tes d&#039;Armor mit dem Fahrrad\" class=\"wp-image-2382\"\/><\/figure>\n\n\n\n<div style=\"height:30px\" aria-hidden=\"true\" class=\"wp-block-spacer\"><\/div>\n\n\n\n<div class=\"wp-block-media-text alignwide is-stacked-on-mobile is-image-fill-element\"><figure class=\"wp-block-media-text__media\"><a href=\"https:\/\/www.mirabel-4vaulx.com\/wp-content\/uploads\/2022\/10\/1-Erquy-a-velo-1.jpg\"><img loading=\"lazy\" decoding=\"async\" width=\"1024\" height=\"683\" src=\"https:\/\/www.mirabel-4vaulx.com\/wp-content\/uploads\/2022\/10\/1-Erquy-a-velo-1-1024x683.jpg\" alt=\"Strand \" class=\"wp-image-7363 size-full\" style=\"object-position:50% 50%\" srcset=\"https:\/\/www.mirabel-4vaulx.com\/wp-content\/uploads\/2022\/10\/1-Erquy-a-velo-1-1024x683.jpg 1024w, https:\/\/www.mirabel-4vaulx.com\/wp-content\/uploads\/2022\/10\/1-Erquy-a-velo-1-300x200.jpg 300w, https:\/\/www.mirabel-4vaulx.com\/wp-content\/uploads\/2022\/10\/1-Erquy-a-velo-1-768x512.jpg 768w, https:\/\/www.mirabel-4vaulx.com\/wp-content\/uploads\/2022\/10\/1-Erquy-a-velo-1.jpg 1200w\" sizes=\"auto, (max-width: 1024px) 100vw, 1024px\" \/><\/a><\/figure><div class=\"wp-block-media-text__content\">\n<h2 class=\"wp-block-heading\"><strong>La V\u00e9lomaritime\u00ae zwischen Cap Fr\u00e9hel und Cap d'Erquy<\/strong><\/h2>\n\n\n\n<figure class=\"wp-block-image size-full\"><img loading=\"lazy\" decoding=\"async\" width=\"50\" height=\"8\" src=\"https:\/\/www.mirabel-4vaulx.com\/wp-content\/uploads\/2022\/11\/barre-bleue.png\" alt=\"Durchqueren Sie die C\u00f4tes d&#039;Armor mit dem Fahrrad\" class=\"wp-image-8324\"\/><\/figure>\n\n\n\n<p>Die an die EuroVelo 4 angeschlossene Fahrradroute z\u00e4hlt nicht weniger als <strong>1500 km Fahrradwege<\/strong> vom \u00c4rmelkanal bis zur Nordsee. Es ist der Abschnitt im Herzen der Grand Site de France Cap Fr\u00e9hel - Cap d'Erquy, den wir Ihnen empfehlen, auszuprobieren!<\/p>\n\n\n\n<p>Sie bietet eine gro\u00dfe Vielfalt an Landschaften mit atemberaubenden Panoramen (hoffentlich haben Sie noch genug zum Fahren \u00fcbrig). F\u00fcr die Verbindung zwischen den beiden Kaps sollten Sie etwa 1,5 Stunden einplanen. Sie fahren durch Sables-d'Or-les-Pins mit seinen S\u00fcmpfen, entlang der bretonischen K\u00fcste und entdecken die rosafarbenen Sandsteinklippen. Der H\u00f6hepunkt ist <strong>der Leuchtturm von Cap Fr\u00e9hel<\/strong>, Er ist ein historisches Monument! Sie k\u00f6nnen ihn sogar besichtigen und auf seinen Gipfel steigen, der die Bucht von Saint-Brieuc beleuchtet.<\/p>\n\n\n\n<p>Wenn Sie nach all dem noch Beine haben, bleibt Ihnen noch eine historische Festung, die Sie zu Fu\u00df oder mit dem Fahrrad erreichen k\u00f6nnen: das <strong>Burg Fort-la-Latte<\/strong> gegen\u00fcber von Cap Fr\u00e9hel.<\/p>\n\n\n\n<p>Alles Wissenswerte \u00fcber diese Fahrradroute: La <a href=\"https:\/\/www.lavelomaritime.fr\/itineraire\/erquy-matignon\" target=\"_blank\" rel=\"noreferrer noopener\">Velomaritime Erquy\/Matignon<\/a><\/p>\n<\/div><\/div>\n\n\n\n<div style=\"height:14px\" aria-hidden=\"true\" class=\"wp-block-spacer\"><\/div>\n\n\n\n<div class=\"wp-block-media-text alignwide has-media-on-the-right is-stacked-on-mobile front-page-section grey\"><div class=\"wp-block-media-text__content\">\n<h2 class=\"wp-block-heading\"><strong>Das Scaventure, das Saint-Cast mit Saint-Jacut-de-la-Mer verbindet<\/strong><\/h2>\n\n\n\n<figure class=\"wp-block-image size-full\"><img loading=\"lazy\" decoding=\"async\" width=\"50\" height=\"8\" src=\"https:\/\/www.mirabel-4vaulx.com\/wp-content\/uploads\/2022\/11\/barre-bleue.png\" alt=\"Durchqueren Sie die C\u00f4tes d&#039;Armor mit dem Fahrrad\" class=\"wp-image-8324\"\/><\/figure>\n\n\n\n<p>Von Saint-Cast aus, <strong><a href=\"https:\/\/www.cirkwi.com\/fr\/circuit\/370468-scaventure-d-une-pointe-a-l-autre\" target=\"_blank\" rel=\"noreferrer noopener\">Saint-Cast Abenteuer<\/a><\/strong> hat einen 33 km langen Radrundweg f\u00fcr eine etwa vierst\u00fcndige Radtour entworfen. Wenn Sie an der steilen K\u00fcste entlang fahren, machen Sie einen Abstecher nach <strong>die Spitze der Bay<\/strong> f\u00fcr seinen einzigartigen Blick auf die Reihen von Bouchots und im Hintergrund die Insel Ebihens. Gehen Sie dann zum Strand von 4 Vaulx und machen Sie eine Pause auf <strong>der Picknickplatz mit Blick auf das Meer<\/strong>. Verlassen Sie diese sch\u00f6ne Bucht, um den Arguenon zu erreichen und zu \u00fcberqueren. <strong>Mittelalterliches Schloss Le Guildo<\/strong> und seine 5 Hektar gro\u00dfe Dom\u00e4ne, die frei zug\u00e4nglich ist. Letzte Pause vor der Weiterfahrt zur Landspitze von Saint-Jacut. Die Landschaft wechselt zwischen feinen Sandstr\u00e4nden und Aussichtspunkten auf die Buchten, die die Halbinsel umgeben. R\u00fcckfahrt \u00fcber <strong>Matignon<\/strong>, Ein kleiner Handelsort zwischen Meer und Land. Viel Spa\u00df beim Spazierengehen!<\/p>\n<\/div><figure class=\"wp-block-media-text__media\"><a href=\"https:\/\/www.mirabel-4vaulx.com\/wp-content\/uploads\/2022\/11\/experience-balade-velo-pique-nique-crtb-ad9765_BERTHIER-Emmanuel-_-EV4.jpg\"><img loading=\"lazy\" decoding=\"async\" width=\"1024\" height=\"683\" src=\"https:\/\/www.mirabel-4vaulx.com\/wp-content\/uploads\/2022\/11\/experience-balade-velo-pique-nique-crtb-ad9765_BERTHIER-Emmanuel-_-EV4-1024x683.jpg\" alt=\"Durchqueren Sie die C\u00f4tes d&#039;Armor mit dem Fahrrad\" class=\"wp-image-8329 size-full\" srcset=\"https:\/\/www.mirabel-4vaulx.com\/wp-content\/uploads\/2022\/11\/experience-balade-velo-pique-nique-crtb-ad9765_BERTHIER-Emmanuel-_-EV4-1024x683.jpg 1024w, https:\/\/www.mirabel-4vaulx.com\/wp-content\/uploads\/2022\/11\/experience-balade-velo-pique-nique-crtb-ad9765_BERTHIER-Emmanuel-_-EV4-300x200.jpg 300w, https:\/\/www.mirabel-4vaulx.com\/wp-content\/uploads\/2022\/11\/experience-balade-velo-pique-nique-crtb-ad9765_BERTHIER-Emmanuel-_-EV4-768x512.jpg 768w, https:\/\/www.mirabel-4vaulx.com\/wp-content\/uploads\/2022\/11\/experience-balade-velo-pique-nique-crtb-ad9765_BERTHIER-Emmanuel-_-EV4-1536x1024.jpg 1536w, https:\/\/www.mirabel-4vaulx.com\/wp-content\/uploads\/2022\/11\/experience-balade-velo-pique-nique-crtb-ad9765_BERTHIER-Emmanuel-_-EV4.jpg 2048w\" sizes=\"auto, (max-width: 1024px) 100vw, 1024px\" \/><\/a><\/figure><\/div>\n\n\n\n<div style=\"height:10px\" aria-hidden=\"true\" class=\"wp-block-spacer\"><\/div>\n\n\n\n<div class=\"wp-block-columns is-layout-flex wp-container-core-columns-is-layout-28f84493 wp-block-columns-is-layout-flex\">\n<div class=\"wp-block-column border border-info p-4 card h-100 is-layout-flow wp-block-column-is-layout-flow\">\n<h2 class=\"wp-block-heading\"><strong>Denkanst\u00f6\u00dfe vor dem Radfahren :<\/strong><\/h2>\n\n\n\n<p><mark style=\"background-color:rgba(0, 0, 0, 0)\" class=\"has-inline-color has-orange-color\"><strong>\u2022<\/strong> <\/mark> 1 Rucksack <br><mark style=\"background-color:rgba(0, 0, 0, 0)\" class=\"has-inline-color has-orange-color\"><strong>\u2022<\/strong><\/mark> 1 Trinkflasche und 1 Snack<br><mark style=\"background-color:rgba(0, 0, 0, 0)\" class=\"has-inline-color has-orange-color\"><strong>\u2022<\/strong><\/mark> 1 Kopfh\u00f6rer<br><strong><mark style=\"background-color:rgba(0, 0, 0, 0)\" class=\"has-inline-color has-orange-color\">\u2022<\/mark><\/strong> 1 Paar geeignete Schuhe<br><strong><mark style=\"background-color:rgba(0, 0, 0, 0)\" class=\"has-inline-color has-orange-color\">\u2022<\/mark><\/strong> 1 Regenkleidung<br><strong><mark style=\"background-color:rgba(0, 0, 0, 0)\" class=\"has-inline-color has-orange-color\">\u2022<\/mark><\/strong> 1 Sonnencreme<br><strong><mark style=\"background-color:rgba(0, 0, 0, 0)\" class=\"has-inline-color has-orange-color\">\u2022<\/mark><\/strong> 1 Fahrradpumpe<br><strong><mark style=\"background-color:rgba(0, 0, 0, 0)\" class=\"has-inline-color has-orange-color\">\u2022<\/mark><\/strong> 1 Fahrrad-Reparaturset (Schlauch + Flicken) <br><strong><mark style=\"background-color:rgba(0, 0, 0, 0)\" class=\"has-inline-color has-orange-color\">\u2022<\/mark><\/strong> 1 Karte mit den Routen<br><mark style=\"background-color:rgba(0, 0, 0, 0)\" class=\"has-inline-color has-orange-color\"><strong>\u2022<\/strong> <\/mark>1 Mobiltelefon<\/p>\n<\/div>\n\n\n\n<div class=\"wp-block-column is-layout-flow wp-block-column-is-layout-flow\">\n<div class=\"wp-block-cover alignwide is-light border border-info p-4 card h-100\" style=\"min-height:283px;aspect-ratio:unset;\"><img loading=\"lazy\" decoding=\"async\" width=\"522\" height=\"700\" class=\"wp-block-cover__image-background wp-image-10084\" alt=\"Durchqueren Sie die C\u00f4tes d&#039;Armor mit dem Fahrrad\" src=\"https:\/\/www.mirabel-4vaulx.com\/wp-content\/uploads\/2024\/04\/test-Personnalise.png\" data-object-fit=\"cover\" srcset=\"https:\/\/www.mirabel-4vaulx.com\/wp-content\/uploads\/2024\/04\/test-Personnalise.png 522w, https:\/\/www.mirabel-4vaulx.com\/wp-content\/uploads\/2024\/04\/test-Personnalise-224x300.png 224w\" sizes=\"auto, (max-width: 522px) 100vw, 522px\" \/><span aria-hidden=\"true\" class=\"wp-block-cover__background has-turquoise-background-color has-background-dim\"><\/span><div class=\"wp-block-cover__inner-container is-layout-flow wp-block-cover-is-layout-flow\">\n<p class=\"has-text-align-center has-white-color has-text-color has-large-font-size\"><strong>PRAXIS :<\/strong><\/p>\n\n\n\n<ul id=\"block-74e78794-c64c-4000-94da-07f371a8454f\" class=\"wp-block-list has-white-color has-text-color\">\n<li>Saint-Cast: Laden Sie die Karten der Wanderwege herunter :&nbsp;<a rel=\"noreferrer noopener\" href=\"https:\/\/www.campings-vert-bleu.com\/wp-content\/uploads\/2016\/08\/ST-CAST-CARTE-RANDO-VELO2-1.pdf\" target=\"_blank\">Fahrradwege <\/a>&amp;&nbsp; <a href=\"https:\/\/www.campings-vert-bleu.com\/wp-content\/uploads\/2016\/08\/ST-CAST-CARTE-RANDO2.pdf\">Wanderwege<\/a>&nbsp;<\/li>\n\n\n\n<li><a rel=\"noreferrer noopener\" href=\"https:\/\/www.saintcast-aventure.com\/location-de-velos\/\" target=\"_blank\">Fahrradverleih<\/a>, Sie k\u00f6nnen sich auch auf Ihrem Campingplatz anmelden!<\/li>\n<\/ul>\n<\/div><\/div>\n<\/div>\n<\/div>\n\n\n\n<p class=\"has-text-align-center texte-rond has-large-font-size\">Andere Erfahrungen <\/p>\n\n\n\n<div style=\"height:15px\" aria-hidden=\"true\" class=\"wp-block-spacer\"><\/div>\n\n\n\n<div class=\"wp-block-create-block-sevgutenberg-navigation aligncenter front-page-section grey\"><aside class=\"encart-sev-navigation small carre\"><a href=\"https:\/\/www.mirabel-4vaulx.com\/de\/die-erfahrungen\/erfahrung-muscheln-und-fischen\/\" class=\"d-flex flex-column align-items-center\"><div class=\"encart-title\"><span>Angeln zu Fu\u00df<\/span><\/div><div class=\"vague\"><\/div><img decoding=\"async\" src=\"https:\/\/www.mirabel-4vaulx.com\/wp-content\/uploads\/2022\/10\/2-peche-a-pied-enfant-balade-1.jpg\" alt=\"Angeln\"\/><div class=\"ligne\"><\/div><div class=\"hover\"><\/div><\/a><\/aside><\/div>","protected":false},"excerpt":{"rendered":"<p>Sillonnez les C\u00f4tes d\u2019Armor \u00e0 v\u00e9lo En vacances on aime prendre le temps d\u2019explorer la r\u00e9gion que l\u2019on a s\u00e9lectionn\u00e9 [&hellip;]<\/p>\n","protected":false},"author":1,"featured_media":0,"parent":272,"menu_order":0,"comment_status":"closed","ping_status":"closed","template":"","meta":{"_seopress_robots_primary_cat":"","_seopress_titles_title":"Sillonnez les C\u00f4tes d\u2019Armor \u00e0 v\u00e9lo pendant les vacances","_seopress_titles_desc":"Baladez vous aux alentours de votre camping et d\u00e9couvrez les paysages des C\u00f4tes D'Armor","_seopress_robots_index":"","footnotes":""},"class_list":["post-889","page","type-page","status-publish","hentry"],"_links":{"self":[{"href":"https:\/\/www.mirabel-4vaulx.com\/de\/wp-json\/wp\/v2\/pages\/889","targetHints":{"allow":["GET"]}}],"collection":[{"href":"https:\/\/www.mirabel-4vaulx.com\/de\/wp-json\/wp\/v2\/pages"}],"about":[{"href":"https:\/\/www.mirabel-4vaulx.com\/de\/wp-json\/wp\/v2\/types\/page"}],"author":[{"embeddable":true,"href":"https:\/\/www.mirabel-4vaulx.com\/de\/wp-json\/wp\/v2\/users\/1"}],"replies":[{"embeddable":true,"href":"https:\/\/www.mirabel-4vaulx.com\/de\/wp-json\/wp\/v2\/comments?post=889"}],"version-history":[{"count":31,"href":"https:\/\/www.mirabel-4vaulx.com\/de\/wp-json\/wp\/v2\/pages\/889\/revisions"}],"predecessor-version":[{"id":10209,"href":"https:\/\/www.mirabel-4vaulx.com\/de\/wp-json\/wp\/v2\/pages\/889\/revisions\/10209"}],"up":[{"embeddable":true,"href":"https:\/\/www.mirabel-4vaulx.com\/de\/wp-json\/wp\/v2\/pages\/272"}],"wp:attachment":[{"href":"https:\/\/www.mirabel-4vaulx.com\/de\/wp-json\/wp\/v2\/media?parent=889"}],"curies":[{"name":"WordPress","href":"https:\/\/api.w.org\/{rel}","templated":true}]}}