{"id":83,"date":"2021-12-10T14:30:08","date_gmt":"2021-12-10T13:30:08","guid":{"rendered":"https:\/\/www.campinglarenaudiere.com\/?page_id=83"},"modified":"2025-06-25T11:40:20","modified_gmt":"2025-06-25T09:40:20","slug":"faq-camping-bretagne","status":"publish","type":"page","link":"https:\/\/www.mirabel-4vaulx.com\/de\/faq-camping-bretagne\/","title":{"rendered":"FAQ"},"content":{"rendered":"<h1 class=\"wp-block-heading\" id=\"faq-trouvez-la-reponse-a-vos-questions-sur-vos-vacances-au-camping-la-renaudiere\">FAQ - Finden Sie Antworten auf Ihre Fragen zu Ihrem Urlaub auf dem Campingplatz Les 4 Vaulx<\/h1>\n\n\n\n<p class=\"has-text-align-center\">Der Campingplatz Les 4 Vaulx beantwortet alle Ihre Fragen zu Ihrem Aufenthalt und zu den Gesundheitsma\u00dfnahmen, die ergriffen wurden, um Ihnen einen sicheren Aufenthalt zu garantieren. Denken Sie daran, diese H\u00e4ufig gestellten Fragen regelm\u00e4\u00dfig zu lesen und z\u00f6gern Sie nicht, uns zu kontaktieren, wenn Sie weitere Informationen ben\u00f6tigen.<\/p>\n\n\n\n<figure class=\"wp-block-image aligncenter size-full\"><img decoding=\"async\" src=\"https:\/\/www.campinglarenaudiere.com\/wp-content\/uploads\/2022\/01\/barre-bleue.png\" alt=\"camping bretagne saint cast le guildo\" class=\"wp-image-2382\"\/><\/figure>\n\n\n\n<p><em><em>Aktualisiert am 13.12.2023 <\/em><\/em><\/p>\n\n\n\n<h2 class=\"wp-block-heading\" id=\"votre-reservation\">Ihre Buchung<\/h2>\n\n\n\n<figure class=\"wp-block-image size-full\"><img decoding=\"async\" src=\"https:\/\/www.campinglarenaudiere.com\/wp-content\/uploads\/2022\/01\/barre-bleue.png\" alt=\"camping bretagne saint cast le guildo\" class=\"wp-image-2382\"\/><\/figure>\n\n\n\n<div class=\"wp-block-create-block-sev-faq\"><div class=\"card sev-faq\"><a class=\"card-header d-flex\" href=\"#comment-reserver-un-sejour\" data-toggle=\"collapse\" role=\"button\" aria-expanded=\"false\" aria-controls=\"comment-reserver-un-sejour\"><div class=\"faq-question\">Wie buche ich einen Aufenthalt?<\/div><i class=\"fa fa-chevron-down\" aria-hidden=\"true\"><\/i><\/a><div class=\"card-body collapse multi-collapse\" id=\"comment-reserver-un-sejour\"><div class=\"faq-reponse\">- Online: W\u00e4hlen Sie auf unserer Website Ihre Unterkunft und\/oder Ihre Aufenthaltsdaten aus, um die Verf\u00fcgbarkeit zu erfahren.  <strong><mark style=\"background-color:rgba(0, 0, 0, 0)\" class=\"has-inline-color has-turquoise-color\"><a href=\"https:\/\/bookingpremium.secureholiday.net\/FR\/5330\/search\/\" target=\"_blank\" rel=\"noreferrer noopener\">Reservierung<\/a><\/mark><\/strong><br>- Per Telefon, indem Sie die Rezeption unter +33(0)2 96 41 29 75 anrufen. <br>- Per E-Mail an die Adresse <a href=\"mailto:4vaulx@mirabel-campings.com\">4vaulx@mirabel-campings.com<\/a><br><br>Die Buchung wird nach Erhalt einer Anzahlung von 30% wirksam und verbindlich. Weitere Einzelheiten finden Sie in den&nbsp;<a href=\"https:\/\/www.mirabel-4vaulx.com\/wp-content\/uploads\/2022\/10\/CGV-Mirabel-Saint-Cast-20231.pdf\" target=\"_blank\" rel=\"noreferrer noopener\">Allgemeine Verkaufsbedingungen<\/a>.<\/div><\/div><\/div><\/div>\n\n\n\n<div class=\"wp-block-create-block-sev-faq\"><div class=\"card sev-faq\"><a class=\"card-header d-flex\" href=\"#comment-obtenir-un-devis-\" data-toggle=\"collapse\" role=\"button\" aria-expanded=\"false\" aria-controls=\"comment-obtenir-un-devis-\"><div class=\"faq-question\">Wie erhalte ich einen Kostenvoranschlag?<\/div><i class=\"fa fa-chevron-down\" aria-hidden=\"true\"><\/i><\/a><div class=\"card-body collapse multi-collapse\" id=\"comment-obtenir-un-devis-\"><div class=\"faq-reponse\">Besuchen Sie unseren <a href=\"https:\/\/bookingpremium.secureholiday.net\/FR\/5330\/search\" target=\"_blank\" rel=\"noreferrer noopener\">Online-Buchung<\/a> oder kontaktieren Sie uns telefonisch, um sich \u00fcber die Verf\u00fcgbarkeit zu informieren und einen Preis f\u00fcr Ihren Aufenthalt zu erhalten.<\/div><\/div><\/div><\/div>\n\n\n\n<div class=\"wp-block-create-block-sev-faq\"><div class=\"card sev-faq\"><a class=\"card-header d-flex\" href=\"#puis-je-choisir-mon-emplacement-\" data-toggle=\"collapse\" role=\"button\" aria-expanded=\"false\" aria-controls=\"puis-je-choisir-mon-emplacement-\"><div class=\"faq-question\">Kann ich meinen Standort selbst w\u00e4hlen?<\/div><i class=\"fa fa-chevron-down\" aria-hidden=\"true\"><\/i><\/a><div class=\"card-body collapse multi-collapse\" id=\"puis-je-choisir-mon-emplacement-\"><div class=\"faq-reponse\">&nbsp;Ja, je nach Verf\u00fcgbarkeit und auf Anfrage zum Zeitpunkt Ihrer Buchung.<\/div><\/div><\/div><\/div>\n\n\n\n<div class=\"wp-block-create-block-sev-faq\"><div class=\"card sev-faq\"><a class=\"card-header d-flex\" href=\"#comment-annuler-ou-modifier-ma-reservation-\" data-toggle=\"collapse\" role=\"button\" aria-expanded=\"false\" aria-controls=\"comment-annuler-ou-modifier-ma-reservation-\"><div class=\"faq-question\">Wie kann ich meine Buchung stornieren oder \u00e4ndern?<\/div><i class=\"fa fa-chevron-down\" aria-hidden=\"true\"><\/i><\/a><div class=\"card-body collapse multi-collapse\" id=\"comment-annuler-ou-modifier-ma-reservation-\"><div class=\"faq-reponse\">Wir laden Sie ein, uns direkt unter +33(0)2 96 41 29 75 zu kontaktieren oder uns zu schreiben an <a href=\"mailto:4vaulx@mirabel-campings.com\">4vaulx@mirabel-campings.com<\/a><\/div><\/div><\/div><\/div>\n\n\n\n<div class=\"wp-block-create-block-sev-faq\"><div class=\"card sev-faq\"><a class=\"card-header d-flex\" href=\"#comment-puis-je-regler-mon-sejour-\" data-toggle=\"collapse\" role=\"button\" aria-expanded=\"false\" aria-controls=\"comment-puis-je-regler-mon-sejour-\"><div class=\"faq-question\">Wie kann ich meinen Aufenthalt bezahlen?<\/div><i class=\"fa fa-chevron-down\" aria-hidden=\"true\"><\/i><\/a><div class=\"card-body collapse multi-collapse\" id=\"comment-puis-je-regler-mon-sejour-\"><div class=\"faq-reponse\">Wir akzeptieren die folgenden Zahlungen: CB, Scheck, ANCV, Bargeld und \u00dcberweisung.<\/div><\/div><\/div><\/div>\n\n\n\n<div style=\"height:60px\" aria-hidden=\"true\" class=\"wp-block-spacer\"><\/div>\n\n\n\n<h2 class=\"wp-block-heading\" id=\"sur-place\">Vor Ort<\/h2>\n\n\n\n<figure class=\"wp-block-image size-full\"><img decoding=\"async\" src=\"https:\/\/www.campinglarenaudiere.com\/wp-content\/uploads\/2022\/01\/barre-bleue.png\" alt=\"camping bretagne saint cast le guildo\" class=\"wp-image-2382\"\/><\/figure>\n\n\n\n<div class=\"wp-block-create-block-sev-faq\"><div class=\"card sev-faq\"><a class=\"card-header d-flex\" href=\"#quelles-sont-les-dates-douverture-du-camping-\" data-toggle=\"collapse\" role=\"button\" aria-expanded=\"false\" aria-controls=\"quelles-sont-les-dates-douverture-du-camping-\"><div class=\"faq-question\">An welchen Tagen ist der Campingplatz ge\u00f6ffnet?<\/div><i class=\"fa fa-chevron-down\" aria-hidden=\"true\"><\/i><\/a><div class=\"card-body collapse multi-collapse\" id=\"quelles-sont-les-dates-douverture-du-camping-\"><div class=\"faq-reponse\">Der Campingplatz Les 4 Vaulx** ist vom 1. Mai bis zum 15. September 2024 ge\u00f6ffnet.<\/div><\/div><\/div><\/div>\n\n\n\n<div class=\"wp-block-create-block-sev-faq\"><div class=\"card sev-faq\"><a class=\"card-header d-flex\" href=\"#dois-je-apporter-les-draps-\" data-toggle=\"collapse\" role=\"button\" aria-expanded=\"false\" aria-controls=\"dois-je-apporter-les-draps-\"><div class=\"faq-question\">Muss ich die Bettw\u00e4sche mitbringen?<\/div><i class=\"fa fa-chevron-down\" aria-hidden=\"true\"><\/i><\/a><div class=\"card-body collapse multi-collapse\" id=\"dois-je-apporter-les-draps-\"><div class=\"faq-reponse\">Sie k\u00f6nnen Ihre eigene Bettw\u00e4sche mitbringen oder diese bei der Buchung oder bei der Ankunft auf dem Campingplatz mieten.  <a href=\"https:\/\/www.mirabel-4vaulx.com\/de\/tit-home\/\" data-type=\"page\" data-id=\"7390\" target=\"_blank\" rel=\"noreferrer noopener\">Siehe Preise<\/a><\/div><\/div><\/div><\/div>\n\n\n\n<div class=\"wp-block-create-block-sev-faq\"><div class=\"card sev-faq\"><a class=\"card-header d-flex\" href=\"#les-animaux-sont-ils-acceptes-au-camping-\" data-toggle=\"collapse\" role=\"button\" aria-expanded=\"false\" aria-controls=\"les-animaux-sont-ils-acceptes-au-camping-\"><div class=\"faq-question\">Sind Tiere auf dem Campingplatz erlaubt? <\/div><i class=\"fa fa-chevron-down\" aria-hidden=\"true\"><\/i><\/a><div class=\"card-body collapse multi-collapse\" id=\"les-animaux-sont-ils-acceptes-au-camping-\"><div class=\"faq-reponse\">Ja, wir wissen nur zu gut, dass es schwer ist, sich von seinen Haustieren zu trennen. Deshalb sind Tiere auf unserem Campingplatz herzlich willkommen: Wir akzeptieren Hunde und Katzen (au\u00dfer 1<sup>e<\/sup> und 2. Kategorie und maximal 2 pro Stellplatz)<br><em>Geb\u00fchr: 3\u20ac pro Nacht und Tier.<\/em><\/div><\/div><\/div><\/div>\n\n\n\n<div class=\"wp-block-create-block-sev-faq\"><div class=\"card sev-faq\"><a class=\"card-header d-flex\" href=\"#a-quelle-heure-puis-je-arriver-au-camping-\" data-toggle=\"collapse\" role=\"button\" aria-expanded=\"false\" aria-controls=\"a-quelle-heure-puis-je-arriver-au-camping-\"><div class=\"faq-question\">Um wie viel Uhr kann ich auf dem Campingplatz ankommen?<\/div><i class=\"fa fa-chevron-down\" aria-hidden=\"true\"><\/i><\/a><div class=\"card-body collapse multi-collapse\" id=\"a-quelle-heure-puis-je-arriver-au-camping-\"><div class=\"faq-reponse\">F\u00fcr Mietunterk\u00fcnfte: Ankunft ab 15 Uhr und Abreise vor 10 Uhr.<br>F\u00fcr Stellpl\u00e4tze: Ankunft ab 14 Uhr und Abreise vor 12 Uhr.<\/div><\/div><\/div><\/div>\n\n\n\n<div class=\"wp-block-create-block-sev-faq\"><div class=\"card sev-faq\"><a class=\"card-header d-flex\" href=\"#ou-sortir-pendant-vos-vacances-a-saint-cast-le-guildo-\" data-toggle=\"collapse\" role=\"button\" aria-expanded=\"false\" aria-controls=\"ou-sortir-pendant-vos-vacances-a-saint-cast-le-guildo-\"><div class=\"faq-question\">Wo kann man w\u00e4hrend seines Urlaubs in Saint-Cast-le-Guildo ausgehen?<\/div><i class=\"fa fa-chevron-down\" aria-hidden=\"true\"><\/i><\/a><div class=\"card-body collapse multi-collapse\" id=\"ou-sortir-pendant-vos-vacances-a-saint-cast-le-guildo-\"><div class=\"faq-reponse\"><a href=\"https:\/\/www.mirabel-4vaulx.com\/de\/cote-demeraude-bretagne\/\" data-type=\"page\" data-id=\"267\">Smaragdk\u00fcste<\/a>, <a href=\"https:\/\/www.mirabel-4vaulx.com\/de\/cotes-darmor\/\" data-type=\"page\" data-id=\"5989\">c\u00f4te d'Armor<\/a>, <a href=\"https:\/\/www.mirabel-4vaulx.com\/de\/saint-cast-le-guildo\/\" data-type=\"page\" data-id=\"69\">Saint cast le Guildo<\/a>,<a href=\"https:\/\/www.mirabel-4vaulx.com\/de\/gute-adressen-links\/\" data-type=\"page\" data-id=\"73\"> die Aktivit\u00e4ten<\/a>\u2026<\/div><\/div><\/div><\/div>\n\n\n\n<div style=\"height:60px\" aria-hidden=\"true\" class=\"wp-block-spacer\"><\/div>\n\n\n\n<h2 class=\"wp-block-heading\" id=\"informations-covid\"><\/h2>","protected":false},"excerpt":{"rendered":"<p>FAQ &#8211; Trouvez les r\u00e9ponses \u00e0 vos questions sur vos vacances au camping Les 4 Vaulx Le camping Les 4 [&hellip;]<\/p>\n","protected":false},"author":1,"featured_media":0,"parent":0,"menu_order":0,"comment_status":"closed","ping_status":"closed","template":"","meta":{"_seopress_robots_primary_cat":"","_seopress_titles_title":"Foire aux questions du camping Les 4 Vaulx - Saint Cast le Guildo","_seopress_titles_desc":"Foire aux questions diverses sur le camping Les 4 Vaulx \u00e0 Saint Cast le Guildo : ouverture, COVID 19, locations, pass sanitaire...","_seopress_robots_index":"","footnotes":""},"class_list":["post-83","page","type-page","status-publish","hentry"],"_links":{"self":[{"href":"https:\/\/www.mirabel-4vaulx.com\/de\/wp-json\/wp\/v2\/pages\/83","targetHints":{"allow":["GET"]}}],"collection":[{"href":"https:\/\/www.mirabel-4vaulx.com\/de\/wp-json\/wp\/v2\/pages"}],"about":[{"href":"https:\/\/www.mirabel-4vaulx.com\/de\/wp-json\/wp\/v2\/types\/page"}],"author":[{"embeddable":true,"href":"https:\/\/www.mirabel-4vaulx.com\/de\/wp-json\/wp\/v2\/users\/1"}],"replies":[{"embeddable":true,"href":"https:\/\/www.mirabel-4vaulx.com\/de\/wp-json\/wp\/v2\/comments?post=83"}],"version-history":[{"count":11,"href":"https:\/\/www.mirabel-4vaulx.com\/de\/wp-json\/wp\/v2\/pages\/83\/revisions"}],"predecessor-version":[{"id":10206,"href":"https:\/\/www.mirabel-4vaulx.com\/de\/wp-json\/wp\/v2\/pages\/83\/revisions\/10206"}],"wp:attachment":[{"href":"https:\/\/www.mirabel-4vaulx.com\/de\/wp-json\/wp\/v2\/media?parent=83"}],"curies":[{"name":"WordPress","href":"https:\/\/api.w.org\/{rel}","templated":true}]}}