{"id":7394,"date":"2022-10-21T15:19:39","date_gmt":"2022-10-21T13:19:39","guid":{"rendered":"https:\/\/www.mirabel-4vaulx.com\/?page_id=7394"},"modified":"2025-06-25T11:36:03","modified_gmt":"2025-06-25T09:36:03","slug":"campingplatze","status":"publish","type":"page","link":"https:\/\/www.mirabel-4vaulx.com\/de\/emplacements\/","title":{"rendered":"Campingpl\u00e4tze"},"content":{"rendered":"<h1 class=\"wp-block-heading\" id=\"location-de-mobil-home-au-camping-4-etoiles-en-loire-atlantique\"><strong>Unsere Stellpl\u00e4tze f\u00fcr Zelte, Wohnwagen oder Wohnmobile in den C\u00f4tes d'Armor<\/strong><\/h1>\n\n\n\n<p class=\"has-text-align-center\">Auf unseren ger\u00e4umigen und gut ausgestatteten Stellpl\u00e4tzen k\u00f6nnen Sie all Ihre Ausr\u00fcstung nach Belieben aufstellen und so Ihren Urlaub auf dem Campingplatz Les 4 Vaulx optimal genie\u00dfen.<\/p>\n\n\n\n<div class=\"wp-block-media-text alignwide has-media-on-the-right is-stacked-on-mobile is-image-fill-element\"><div class=\"wp-block-media-text__content\">\n<h2 class=\"wp-block-heading\">Die Lage Komfort - f\u00fcr einen einfachen Urlaub!<\/h2>\n\n\n\n<figure class=\"wp-block-image size-full\"><img loading=\"lazy\" decoding=\"async\" width=\"50\" height=\"8\" src=\"https:\/\/www.mirabel-4vaulx.com\/wp-content\/uploads\/2022\/11\/barre-bleue.png\" alt=\"camping bretagne saint cast le guildo\" class=\"wp-image-8324\"\/><\/figure>\n\n\n\n<figure class=\"wp-block-image alignleft size-full is-resized\"><img loading=\"lazy\" decoding=\"async\" width=\"300\" height=\"264\" src=\"https:\/\/www.mirabel-4vaulx.com\/wp-content\/uploads\/2022\/11\/tente-1-300x264-1.png\" alt=\"camping bretagne saint cast le guildo\" class=\"wp-image-8426\" style=\"width:50px\"\/><\/figure>\n\n\n\n<p class=\"justify-content\">Auf dem Campingplatz Les 4 Vaulx bieten wir Ihnen eine L\u00f6sung an, die das Leben der Camper erheblich erleichtert! Die Vermietung <strong>eines Stellplatzes mit Gartenhaus<\/strong> (2m\u00b2), der auf Ihrer Parzelle aufgestellt ist. Dieser bietet Ihnen das gewisse Extra f\u00fcr Ihren Familienurlaub, insbesondere unter der Zeltplane. Dazu geh\u00f6ren: ein K\u00fchlschrank, eine Mikrowelle, ein W\u00e4schest\u00e4nder, ein Liegestuhl, ein Picknicktisch und ein Sonnenschirm. Die Freiheit des Stellplatzes und <strong>die ausstattung +<\/strong>&nbsp;! So bekommt jeder wieder Lust auf Camping.<\/p>\n\n\n\n<p><\/p>\n<\/div><figure class=\"wp-block-media-text__media\"><img loading=\"lazy\" decoding=\"async\" width=\"1024\" height=\"768\" src=\"https:\/\/www.mirabel-4vaulx.com\/wp-content\/uploads\/2022\/10\/1-emplacement-confort-4vaulx-1024x768.jpg\" alt=\"camping bretagne saint cast le guildo\" class=\"wp-image-7956 size-full\" style=\"object-position:50% 50%\" srcset=\"https:\/\/www.mirabel-4vaulx.com\/wp-content\/uploads\/2022\/10\/1-emplacement-confort-4vaulx-1024x768.jpg 1024w, https:\/\/www.mirabel-4vaulx.com\/wp-content\/uploads\/2022\/10\/1-emplacement-confort-4vaulx-300x225.jpg 300w, https:\/\/www.mirabel-4vaulx.com\/wp-content\/uploads\/2022\/10\/1-emplacement-confort-4vaulx-768x576.jpg 768w, https:\/\/www.mirabel-4vaulx.com\/wp-content\/uploads\/2022\/10\/1-emplacement-confort-4vaulx.jpg 1200w\" sizes=\"auto, (max-width: 1024px) 100vw, 1024px\" \/><\/figure><\/div>\n\n\n\n<div style=\"height:46px\" aria-hidden=\"true\" class=\"wp-block-spacer\"><\/div>\n\n\n\n<div class=\"wp-block-columns is-layout-flex wp-container-core-columns-is-layout-28f84493 wp-block-columns-is-layout-flex\">\n<div class=\"wp-block-column is-layout-flow wp-block-column-is-layout-flow\">\n<div class=\"wp-block-media-text alignwide is-stacked-on-mobile is-image-fill-element\"><figure class=\"wp-block-media-text__media\"><img loading=\"lazy\" decoding=\"async\" width=\"1024\" height=\"768\" src=\"https:\/\/www.mirabel-4vaulx.com\/wp-content\/uploads\/2022\/10\/2-emplacement-campingcar-vacances-1024x768.jpg\" alt=\"camping bretagne saint cast le guildo\" class=\"wp-image-7960 size-full\" style=\"object-position:50% 50%\" srcset=\"https:\/\/www.mirabel-4vaulx.com\/wp-content\/uploads\/2022\/10\/2-emplacement-campingcar-vacances-1024x768.jpg 1024w, https:\/\/www.mirabel-4vaulx.com\/wp-content\/uploads\/2022\/10\/2-emplacement-campingcar-vacances-300x225.jpg 300w, https:\/\/www.mirabel-4vaulx.com\/wp-content\/uploads\/2022\/10\/2-emplacement-campingcar-vacances-768x576.jpg 768w, https:\/\/www.mirabel-4vaulx.com\/wp-content\/uploads\/2022\/10\/2-emplacement-campingcar-vacances.jpg 1200w\" sizes=\"auto, (max-width: 1024px) 100vw, 1024px\" \/><\/figure><div class=\"wp-block-media-text__content\">\n<h2 class=\"wp-block-heading\">Unsere nackten Stellpl\u00e4tze von 100m<sup><strong>2<\/strong><\/sup><strong> - Ein Maximum an Platz<\/strong><\/h2>\n\n\n\n<figure class=\"wp-block-image size-full\"><img loading=\"lazy\" decoding=\"async\" width=\"50\" height=\"8\" src=\"https:\/\/www.mirabel-4vaulx.com\/wp-content\/uploads\/2022\/11\/barre-bleue.png\" alt=\"camping bretagne saint cast le guildo\" class=\"wp-image-8324\"\/><\/figure>\n\n\n\n<p>Wenn Sie sich f\u00fcr die Anmietung eines Stellplatzes entscheiden, w\u00e4hlen Sie die Geselligkeit, aber auch die Intimit\u00e4t Ihres Bereichs dank der Hecken, die sie voneinander trennen. In Les 4 Vaulx haben wir uns daf\u00fcr entschieden, ger\u00e4umige Stellpl\u00e4tze anzubieten, damit Sie sich auf die bestm\u00f6gliche Weise einrichten k\u00f6nnen. So k\u00f6nnen Sie von 100m<sup>2<\/sup> halb Rasen, halb stabilisierte Fl\u00e4che am Strand. F\u00fcr Wohnmobile gibt es eine <strong>Entleerungsgebiet<\/strong> wurde in der N\u00e4he des Eingangs zum Campingplatz aufgestellt.<\/p>\n\n\n\n<p><\/p>\n<\/div><\/div>\n\n\n\n<div style=\"height:30px\" aria-hidden=\"true\" class=\"wp-block-spacer\"><\/div>\n\n\n\n<h2 class=\"wp-block-heading\"><img loading=\"lazy\" decoding=\"async\" width=\"50\" height=\"44\" class=\"wp-image-8426\" style=\"width: 50px;\" src=\"https:\/\/www.mirabel-4vaulx.com\/wp-content\/uploads\/2022\/11\/tente-1-300x264-1.png\" alt=\"\"> <strong>Vermietung Stellplatz<\/strong><\/h2>\n\n\n\n<figure class=\"wp-block-image size-full\"><img loading=\"lazy\" decoding=\"async\" width=\"50\" height=\"8\" src=\"https:\/\/www.mirabel-4vaulx.com\/wp-content\/uploads\/2022\/11\/barre-bleue.png\" alt=\"camping bretagne saint cast le guildo\" class=\"wp-image-8324\"\/><\/figure>\n<\/div>\n<\/div>\n\n\n\n<h2 class=\"wp-block-heading\">Nackter Stellplatz<\/h2>\n\n\n<p><ctv-availability data-product-id=\"95281\" data-background-color=\"#FFFFFFFF\"><\/ctv-availability><\/p>\n\n\n\n<h2 class=\"wp-block-heading\">Stellplatz Komfort<\/h2>\n\n\n\n<p>2 Personen und Strom sind inbegriffen. <br>Stellplatz mit Picknicktisch und Unterstand mit K\u00fchlschrank, Mikrowelle, W\u00e4schest\u00e4nder, 2 Liegest\u00fchlen und Sonnenschirm.<\/p>\n\n\n<p><ctv-availability data-product-id=\"83787\" data-background-color=\"#FFFFFFFF\"><\/ctv-availability><\/p>\n\n\n\n<h2 class=\"wp-block-heading\">Pauschale f\u00fcr Wohnmobile<\/h2>\n\n\n\n<p>Die Wohnmobilpauschale beinhaltet den Stellplatz f\u00fcr das Wohnmobil + 2 Personen + Strom<\/p>\n\n\n<p><ctv-availability data-product-id=\"95272\" data-background-color=\"#FFFFFFFF\"><\/ctv-availability><\/p>\n\n\n\n<div class=\"wp-block-columns is-layout-flex wp-container-core-columns-is-layout-28f84493 wp-block-columns-is-layout-flex\">\n<div class=\"wp-block-column has-white-color has-text-color is-layout-flow wp-block-column-is-layout-flow\" id=\"options\">\n<div class=\"wp-block-group card h-100 pl-4 pr-4 pt-4 rounded-lg border border-info is-layout-flow wp-block-group-is-layout-flow\">\n<p class=\"has-text-align-left has-turquoise-color has-text-color has-medium-font-size\"><img decoding=\"async\" class=\"wp-image-1933\" style=\"width: 50px;\" src=\"https:\/\/www.campinglarenaudiere.com\/wp-content\/uploads\/2021\/12\/etoile.png\" alt=\"Stern\">   &nbsp;      <strong>OPTIONAL<\/strong><\/p>\n\n\n\n<figure class=\"wp-block-table text-left table-tarifs\"><table class=\"has-turquoise-color has-text-color\"><tbody><tr><td><mark style=\"background-color:rgba(0, 0, 0, 0)\" class=\"has-inline-color has-orange-color\"><strong><mark style=\"background-color:rgba(0, 0, 0, 0)\" class=\"has-inline-color has-orange-color\">\u2022<\/mark> <\/strong> <\/mark><strong>Bettlaken mieten<\/strong>s<\/td><td class=\"has-text-align-left\" data-align=\"left\"><strong>12\u20ac \/ 15\u20ac<\/strong>                 <\/td><\/tr><tr><td><strong> <mark style=\"background-color:rgba(0, 0, 0, 0)\" class=\"has-inline-color has-orange-color\">\u2022<\/mark> <\/strong> <strong>Verleih von Babyausstattungen<br><\/strong><em>(Babybett, T\u00f6pfchen, Badewanne und Hochstuhl) <\/em><\/td><td class=\"has-text-align-left\" data-align=\"left\"><strong>3\u20ac\/Tag<\/strong><\/td><\/tr><tr><td><strong> <mark style=\"background-color:rgba(0, 0, 0, 0)\" class=\"has-inline-color has-orange-color\">\u2022<\/mark> <\/strong> <strong>Haustiere akzeptiert  <em><br><\/em><\/strong><em>(Katze und Hunde, au\u00dfer Kat. 1 und 2, <\/em><br><em>maximal 2 pro Stellplatz)<\/em> <\/td><td class=\"has-text-align-left\" data-align=\"left\"><strong>3\u20ac\/Nacht <br><\/strong><\/td><\/tr><tr><td><strong><mark style=\"background-color:rgba(0, 0, 0, 0)\" class=\"has-inline-color has-orange-color\"> \u2022<\/mark> Zus\u00e4tzliches Fahrzeug<\/strong><\/td><td class=\"has-text-align-left\" data-align=\"left\"><strong>3\u20ac\/Tag<\/strong><\/td><\/tr><tr><td><strong><mark style=\"background-color:rgba(0, 0, 0, 0)\" class=\"has-inline-color has-orange-color\"> \u2022<\/mark> Kassettenentleerung Wohnmobil<\/strong><\/td><td class=\"has-text-align-left\" data-align=\"left\"><strong>5\u20ac<\/strong><\/td><\/tr><\/tbody><\/table><\/figure>\n\n\n\n<p><\/p>\n<\/div>\n<\/div>\n\n\n\n<div class=\"wp-block-column is-vertically-aligned-top has-orange-color has-white-color has-text-color is-layout-flow wp-block-column-is-layout-flow\">\n<div class=\"wp-block-cover aligncenter card h-100 pl-4 pr-4 pt-4 rounded-lg border border-info\"><img decoding=\"async\" class=\"wp-block-cover__image-background wp-image-1376\" alt=\"\" src=\"https:\/\/www.campinglarenaudiere.com\/wp-content\/uploads\/2022\/01\/services-camping-Pornic.jpg\" style=\"object-position:61% 50%\" data-object-fit=\"cover\" data-object-position=\"61% 50%\"\/><span aria-hidden=\"true\" class=\"wp-block-cover__background has-turquoise-background-color has-background-dim-80 has-background-dim\"><\/span><div class=\"wp-block-cover__inner-container is-layout-flow wp-block-cover-is-layout-flow\">\n<p class=\"has-text-align-center has-medium-font-size\"><img decoding=\"async\" class=\"wp-image-1977\" style=\"width: 70px;\" src=\"https:\/\/www.campinglarenaudiere.com\/wp-content\/uploads\/2021\/12\/smile-blanc.png\" alt=\"\">    &nbsp;  <strong>PRAXIS<\/strong><\/p>\n\n\n\n<div style=\"height:18px\" aria-hidden=\"true\" class=\"wp-block-spacer\"><\/div>\n\n\n\n<p class=\"wp-block-sev-picto-text\"><i class=\"fa fa-calendar-alt\"><\/i><span>Reservierung f\u00fcr mindestens 2 N\u00e4chte f\u00fcr Cocos Sweet und Tit'homes - mindestens 3 N\u00e4chte im Juli und August<\/span><\/p>\n\n\n\n<p class=\"wp-block-sev-picto-text\"><i class=\"fa fa-clock\"><\/i><span>Ankunft ab 14 Uhr und Abreise bis 12 Uhr f\u00fcr Stellpl\u00e4tze<\/span><\/p>\n\n\n\n<div style=\"height:32px\" aria-hidden=\"true\" class=\"wp-block-spacer\"><\/div>\n\n\n\n<p class=\"has-text-align-center\"><strong>\u00d6ffnungszeiten der Rezeption <\/strong> <br><img decoding=\"async\" class=\"wp-image-4325\" style=\"width: 49px;\" src=\"https:\/\/www.campinglarenaudiere.com\/wp-content\/uploads\/2021\/12\/barre-camping-1.png\" alt=\"\"> <\/p>\n\n\n\n<p class=\"has-text-align-center\">Nebensaison: 10:00 bis 12:00 Uhr und 14:00 bis 18:00 Uhr<br>Juli - August<em>&nbsp;<\/em>: 9h bis 12h und 14h bis 19h<\/p>\n\n\n\n<p><\/p>\n<\/div><\/div>\n<\/div>\n<\/div>\n\n\n\n<p><\/p>\n\n\n\n<p class=\"has-text-align-center texte-rond mt-5 has-large-font-size\">Was es auf dem Campingplatz zu entdecken gibt<\/p>\n\n\n\n<div class=\"wp-block-columns are-vertically-aligned-center h-20 front-page-section grey is-layout-flex wp-container-core-columns-is-layout-28f84493 wp-block-columns-is-layout-flex\">\n<div class=\"wp-block-column is-layout-flow wp-block-column-is-layout-flow\"><\/div>\n\n\n\n<div class=\"wp-block-column is-layout-flow wp-block-column-is-layout-flow\">\n<div class=\"wp-block-create-block-sevgutenberg-navigation\"><aside class=\"encart-sev-navigation small carre\"><a href=\"https:\/\/www.mirabel-4vaulx.com\/de\/restaurant-bar-snack\/\" class=\"d-flex flex-column align-items-center\"><div class=\"encart-title\"><span>Restaurant Brasserie<\/span><\/div><div class=\"vague\"><\/div><img decoding=\"async\" src=\"https:\/\/www.mirabel-4vaulx.com\/wp-content\/uploads\/2022\/10\/la-cabane-viande-plat-frites.jpg\" alt=\"flach die H\u00fctte\"\/><div class=\"ligne\"><\/div><div class=\"hover\"><\/div><\/a><\/aside><\/div>\n<\/div>\n\n\n\n<div class=\"wp-block-column is-vertically-aligned-center is-layout-flow wp-block-column-is-layout-flow\">\n<div class=\"wp-block-create-block-sevgutenberg-navigation\"><aside class=\"encart-sev-navigation small carre\"><a href=\"https:\/\/www.mirabel-4vaulx.com\/de\/campingdienste\/\" class=\"d-flex flex-column align-items-center\"><div class=\"encart-title\"><span>Dienste<\/span><\/div><div class=\"vague\"><\/div><img decoding=\"async\" src=\"https:\/\/www.mirabel-4vaulx.com\/wp-content\/uploads\/2022\/10\/camping-4vaulx-mirabel-st-cast.jpg\" alt=\"Rezeption des Campingplatzes\"\/><div class=\"ligne\"><\/div><div class=\"hover\"><\/div><\/a><\/aside><\/div>\n<\/div>\n\n\n\n<div class=\"wp-block-column is-vertically-aligned-center is-layout-flow wp-block-column-is-layout-flow\">\n<div class=\"wp-block-create-block-sevgutenberg-navigation\"><aside class=\"encart-sev-navigation small carre\"><a href=\"https:\/\/www.mirabel-4vaulx.com\/de\/die-erfahrungen\/\" class=\"d-flex flex-column align-items-center\"><div class=\"encart-title\"><span>Erfahrungen<\/span><\/div><div class=\"vague\"><\/div><img decoding=\"async\" src=\"https:\/\/www.mirabel-4vaulx.com\/wp-content\/uploads\/2022\/10\/2-peche-a-pied-enfant-balade-1.jpg\" alt=\"Angeln\"\/><div class=\"ligne\"><\/div><div class=\"hover\"><\/div><\/a><\/aside><\/div>\n<\/div>\n\n\n\n<div class=\"wp-block-column is-layout-flow wp-block-column-is-layout-flow\"><\/div>\n<\/div>","protected":false},"excerpt":{"rendered":"<p>Nos emplacements pour tente, caravane ou camping-car dans les C\u00f4tes d\u2019Armor Nos emplacements spacieux et am\u00e9nag\u00e9s vous permettront d\u2019installer tous [&hellip;]<\/p>\n","protected":false},"author":1,"featured_media":0,"parent":0,"menu_order":0,"comment_status":"closed","ping_status":"closed","template":"","meta":{"_seopress_robots_primary_cat":"","_seopress_titles_title":"Emplacements camping Les 4 Vaulx","_seopress_titles_desc":"Installez-vous sur l'un de nos emplacement au camping les 4 Vaulx \u00e0 Saint Cast le Guildo. Emplacement nu ou confort, pour les besoins de chacun.","_seopress_robots_index":"","footnotes":""},"class_list":["post-7394","page","type-page","status-publish","hentry"],"_links":{"self":[{"href":"https:\/\/www.mirabel-4vaulx.com\/de\/wp-json\/wp\/v2\/pages\/7394","targetHints":{"allow":["GET"]}}],"collection":[{"href":"https:\/\/www.mirabel-4vaulx.com\/de\/wp-json\/wp\/v2\/pages"}],"about":[{"href":"https:\/\/www.mirabel-4vaulx.com\/de\/wp-json\/wp\/v2\/types\/page"}],"author":[{"embeddable":true,"href":"https:\/\/www.mirabel-4vaulx.com\/de\/wp-json\/wp\/v2\/users\/1"}],"replies":[{"embeddable":true,"href":"https:\/\/www.mirabel-4vaulx.com\/de\/wp-json\/wp\/v2\/comments?post=7394"}],"version-history":[{"count":42,"href":"https:\/\/www.mirabel-4vaulx.com\/de\/wp-json\/wp\/v2\/pages\/7394\/revisions"}],"predecessor-version":[{"id":10196,"href":"https:\/\/www.mirabel-4vaulx.com\/de\/wp-json\/wp\/v2\/pages\/7394\/revisions\/10196"}],"wp:attachment":[{"href":"https:\/\/www.mirabel-4vaulx.com\/de\/wp-json\/wp\/v2\/media?parent=7394"}],"curies":[{"name":"WordPress","href":"https:\/\/api.w.org\/{rel}","templated":true}]}}