{"id":5989,"date":"2022-09-23T10:01:00","date_gmt":"2022-09-23T08:01:00","guid":{"rendered":"https:\/\/web9.staging.sevouestcom.com\/?page_id=5989"},"modified":"2026-03-09T14:47:11","modified_gmt":"2026-03-09T13:47:11","slug":"cotes-darmor","status":"publish","type":"page","link":"https:\/\/www.mirabel-4vaulx.com\/de\/cotes-darmor\/","title":{"rendered":"C\u00f4tes d'Armor"},"content":{"rendered":"<h1 class=\"wp-block-heading\"><strong>Entdecken Sie die C\u00f4tes d'Armor in der Bretagne<\/strong><\/h1>\n\n\n\n<p class=\"has-text-align-center\">Etwa 2 Stunden von Paris entfernt k\u00f6nnen Sie die C\u00f4tes d'Armor mit ihrem reichen Kulturerbe, ihren kulturellen und touristischen Angeboten erkunden.<\/p>\n\n\n\n<figure class=\"wp-block-image aligncenter size-full\"><img loading=\"lazy\" decoding=\"async\" width=\"50\" height=\"8\" src=\"https:\/\/www.mirabel-4vaulx.com\/wp-content\/uploads\/2022\/11\/barre-bleue.png\" alt=\"camping bretagne saint cast le guildo\" class=\"wp-image-8324\"\/><\/figure>\n\n\n\n<div style=\"height:30px\" aria-hidden=\"true\" class=\"wp-block-spacer\"><\/div>\n\n\n\n<div class=\"wp-block-media-text alignwide is-stacked-on-mobile animate left\"><figure class=\"wp-block-media-text__media\"><img loading=\"lazy\" decoding=\"async\" width=\"1024\" height=\"683\" src=\"https:\/\/www.mirabel-4vaulx.com\/wp-content\/uploads\/2022\/10\/1-saint-brieuc-reserve-naturelle-1024x683.jpg\" alt=\"camping bretagne saint cast le guildo\" class=\"wp-image-7376 size-full\" srcset=\"https:\/\/www.mirabel-4vaulx.com\/wp-content\/uploads\/2022\/10\/1-saint-brieuc-reserve-naturelle-1024x683.jpg 1024w, https:\/\/www.mirabel-4vaulx.com\/wp-content\/uploads\/2022\/10\/1-saint-brieuc-reserve-naturelle-300x200.jpg 300w, https:\/\/www.mirabel-4vaulx.com\/wp-content\/uploads\/2022\/10\/1-saint-brieuc-reserve-naturelle-768x512.jpg 768w, https:\/\/www.mirabel-4vaulx.com\/wp-content\/uploads\/2022\/10\/1-saint-brieuc-reserve-naturelle.jpg 1200w\" sizes=\"auto, (max-width: 1024px) 100vw, 1024px\" \/><\/figure><div class=\"wp-block-media-text__content\">\n<h2 class=\"wp-block-heading\"><strong>Die Bucht von Saint Brieuc<\/strong><\/h2>\n\n\n\n<figure class=\"wp-block-image size-full\"><img loading=\"lazy\" decoding=\"async\" width=\"50\" height=\"8\" src=\"https:\/\/www.mirabel-4vaulx.com\/wp-content\/uploads\/2022\/11\/barre-bleue.png\" alt=\"camping bretagne saint cast le guildo\" class=\"wp-image-8324\"\/><\/figure>\n\n\n\n<p>F\u00fcr einen idealen Ort, an dem Sie ein Wochenende oder ein paar Tage Urlaub am Meer verbringen k\u00f6nnen, w\u00e4hlen Sie die <strong><a href=\"https:\/\/www.baiedesaintbrieuc.com\/\" target=\"_blank\" rel=\"noreferrer noopener\">Bucht von Saint-Brieuc<\/a>. <\/strong>Auf der Suche nach weiten Fl\u00e4chen findet sich hier die <strong>gr\u00f6\u00dftes Naturschutzgebiet<\/strong> der Bretagne zu sehen. Au\u00dferdem k\u00f6nnen Sie das Ph\u00e4nomen der <strong>Gro\u00dfe Gezeiten<\/strong>, Auf dem GR34 k\u00f6nnen Sie zauberhafte Ausblicke genie\u00dfen (z. B. die Klippen von Plouha, den Hafen von Gwin Z\u00e9gal) und die gro\u00dfen Str\u00e4nde von Binic oder Pl\u00e9rin besuchen. F\u00fcr Liebhaber der guten K\u00fcche verw\u00f6hnen Sie sich mit der <strong>Jakobsmuschel,<\/strong> die Sie von Oktober bis April finden werden.<\/p>\n<\/div><\/div>\n\n\n\n<div style=\"height:14px\" aria-hidden=\"true\" class=\"wp-block-spacer\"><\/div>\n\n\n\n<div class=\"wp-block-media-text alignwide has-media-on-the-right is-stacked-on-mobile is-image-fill-element front-page-section grey animate right\"><div class=\"wp-block-media-text__content\">\n<p class=\"texte-rond has-orange-color has-text-color has-large-font-size\">Dinan und seine mittelalterliche Stadt<\/p>\n\n\n\n<p>Liegt in der N\u00e4he des Flusses Rance, <strong><a href=\"https:\/\/www.dinan-capfrehel.com\/\" target=\"_blank\" rel=\"noreferrer noopener\">Dinan<\/a> <\/strong>ist eine Stadt, die man zu jeder Jahreszeit besuchen kann. Sie wird f\u00fcr die Gro\u00dfz\u00fcgigkeit ihrer Natur und ihr reiches Kulturerbe gesch\u00e4tzt. Wenn Sie die Stra\u00dfen m\u00f6gen <strong>typisch bretonisch<\/strong>, Dann werden Sie es lieben, durch die Gassen von Dinan zu schlendern und die bunten Fachwerkh\u00e4user, das Kopfsteinpflaster und die Stadtmauern zu bewundern. <strong>Stadt der Kunst und Geschichte<\/strong>, Dinan ist auch ein <strong>pr\u00e4chtiges Schloss<\/strong>, die sp\u00e4tmittelalterliche Stadt, die <strong><a href=\"https:\/\/www.fete-remparts-dinan.com\/\" target=\"_blank\" rel=\"noreferrer noopener\">Fest der Stadtmauern<\/a><\/strong> die die Stadt jeden Sommer belebt, oder die <strong>Jerzualstra\u00dfe<\/strong>, Die Stadt ist bekannt f\u00fcr ihre Fachwerkh\u00e4user oder auch f\u00fcr ihre <strong>K\u00fcnstlerateliers<\/strong> (Weber und Gerber gab es in H\u00fclle und F\u00fclle).<\/p>\n<\/div><figure class=\"wp-block-media-text__media\"><img loading=\"lazy\" decoding=\"async\" width=\"683\" height=\"1024\" src=\"https:\/\/www.mirabel-4vaulx.com\/wp-content\/uploads\/2022\/10\/2-dinan-creperie-pave-2-683x1024.jpg\" alt=\"camping bretagne saint cast le guildo\" class=\"wp-image-7380 size-full\" style=\"object-position:50% 50%\" srcset=\"https:\/\/www.mirabel-4vaulx.com\/wp-content\/uploads\/2022\/10\/2-dinan-creperie-pave-2-683x1024.jpg 683w, https:\/\/www.mirabel-4vaulx.com\/wp-content\/uploads\/2022\/10\/2-dinan-creperie-pave-2-200x300.jpg 200w, https:\/\/www.mirabel-4vaulx.com\/wp-content\/uploads\/2022\/10\/2-dinan-creperie-pave-2-768x1152.jpg 768w, https:\/\/www.mirabel-4vaulx.com\/wp-content\/uploads\/2022\/10\/2-dinan-creperie-pave-2.jpg 800w\" sizes=\"auto, (max-width: 683px) 100vw, 683px\" \/><\/figure><\/div>\n\n\n\n<div style=\"height:14px\" aria-hidden=\"true\" class=\"wp-block-spacer\"><\/div>\n\n\n\n<div class=\"wp-block-media-text alignwide is-stacked-on-mobile animate left\"><figure class=\"wp-block-media-text__media\"><img loading=\"lazy\" decoding=\"async\" width=\"1024\" height=\"683\" src=\"https:\/\/www.mirabel-4vaulx.com\/wp-content\/uploads\/2022\/10\/3-ploumanach-cote-granit-rose-1024x683.jpg\" alt=\"ploumanach\" class=\"wp-image-7385 size-full\" srcset=\"https:\/\/www.mirabel-4vaulx.com\/wp-content\/uploads\/2022\/10\/3-ploumanach-cote-granit-rose-1024x683.jpg 1024w, https:\/\/www.mirabel-4vaulx.com\/wp-content\/uploads\/2022\/10\/3-ploumanach-cote-granit-rose-300x200.jpg 300w, https:\/\/www.mirabel-4vaulx.com\/wp-content\/uploads\/2022\/10\/3-ploumanach-cote-granit-rose-768x512.jpg 768w, https:\/\/www.mirabel-4vaulx.com\/wp-content\/uploads\/2022\/10\/3-ploumanach-cote-granit-rose.jpg 1200w\" sizes=\"auto, (max-width: 1024px) 100vw, 1024px\" \/><\/figure><div class=\"wp-block-media-text__content\">\n<h2 class=\"wp-block-heading\"><strong>Ploumanac'h - Die Rosa Granitk\u00fcste<\/strong><\/h2>\n\n\n\n<figure class=\"wp-block-image size-full\"><img loading=\"lazy\" decoding=\"async\" width=\"50\" height=\"8\" src=\"https:\/\/www.mirabel-4vaulx.com\/wp-content\/uploads\/2022\/11\/barre-bleue.png\" alt=\"camping bretagne saint cast le guildo\" class=\"wp-image-8324\"\/><\/figure>\n\n\n\n<p>F\u00fcr eine einzigartige Kulisse mit dem Flair des Endes der Welt schiffen Sie sich auf der <strong><a href=\"https:\/\/www.cotesdarmor.com\/sites-incontournables\/ploumanach-et-la-cote-de-granit-rose\/\" target=\"_blank\" rel=\"noreferrer noopener\">Rosa Granitk\u00fcste<\/a><\/strong>. Diese Granitfelsen haben sich vor vielen Jahren gebildet und ziehen jedes Jahr viele Wanderer und Neugierige an. Auf dem Weg durch den <strong>Z\u00f6llnerpfad<\/strong> (GR34), werden Sie es lieben, sich unter den vielen Wegen zu verlieren, die zu Ausblicken f\u00fchren <strong>au\u00dfergew\u00f6hnliche Panoramen<\/strong>. So k\u00f6nnen Sie von Fels zu Fels \u00abkraxeln\u00bb, und bei jeder Kurve wird ein <strong>neue Landschaft<\/strong> bietet sich Ihnen an!<a href=\"https:\/\/www.tourismebretagne.com\/destinations\/les-10-destinations\/cote-de-granit-rose-baie-de-morlaix\/ploumanach-perros-guirec\/\" target=\"_blank\" rel=\"noreferrer noopener\"> <strong>Ploumanac'h<\/strong>,<\/a> der Leuchtturm von <strong><a href=\"https:\/\/www.perros-guirec.com\/\" target=\"_blank\" rel=\"noreferrer noopener\">Perros Guirrec<\/a><\/strong> sind ein Muss, wenn Sie in die C\u00f4tes d'Armor kommen. Lassen Sie sie sich nicht entgehen!<\/p>\n<\/div><\/div>\n\n\n\n<p><\/p>\n\n\n\n<p class=\"has-text-align-center texte-rond mt-5 has-large-font-size\">Was es auf dem Campingplatz zu entdecken gibt<\/p>\n\n\n\n<div class=\"wp-block-columns are-vertically-aligned-center h-20 front-page-section grey is-layout-flex wp-container-core-columns-is-layout-28f84493 wp-block-columns-is-layout-flex\">\n<div class=\"wp-block-column is-layout-flow wp-block-column-is-layout-flow\"><\/div>\n\n\n\n<div class=\"wp-block-column is-layout-flow wp-block-column-is-layout-flow\">\n<div class=\"wp-block-create-block-sevgutenberg-navigation\"><aside class=\"encart-sev-navigation small carre\"><a href=\"https:\/\/www.mirabel-4vaulx.com\/de\/vermietung-cocosweet\/\" class=\"d-flex flex-column align-items-center\"><div class=\"encart-title\"><span>Coco Sweet<\/span><\/div><div class=\"vague\"><\/div><img decoding=\"async\" src=\"https:\/\/www.mirabel-4vaulx.com\/wp-content\/uploads\/2022\/10\/coco-sweet-terrasse-vacances.jpg\" alt=\"coco sweet\"\/><div class=\"ligne\"><\/div><div class=\"hover\"><\/div><\/a><\/aside><\/div>\n<\/div>\n\n\n\n<div class=\"wp-block-column is-vertically-aligned-center is-layout-flow wp-block-column-is-layout-flow\">\n<div class=\"wp-block-create-block-sevgutenberg-navigation\"><aside class=\"encart-sev-navigation small carre\"><a href=\"https:\/\/www.mirabel-4vaulx.com\/de\/campingplatze\/\" class=\"d-flex flex-column align-items-center\"><div class=\"encart-title\"><span>Campingpl\u00e4tze<\/span><\/div><div class=\"vague\"><\/div><img decoding=\"async\" src=\"https:\/\/www.mirabel-4vaulx.com\/wp-content\/uploads\/2022\/10\/1-emplacement-confort-4vaulx.jpg\" alt=\"\"\/><div class=\"ligne\"><\/div><div class=\"hover\"><\/div><\/a><\/aside><\/div>\n<\/div>\n\n\n\n<div class=\"wp-block-column is-vertically-aligned-center is-layout-flow wp-block-column-is-layout-flow\">\n<div class=\"wp-block-create-block-sevgutenberg-navigation\"><aside class=\"encart-sev-navigation small carre\"><a href=\"https:\/\/www.mirabel-4vaulx.com\/de\/campingdienste\/\" class=\"d-flex flex-column align-items-center\"><div class=\"encart-title\"><span>Dienste<\/span><\/div><div class=\"vague\"><\/div><img decoding=\"async\" src=\"https:\/\/www.mirabel-4vaulx.com\/wp-content\/uploads\/2022\/10\/camping-4vaulx-mirabel-st-cast.jpg\" alt=\"Rezeption des Campingplatzes\"\/><div class=\"ligne\"><\/div><div class=\"hover\"><\/div><\/a><\/aside><\/div>\n<\/div>\n\n\n\n<div class=\"wp-block-column is-layout-flow wp-block-column-is-layout-flow\"><\/div>\n<\/div>","protected":false},"excerpt":{"rendered":"<p>D\u00e9couvrez les C\u00f4tes d\u2019Armor en Bretagne \u00c0 environ 2h de Paris, venez explorer les C\u00f4tes d\u2019Armor et ses richesses patrimoniales, [&hellip;]<\/p>\n","protected":false},"author":1,"featured_media":0,"parent":0,"menu_order":0,"comment_status":"closed","ping_status":"closed","template":"","meta":{"_seopress_robots_primary_cat":"","_seopress_titles_title":"Les c\u00f4tes d'Armor pendant votre s\u00e9jour au camping Les 4 Vaulx","_seopress_titles_desc":"D\u00e9couvrez les C\u00f4tes d'Armor en Bretagne pendant votre s\u00e9jour \u00e0 Saint Cast le Guildo au camping Les 4 Vaulx","_seopress_robots_index":"","footnotes":""},"class_list":["post-5989","page","type-page","status-publish","hentry"],"_links":{"self":[{"href":"https:\/\/www.mirabel-4vaulx.com\/de\/wp-json\/wp\/v2\/pages\/5989","targetHints":{"allow":["GET"]}}],"collection":[{"href":"https:\/\/www.mirabel-4vaulx.com\/de\/wp-json\/wp\/v2\/pages"}],"about":[{"href":"https:\/\/www.mirabel-4vaulx.com\/de\/wp-json\/wp\/v2\/types\/page"}],"author":[{"embeddable":true,"href":"https:\/\/www.mirabel-4vaulx.com\/de\/wp-json\/wp\/v2\/users\/1"}],"replies":[{"embeddable":true,"href":"https:\/\/www.mirabel-4vaulx.com\/de\/wp-json\/wp\/v2\/comments?post=5989"}],"version-history":[{"count":26,"href":"https:\/\/www.mirabel-4vaulx.com\/de\/wp-json\/wp\/v2\/pages\/5989\/revisions"}],"predecessor-version":[{"id":10280,"href":"https:\/\/www.mirabel-4vaulx.com\/de\/wp-json\/wp\/v2\/pages\/5989\/revisions\/10280"}],"wp:attachment":[{"href":"https:\/\/www.mirabel-4vaulx.com\/de\/wp-json\/wp\/v2\/media?parent=5989"}],"curies":[{"name":"WordPress","href":"https:\/\/api.w.org\/{rel}","templated":true}]}}