{"id":56,"date":"2021-12-10T14:21:02","date_gmt":"2021-12-10T13:21:02","guid":{"rendered":"https:\/\/www.campinglarenaudiere.com\/?page_id=56"},"modified":"2025-06-25T11:40:55","modified_gmt":"2025-06-25T09:40:55","slug":"vermietung-cocosweet","status":"publish","type":"page","link":"https:\/\/www.mirabel-4vaulx.com\/de\/location-cocosweet\/","title":{"rendered":"Coco Sweet"},"content":{"rendered":"<h1 class=\"wp-block-heading\" id=\"location-de-mobil-home-au-camping-4-etoiles-en-loire-atlantique\">Les Cocos Sweet - das Komfort- und eingerichtete Zelt<\/h1>\n\n\n\n<p class=\"has-text-align-center\">Wer davon tr\u00e4umt, mit leichtem Gep\u00e4ck und befreitem Geist zu reisen, sollte sich f\u00fcr unsere Cocos Sweet entscheiden und sich mit Blick auf das Meer niederlassen.<\/p>\n\n\n\n<div class=\"wp-block-media-text alignwide has-media-on-the-right is-stacked-on-mobile is-image-fill-element animate right\"><div class=\"wp-block-media-text__content\">\n<h2 class=\"wp-block-heading\"><strong>Ihr Urlaub auf dem Campingplatz mit dem Plus an Komfort<\/strong><\/h2>\n\n\n\n<figure class=\"wp-block-image size-full\"><img loading=\"lazy\" decoding=\"async\" width=\"50\" height=\"8\" src=\"https:\/\/www.mirabel-4vaulx.com\/wp-content\/uploads\/2022\/11\/barre-bleue.png\" alt=\"camping bretagne saint cast le guildo\" class=\"wp-image-8324\"\/><\/figure>\n\n\n\n<p class=\"justify-content\">Lust auf einen Kompromiss zwischen Zelt und Wohnwagen? <a href=\"https:\/\/www.mirabel-4vaulx.com\/de\/unterkunft\/coco-sweet\/\">La Coco Sweet<\/a> ist wie f\u00fcr Sie gemacht! Unsere Leinwand von <strong>eingerichtetes Zelt<\/strong> wird die ganze Familie begeistern. Dank seiner <strong>zwei Zimmer<\/strong>, Es kann bis zu 4 Personen beherbergen. Es gibt keine sanit\u00e4ren Anlagen, aber Sie werden den Spa\u00df und den wahren Campinggeist wiederfinden und am Geschirrsp\u00fclbecken vor den Duschen nette Bekanntschaften machen. Die <strong>kleine Kochnische<\/strong> k\u00f6nnen Sie leckere Gerichte zubereiten, die Sie auf den Gartenm\u00f6beln von <strong>die Terrasse<\/strong> Ihrer Coco Sweet, mit einer <strong>sch\u00f6ne Aussicht auf das Meer<\/strong>. Sie z\u00f6gern also noch? Buchen Sie Ihren Aufenthalt ohne weitere Verz\u00f6gerung, ab 2 N\u00e4chten und mindestens 3 N\u00e4chten im Sommer.<\/p>\n\n\n\n<p><\/p>\n\n\n\n<div class=\"wp-block-group alignwide is-layout-flow wp-block-group-is-layout-flow\"><\/div>\n\n\n\n<p><\/p>\n<\/div><figure class=\"wp-block-media-text__media\"><img loading=\"lazy\" decoding=\"async\" width=\"1024\" height=\"683\" src=\"https:\/\/www.mirabel-4vaulx.com\/wp-content\/uploads\/2022\/10\/coco-sweet-chambre-location-1024x683.jpg\" alt=\"coco sweet\" class=\"wp-image-7554 size-full\" style=\"object-position:50% 50%\" srcset=\"https:\/\/www.mirabel-4vaulx.com\/wp-content\/uploads\/2022\/10\/coco-sweet-chambre-location-1024x683.jpg 1024w, https:\/\/www.mirabel-4vaulx.com\/wp-content\/uploads\/2022\/10\/coco-sweet-chambre-location-300x200.jpg 300w, https:\/\/www.mirabel-4vaulx.com\/wp-content\/uploads\/2022\/10\/coco-sweet-chambre-location-768x512.jpg 768w, https:\/\/www.mirabel-4vaulx.com\/wp-content\/uploads\/2022\/10\/coco-sweet-chambre-location.jpg 1200w\" sizes=\"auto, (max-width: 1024px) 100vw, 1024px\" \/><\/figure><\/div>\n\n\n\n<div style=\"height:46px\" aria-hidden=\"true\" class=\"wp-block-spacer\"><\/div>\n\n\n\n<h2 class=\"wp-block-heading\"><strong>Vermietung <\/strong>von eingerichteten Zelten in Saint-Cast-le-Guildo<\/h2>\n\n\n\n<figure class=\"wp-block-image size-full\"><img loading=\"lazy\" decoding=\"async\" width=\"50\" height=\"8\" src=\"https:\/\/www.mirabel-4vaulx.com\/wp-content\/uploads\/2022\/11\/barre-bleue.png\" alt=\"camping bretagne saint cast le guildo\" class=\"wp-image-8324\"\/><\/figure>\n\n\n<p><ctv-availability data-product-id=\"110663\" data-background-color=\"#FFFFFFFF\" data-month=\"05\"><\/ctv-availability><\/p>\n\n\n\n<div style=\"height:65px\" aria-hidden=\"true\" class=\"wp-block-spacer\"><\/div>\n\n\n\n<div class=\"wp-block-columns is-layout-flex wp-container-core-columns-is-layout-28f84493 wp-block-columns-is-layout-flex\">\n<div class=\"wp-block-column has-white-color has-text-color is-layout-flow wp-block-column-is-layout-flow\" id=\"options\">\n<div class=\"wp-block-group card h-100 pl-4 pr-4 pt-4 rounded-lg border border-info is-layout-flow wp-block-group-is-layout-flow\">\n<p class=\"has-text-align-left has-turquoise-color has-text-color has-medium-font-size\"><img decoding=\"async\" class=\"wp-image-1933\" style=\"width: 50px;\" src=\"https:\/\/www.campinglarenaudiere.com\/wp-content\/uploads\/2021\/12\/etoile.png\" alt=\"Stern\">   &nbsp;      <strong>OPTIONAL<\/strong><\/p>\n\n\n\n<figure class=\"wp-block-table text-left table-tarifs\"><table class=\"has-turquoise-color has-text-color\"><tbody><tr><td><mark style=\"background-color:rgba(0, 0, 0, 0)\" class=\"has-inline-color has-orange-color\"><strong><mark style=\"background-color:rgba(0, 0, 0, 0)\" class=\"has-inline-color has-orange-color\">\u2022<\/mark> <\/strong> <\/mark><strong>Bettlaken mieten<\/strong>s<\/td><td class=\"has-text-align-left\" data-align=\"left\"><strong>12\u20ac\/15\u20ac<\/strong>                 <\/td><\/tr><tr><td><strong> <mark style=\"background-color:rgba(0, 0, 0, 0)\" class=\"has-inline-color has-orange-color\">\u2022<\/mark> <\/strong> <strong>Verleih von Babyausstattungen<br><\/strong><em>(Babybett, T\u00f6pfchen, Badewanne und Hochstuhl) <\/em><\/td><td class=\"has-text-align-left\" data-align=\"left\"><strong>3\u20ac\/Tag<\/strong><\/td><\/tr><tr><td><strong> <mark style=\"background-color:rgba(0, 0, 0, 0)\" class=\"has-inline-color has-orange-color\">\u2022<\/mark> <\/strong> <strong>Haustiere akzeptiert  <em><br><\/em><\/strong><em>(Katze und Hunde, au\u00dfer Kat. 1 und 2, <\/em><br><em>maximal 2 pro Stellplatz)<\/em> <\/td><td class=\"has-text-align-left\" data-align=\"left\"><strong>3\u20ac\/Nacht <\/strong><\/td><\/tr><tr><td><strong><mark style=\"background-color:rgba(0, 0, 0, 0)\" class=\"has-inline-color has-orange-color\"> \u2022<\/mark> Zus\u00e4tzliches Fahrzeug<\/strong><\/td><td class=\"has-text-align-left\" data-align=\"left\"><strong>3\u20ac\/Tag<\/strong><\/td><\/tr><tr><td><strong><mark style=\"background-color:rgba(0, 0, 0, 0)\" class=\"has-inline-color has-orange-color\"> \u2022<\/mark> Kassettenentleerung Wohnmobil<\/strong><\/td><td class=\"has-text-align-left\" data-align=\"left\"><strong>5\u20ac<\/strong><\/td><\/tr><\/tbody><\/table><\/figure>\n\n\n\n<p><\/p>\n<\/div>\n<\/div>\n\n\n\n<div class=\"wp-block-column is-vertically-aligned-top has-orange-color has-white-color has-text-color is-layout-flow wp-block-column-is-layout-flow\">\n<div class=\"wp-block-cover aligncenter card h-100 pl-4 pr-4 pt-4 rounded-lg border border-info\"><img decoding=\"async\" class=\"wp-block-cover__image-background wp-image-1376\" alt=\"\" src=\"https:\/\/www.campinglarenaudiere.com\/wp-content\/uploads\/2022\/01\/services-camping-Pornic.jpg\" style=\"object-position:61% 50%\" data-object-fit=\"cover\" data-object-position=\"61% 50%\"\/><span aria-hidden=\"true\" class=\"wp-block-cover__background has-turquoise-background-color has-background-dim-80 has-background-dim\"><\/span><div class=\"wp-block-cover__inner-container is-layout-flow wp-block-cover-is-layout-flow\">\n<p class=\"has-text-align-center has-medium-font-size\"><img decoding=\"async\" class=\"wp-image-1977\" style=\"width: 70px;\" src=\"https:\/\/www.campinglarenaudiere.com\/wp-content\/uploads\/2021\/12\/smile-blanc.png\" alt=\"camping bretagne saint cast le guildo\"> \u00a0 <strong>PRAXIS<\/strong><\/p>\n\n\n\n<div style=\"height:18px\" aria-hidden=\"true\" class=\"wp-block-spacer\"><\/div>\n\n\n\n<p class=\"wp-block-sev-picto-text\"><i class=\"fa fa-calendar-alt\"><\/i><span>Reservierung f\u00fcr mindestens 2 N\u00e4chte in der Nebensaison und mindestens 3 N\u00e4chte im Juli und August.<\/span><\/p>\n\n\n\n<p class=\"wp-block-sev-picto-text\"><i class=\"fa fa-clock\"><\/i><span>Anreise ab 15 Uhr und Abreise bis 10 Uhr f\u00fcr Mietobjekte<\/span><\/p>\n\n\n\n<div style=\"height:32px\" aria-hidden=\"true\" class=\"wp-block-spacer\"><\/div>\n\n\n\n<p class=\"has-text-align-center\"><strong>\u00d6ffnungszeiten der Rezeption <\/strong> <br><img decoding=\"async\" class=\"wp-image-4325\" style=\"width: 49px;\" src=\"https:\/\/www.campinglarenaudiere.com\/wp-content\/uploads\/2021\/12\/barre-camping-1.png\" alt=\"\"> <\/p>\n\n\n\n<p class=\"has-text-align-center\">Nebensaison: 10:00 bis 12:00 Uhr und 14:00 bis 18:00 Uhr<br>Juli - August<em>&nbsp;<\/em>: 9h bis 12h und 14h bis 19h<\/p>\n\n\n\n<p><\/p>\n<\/div><\/div>\n<\/div>\n<\/div>\n\n\n\n<p class=\"has-text-align-center texte-rond mt-5 has-large-font-size\">Was es auf dem Campingplatz zu entdecken gibt<\/p>\n\n\n\n<div class=\"wp-block-columns are-vertically-aligned-center h-20 front-page-section grey is-layout-flex wp-container-core-columns-is-layout-28f84493 wp-block-columns-is-layout-flex\">\n<div class=\"wp-block-column is-layout-flow wp-block-column-is-layout-flow\"><\/div>\n\n\n\n<div class=\"wp-block-column is-layout-flow wp-block-column-is-layout-flow\">\n<div class=\"wp-block-create-block-sevgutenberg-navigation\"><aside class=\"encart-sev-navigation small carre\"><a href=\"https:\/\/www.mirabel-4vaulx.com\/de\/restaurant-bar-snack\/\" class=\"d-flex flex-column align-items-center\"><div class=\"encart-title\"><span>Restaurant Brasserie<\/span><\/div><div class=\"vague\"><\/div><img decoding=\"async\" src=\"https:\/\/www.mirabel-4vaulx.com\/wp-content\/uploads\/2022\/10\/la-cabane-viande-plat-frites.jpg\" alt=\"flach die H\u00fctte\"\/><div class=\"ligne\"><\/div><div class=\"hover\"><\/div><\/a><\/aside><\/div>\n<\/div>\n\n\n\n<div class=\"wp-block-column is-vertically-aligned-center is-layout-flow wp-block-column-is-layout-flow\">\n<div class=\"wp-block-create-block-sevgutenberg-navigation\"><aside class=\"encart-sev-navigation small carre\"><a href=\"https:\/\/www.mirabel-4vaulx.com\/de\/campingdienste\/\" class=\"d-flex flex-column align-items-center\"><div class=\"encart-title\"><span>Dienste<\/span><\/div><div class=\"vague\"><\/div><img decoding=\"async\" src=\"https:\/\/www.mirabel-4vaulx.com\/wp-content\/uploads\/2022\/10\/information-touristiques-accueil.jpg\" alt=\"Touristeninformationen\"\/><div class=\"ligne\"><\/div><div class=\"hover\"><\/div><\/a><\/aside><\/div>\n<\/div>\n\n\n\n<div class=\"wp-block-column is-vertically-aligned-center is-layout-flow wp-block-column-is-layout-flow\">\n<div class=\"wp-block-create-block-sevgutenberg-navigation\"><aside class=\"encart-sev-navigation small carre\"><a href=\"https:\/\/www.mirabel-4vaulx.com\/de\/die-erfahrungen\/\" class=\"d-flex flex-column align-items-center\"><div class=\"encart-title\"><span>Erfahrungen<\/span><\/div><div class=\"vague\"><\/div><img decoding=\"async\" src=\"https:\/\/www.mirabel-4vaulx.com\/wp-content\/uploads\/2022\/10\/2-peche-a-pied-enfant-balade-1.jpg\" alt=\"Angeln\"\/><div class=\"ligne\"><\/div><div class=\"hover\"><\/div><\/a><\/aside><\/div>\n<\/div>\n\n\n\n<div class=\"wp-block-column is-layout-flow wp-block-column-is-layout-flow\"><\/div>\n<\/div>","protected":false},"excerpt":{"rendered":"<p>Les Cocos Sweet &#8211; la tente confort et am\u00e9nag\u00e9e Pour ceux qui r\u00eavent de voyager l\u00e9ger et l\u2019esprit lib\u00e9r\u00e9, optez [&hellip;]<\/p>\n","protected":false},"author":1,"featured_media":0,"parent":0,"menu_order":0,"comment_status":"closed","ping_status":"closed","template":"","meta":{"_seopress_robots_primary_cat":"","_seopress_titles_title":"Location Coco Sweet \u00e0 Saint Cast le Guildo Les 4 Vaulx","_seopress_titles_desc":"Pour mieux pr\u00e9parer vos vacances en C\u00f4tes d'Armor, retrouvez toutes les informations sur nos locations de Coco Sweet \u00e0 Saint Cast le Guildo","_seopress_robots_index":"","footnotes":""},"class_list":["post-56","page","type-page","status-publish","hentry"],"_links":{"self":[{"href":"https:\/\/www.mirabel-4vaulx.com\/de\/wp-json\/wp\/v2\/pages\/56","targetHints":{"allow":["GET"]}}],"collection":[{"href":"https:\/\/www.mirabel-4vaulx.com\/de\/wp-json\/wp\/v2\/pages"}],"about":[{"href":"https:\/\/www.mirabel-4vaulx.com\/de\/wp-json\/wp\/v2\/types\/page"}],"author":[{"embeddable":true,"href":"https:\/\/www.mirabel-4vaulx.com\/de\/wp-json\/wp\/v2\/users\/1"}],"replies":[{"embeddable":true,"href":"https:\/\/www.mirabel-4vaulx.com\/de\/wp-json\/wp\/v2\/comments?post=56"}],"version-history":[{"count":34,"href":"https:\/\/www.mirabel-4vaulx.com\/de\/wp-json\/wp\/v2\/pages\/56\/revisions"}],"predecessor-version":[{"id":10207,"href":"https:\/\/www.mirabel-4vaulx.com\/de\/wp-json\/wp\/v2\/pages\/56\/revisions\/10207"}],"wp:attachment":[{"href":"https:\/\/www.mirabel-4vaulx.com\/de\/wp-json\/wp\/v2\/media?parent=56"}],"curies":[{"name":"WordPress","href":"https:\/\/api.w.org\/{rel}","templated":true}]}}