{"id":43,"date":"2021-12-10T14:15:21","date_gmt":"2021-12-10T13:15:21","guid":{"rendered":"https:\/\/www.campinglarenaudiere.com\/?page_id=43"},"modified":"2025-06-25T11:33:11","modified_gmt":"2025-06-25T09:33:11","slug":"aktivitaten-sport-freizeit","status":"publish","type":"page","link":"https:\/\/www.mirabel-4vaulx.com\/de\/activites-sports-loisirs\/","title":{"rendered":"Sport und Freizeit"},"content":{"rendered":"<h1 class=\"wp-block-heading\" id=\"faites-le-plein-d-activites-au-camping-la-renaudiere\"><strong>Ein Campingplatz mit zahlreichen Aktivit\u00e4ten in der N\u00e4he<\/strong><\/h1>\n\n\n\n<p class=\"has-text-align-center\">Bei einem Aufenthalt auf dem Campingplatz Les 4 Vaulx in Saint-Cast-le-Guildo werden Sie die Ruhe seiner Lage inmitten der Natur, seine N\u00e4he zum GR34 und seine Einrichtungen f\u00fcr die ganze Familie zu sch\u00e4tzen wissen.<\/p>\n\n\n\n<figure class=\"wp-block-image aligncenter size-full\"><img decoding=\"async\" src=\"https:\/\/www.campinglarenaudiere.com\/wp-content\/uploads\/2022\/01\/barre-bleue.png\" alt=\"camping bretagne saint cast le guildo\" class=\"wp-image-2382\"\/><\/figure>\n\n\n\n<div style=\"height:30px\" aria-hidden=\"true\" class=\"wp-block-spacer\"><\/div>\n\n\n\n<div class=\"wp-block-media-text alignwide has-media-on-the-right is-stacked-on-mobile animate right\"><div class=\"wp-block-media-text__content\">\n<p class=\"texte-rond has-orange-color has-text-color has-large-font-size\">Spiele drinnen und drau\u00dfen f\u00fcr alle<\/p>\n\n\n\n<p>F\u00fcr Kinder, aber auch f\u00fcr die Gro\u00dfen, finden Sie :<\/p>\n\n\n\n<ul class=\"wp-block-list\">\n<li>Eine <strong>Spielplatz<\/strong> mit Rutsche, Schaukeln und sicherem, abgegrenztem Sandkasten<\/li>\n\n\n\n<li>Eine <strong>Boulodrome<\/strong> f\u00fcr Ihre Boccia-, Shuffleboard- oder M\u00f6lkky-Spiele<\/li>\n\n\n\n<li>Ein Tisch von <strong>Tischtennis<\/strong> um Ihren Angeh\u00f6rigen gegen\u00fcberzutreten<\/li>\n\n\n\n<li>Eine <strong>Aufenthaltsraum<\/strong> mit K\u00fchlschrank, Gefrierschrank, Mikrowelle, Wasserkocher, Bibliothek und Gesellschaftsspielen<\/li>\n<\/ul>\n\n\n\n<figure class=\"wp-block-image alignright size-full is-resized\"><img decoding=\"async\" src=\"https:\/\/www.campinglarenaudiere.com\/wp-content\/uploads\/2022\/01\/tennis.png\" alt=\"sportliche Aktivit\u00e4ten: Tennis\" class=\"wp-image-2323\"\/><\/figure>\n<\/div><figure class=\"wp-block-media-text__media\"><img loading=\"lazy\" decoding=\"async\" width=\"1024\" height=\"683\" src=\"https:\/\/www.mirabel-4vaulx.com\/wp-content\/uploads\/2022\/10\/1-aire-jeu-balancoire-1024x683.jpg\" alt=\"Spielplatz\" class=\"wp-image-7474 size-full\" srcset=\"https:\/\/www.mirabel-4vaulx.com\/wp-content\/uploads\/2022\/10\/1-aire-jeu-balancoire-1024x683.jpg 1024w, https:\/\/www.mirabel-4vaulx.com\/wp-content\/uploads\/2022\/10\/1-aire-jeu-balancoire-300x200.jpg 300w, https:\/\/www.mirabel-4vaulx.com\/wp-content\/uploads\/2022\/10\/1-aire-jeu-balancoire-768x512.jpg 768w, https:\/\/www.mirabel-4vaulx.com\/wp-content\/uploads\/2022\/10\/1-aire-jeu-balancoire.jpg 1200w\" sizes=\"auto, (max-width: 1024px) 100vw, 1024px\" \/><\/figure><\/div>\n\n\n\n<div style=\"height:14px\" aria-hidden=\"true\" class=\"wp-block-spacer\"><\/div>\n\n\n\n<div class=\"wp-block-media-text alignwide is-stacked-on-mobile is-image-fill-element front-page-section grey animate left\"><figure class=\"wp-block-media-text__media\"><img loading=\"lazy\" decoding=\"async\" width=\"683\" height=\"1024\" src=\"https:\/\/www.mirabel-4vaulx.com\/wp-content\/uploads\/2022\/10\/2-peche-a-pied-enfant-balade-683x1024.jpg\" alt=\"Fu\u00dfangeln\" class=\"wp-image-7470 size-full\" style=\"object-position:50% 50%\" srcset=\"https:\/\/www.mirabel-4vaulx.com\/wp-content\/uploads\/2022\/10\/2-peche-a-pied-enfant-balade-683x1024.jpg 683w, https:\/\/www.mirabel-4vaulx.com\/wp-content\/uploads\/2022\/10\/2-peche-a-pied-enfant-balade-200x300.jpg 200w, https:\/\/www.mirabel-4vaulx.com\/wp-content\/uploads\/2022\/10\/2-peche-a-pied-enfant-balade-768x1152.jpg 768w, https:\/\/www.mirabel-4vaulx.com\/wp-content\/uploads\/2022\/10\/2-peche-a-pied-enfant-balade.jpg 800w\" sizes=\"auto, (max-width: 683px) 100vw, 683px\" \/><\/figure><div class=\"wp-block-media-text__content\">\n<p class=\"texte-rond has-orange-color has-text-color\" style=\"font-size:32px\">Fu\u00dffischerei und Muschelzucht<\/p>\n\n\n\n<p>Wenn es einen Ort gibt, an dem Ihre Kinder auf nat\u00fcrliche Weise das <strong>Gezeitenph\u00e4nomen<\/strong>, Das ist Les 4 Vaulx! In der Arguenon-Bucht zwischen Cap Fr\u00e9hel und Saint Malo bestimmen die Gezeiten den Tagesrhythmus. Die Amphibien folgen dem sich zur\u00fcckziehenden Wasser, die Muschelz\u00fcchter bringen die Flut zur\u00fcck. <strong>Tagesfang im Restaurant La Cabane<\/strong> oder an der Strandwache (Muscheln oder Austern), und die <strong>Liebhaber von <a href=\"https:\/\/www.mirabel-4vaulx.com\/de\/die-erfahrungen\/erfahrung-muscheln-und-fischen\/\" data-type=\"page\" data-id=\"895\">Angeln<\/a><\/strong> kreuzen die Badenden...<\/p>\n\n\n\n<p><strong>Gut zu wissen<\/strong>&nbsp;: des <a href=\"https:\/\/www.mirabel-4vaulx.com\/de\/die-erfahrungen\/erfahrung-muscheln-und-fischen\/\" data-type=\"page\" data-id=\"895\"><strong>Ausfl\u00fcge \u00ab Gro\u00dfe Gezeiten<\/strong>&nbsp;\u00bb<\/a> werden vom Fremdenverkehrsamt am Strand organisiert und bieten die Gelegenheit, die Muschelzucht zu entdecken! Sie k\u00f6nnen auch Rechen und Eimer f\u00fcr eine <a href=\"https:\/\/www.mirabel-4vaulx.com\/de\/die-erfahrungen\/erfahrung-muscheln-und-fischen\/\" data-type=\"page\" data-id=\"895\">Angelausflug mit den Kindern<\/a><\/p>\n<\/div><\/div>\n\n\n\n<div style=\"height:14px\" aria-hidden=\"true\" class=\"wp-block-spacer\"><\/div>\n\n\n\n<div class=\"wp-block-media-text alignwide has-media-on-the-right is-stacked-on-mobile is-image-fill-element animate right\"><div class=\"wp-block-media-text__content\">\n<p class=\"texte-rond has-orange-color has-text-color\" style=\"font-size:32px\">Der Fernwanderweg (GR34) f\u00fcr Sportler<\/p>\n\n\n\n<p>F\u00fcr die Liebhaber von <strong>Gehen, Laufen<\/strong> (oder nur wegen der erhabenen Aussicht), nehmen Sie den GR34, gerade \u00fcber die kleine Holzbr\u00fccke \u00fcber den Bach, und erreichen Sie dann die Spitze des Bay. Die <strong>Z\u00f6llnerpfad<\/strong> (GR34), f\u00fchrt am Campingplatz vorbei und profiliert sich entlang der C\u00f4te d'\u00e9-\u00c9meraude. So k\u00f6nnen Sie sich k\u00f6rperlich bet\u00e4tigen und gleichzeitig <strong>das Meer betrachtend<\/strong>, Die <strong>Ebihen-Inseln<\/strong> und die <strong>zahlreiche Buchten<\/strong> die sich bei Ebbe enth\u00fcllen. Die Bretagne gibt Ihnen ihre Geheimnisse preis, und in Les 4 Vaulx geht es los!<\/p>\n\n\n\n<p>Wenn Sie lieber mit dem Fahrrad unterwegs sind, finden Sie unsere Routenvorschl\u00e4ge auf der Seite <a href=\"https:\/\/www.mirabel-4vaulx.com\/de\/die-erfahrungen\/fahrradtouren\/\" data-type=\"page\" data-id=\"889\">\u00abFahrradtouren\u00bb<\/a>.<\/p>\n\n\n\n<div style=\"height:54px\" aria-hidden=\"true\" class=\"wp-block-spacer\"><\/div>\n<\/div><figure class=\"wp-block-media-text__media\"><img loading=\"lazy\" decoding=\"async\" width=\"768\" height=\"1024\" src=\"https:\/\/www.mirabel-4vaulx.com\/wp-content\/uploads\/2022\/10\/3-4vaulx_rando-1-768x1024.jpg\" alt=\"Wanderung\" class=\"wp-image-7466 size-full\" style=\"object-position:50% 50%\" srcset=\"https:\/\/www.mirabel-4vaulx.com\/wp-content\/uploads\/2022\/10\/3-4vaulx_rando-1-768x1024.jpg 768w, https:\/\/www.mirabel-4vaulx.com\/wp-content\/uploads\/2022\/10\/3-4vaulx_rando-1-225x300.jpg 225w, https:\/\/www.mirabel-4vaulx.com\/wp-content\/uploads\/2022\/10\/3-4vaulx_rando-1.jpg 900w\" sizes=\"auto, (max-width: 768px) 100vw, 768px\" \/><\/figure><\/div>\n\n\n\n<p class=\"has-text-align-center texte-rond mt-5 has-large-font-size\">Was es auf dem Campingplatz zu entdecken gibt<\/p>\n\n\n\n<div class=\"wp-block-columns h-20 front-page-section grey is-layout-flex wp-container-core-columns-is-layout-28f84493 wp-block-columns-is-layout-flex\">\n<div class=\"wp-block-column is-layout-flow wp-block-column-is-layout-flow\"><\/div>\n\n\n\n<div class=\"wp-block-column is-layout-flow wp-block-column-is-layout-flow\">\n<div class=\"wp-block-create-block-sevgutenberg-navigation\"><aside class=\"encart-sev-navigation small carre\"><a href=\"https:\/\/www.mirabel-4vaulx.com\/de\/saint-cast-le-guildo\/\" class=\"d-flex flex-column align-items-center\"><div class=\"encart-title\"><span>Saint-Cast-le-Guildo<\/span><\/div><div class=\"vague\"><\/div><img decoding=\"async\" src=\"https:\/\/www.mirabel-4vaulx.com\/wp-content\/uploads\/2022\/10\/hedaer-page-st-cast-pen-ge-2.jpg\" alt=\"strand saint cast le guildo\"\/><div class=\"ligne\"><\/div><div class=\"hover\"><\/div><\/a><\/aside><\/div>\n<\/div>\n\n\n\n<div class=\"wp-block-column is-layout-flow wp-block-column-is-layout-flow\">\n<div class=\"wp-block-create-block-sevgutenberg-navigation\"><aside class=\"encart-sev-navigation small carre\"><a href=\"https:\/\/www.mirabel-4vaulx.com\/de\/vermietung-cocosweet\/\" class=\"d-flex flex-column align-items-center\"><div class=\"encart-title\"><span>Coco Sweet<\/span><\/div><div class=\"vague\"><\/div><img decoding=\"async\" src=\"https:\/\/www.mirabel-4vaulx.com\/wp-content\/uploads\/2022\/10\/coco-sweet-terrasse-vacances.jpg\" alt=\"coco sweet\"\/><div class=\"ligne\"><\/div><div class=\"hover\"><\/div><\/a><\/aside><\/div>\n<\/div>\n\n\n\n<div class=\"wp-block-column is-layout-flow wp-block-column-is-layout-flow\">\n<div class=\"wp-block-create-block-sevgutenberg-navigation\"><aside class=\"encart-sev-navigation small carre\"><a href=\"https:\/\/www.mirabel-4vaulx.com\/de\/die-erfahrungen\/\" class=\"d-flex flex-column align-items-center\"><div class=\"encart-title\"><span>Erfahrungen<\/span><\/div><div class=\"vague\"><\/div><img decoding=\"async\" src=\"https:\/\/www.mirabel-4vaulx.com\/wp-content\/uploads\/2022\/10\/2-peche-a-pied-enfant-balade-1.jpg\" alt=\"Angeln\"\/><div class=\"ligne\"><\/div><div class=\"hover\"><\/div><\/a><\/aside><\/div>\n<\/div>\n\n\n\n<div class=\"wp-block-column is-layout-flow wp-block-column-is-layout-flow\"><\/div>\n<\/div>\n\n\n\n<div class=\"wp-block-group is-layout-flow wp-block-group-is-layout-flow\">\n<figure class=\"wp-block-image aligncenter size-large is-resized mt-5\"><img decoding=\"async\" src=\"https:\/\/www.campinglarenaudiere.com\/wp-content\/uploads\/2022\/01\/photo-1024x84.png\" alt=\"Fotogalerie\" class=\"wp-image-2371\"\/><\/figure>\n\n\n\t\t\t<div id=\"sevgallery-1524810394\" class=\"sev-diaporama sev-diaporama-portfolio\">\r\n\t\t\t\t<div class=\"row\">\r\n\r\n\t\t\t\t\t\r\n\t\t\t\t\t\t\r\n\t\t\t\t\t\t<div class=\"sev-diaporama-portfolio-item   btnseeall btnseeall-xl col-12 col-md\">\r\n\t\t\t\t\t\t\t<a href=\"https:\/\/www.mirabel-4vaulx.com\/wp-content\/uploads\/2022\/10\/1-aire-jeu-balancoire-1-1024x683.jpg\" data-lightbox=\"sevgallery-1524810394\" style=\"background-image: url(https:\/\/www.mirabel-4vaulx.com\/wp-content\/uploads\/2022\/10\/1-aire-jeu-balancoire-1-1024x683.jpg)\">\r\n\t\t\t\t\t\t\t\t<img decoding=\"async\" src=\"https:\/\/www.mirabel-4vaulx.com\/wp-content\/uploads\/2022\/10\/1-aire-jeu-balancoire-1-1024x683.jpg\" alt=\"Spielplatz\" loading=\"lazy\">\r\n\t\t\t\t\t\t\t\t\t\t\t\t\t\t\t<\/a>\r\n\t\t\t\t\t\t<\/div>\r\n\r\n\t\t\t\t\t\t\r\n\t\t\t\t\t\t\t\t\t\t\t\t\t\t\t\t\t\r\n\t\t\t\t\t\t\r\n\t\t\t\t\t\t<div class=\"sev-diaporama-portfolio-item   btnseeall btnseeall-xl col-12 col-md  col-grow\">\r\n\t\t\t\t\t\t\t<a href=\"https:\/\/www.mirabel-4vaulx.com\/wp-content\/uploads\/2022\/10\/2-peche-a-pied-enfant-balade-1-683x1024.jpg\" data-lightbox=\"sevgallery-1524810394\" style=\"background-image: url(https:\/\/www.mirabel-4vaulx.com\/wp-content\/uploads\/2022\/10\/2-peche-a-pied-enfant-balade-1-683x1024.jpg)\">\r\n\t\t\t\t\t\t\t\t<img decoding=\"async\" src=\"https:\/\/www.mirabel-4vaulx.com\/wp-content\/uploads\/2022\/10\/2-peche-a-pied-enfant-balade-1-683x1024.jpg\" alt=\"Angeln\" loading=\"lazy\">\r\n\t\t\t\t\t\t\t\t\t\t\t\t\t\t\t<\/a>\r\n\t\t\t\t\t\t<\/div>\r\n\r\n\t\t\t\t\t\t\r\n\t\t\t\t\t\t\t\t\t\t\t\t\t\t\t\t\t\r\n\t\t\t\t\t\t\r\n\t\t\t\t\t\t<div class=\"sev-diaporama-portfolio-item   btnseeall btnseeall-xl col-12 col-md  col-grow\">\r\n\t\t\t\t\t\t\t<a href=\"https:\/\/www.mirabel-4vaulx.com\/wp-content\/uploads\/2022\/10\/3-4vaulx_rando-1-1-768x1024.jpg\" data-lightbox=\"sevgallery-1524810394\" style=\"background-image: url(https:\/\/www.mirabel-4vaulx.com\/wp-content\/uploads\/2022\/10\/3-4vaulx_rando-1-1-768x1024.jpg)\">\r\n\t\t\t\t\t\t\t\t<img decoding=\"async\" src=\"https:\/\/www.mirabel-4vaulx.com\/wp-content\/uploads\/2022\/10\/3-4vaulx_rando-1-1-768x1024.jpg\" alt=\"Naturwanderung\" loading=\"lazy\">\r\n\t\t\t\t\t\t\t\t\t\t\t\t\t\t\t<\/a>\r\n\t\t\t\t\t\t<\/div>\r\n\r\n\t\t\t\t\t\t\t\t\t\t\t\t\t<div class=\"w-100\"><\/div>\r\n\t\t\t\t\t\t\t\t\t\t\t\t\t\r\n\t\t\t\t\t\t\t\t\t\t\t\t\t\t\t\t\t\r\n\t\t\t\t\t\t\r\n\t\t\t\t\t\t<div class=\"sev-diaporama-portfolio-item   btnseeall btnseeall-xl col-12 col-md  col-grow\">\r\n\t\t\t\t\t\t\t<a href=\"https:\/\/www.mirabel-4vaulx.com\/wp-content\/uploads\/2022\/10\/barbecue-table-pique-nique-1024x768.jpg\" data-lightbox=\"sevgallery-1524810394\" style=\"background-image: url(https:\/\/www.mirabel-4vaulx.com\/wp-content\/uploads\/2022\/10\/barbecue-table-pique-nique-1024x768.jpg)\">\r\n\t\t\t\t\t\t\t\t<img decoding=\"async\" src=\"https:\/\/www.mirabel-4vaulx.com\/wp-content\/uploads\/2022\/10\/barbecue-table-pique-nique-1024x768.jpg\" alt=\"Picknick\" loading=\"lazy\">\r\n\t\t\t\t\t\t\t\t\t\t\t\t\t\t\t<\/a>\r\n\t\t\t\t\t\t<\/div>\r\n\r\n\t\t\t\t\t\t\r\n\t\t\t\t\t\t\t\t\t\t\t\t\t\t\t\t\t\r\n\t\t\t\t\t\t\r\n\t\t\t\t\t\t<div class=\"sev-diaporama-portfolio-item  limitsm btnseeall btnseeall-xl col-12 col-md  col-grow last-visible\">\r\n\t\t\t\t\t\t\t<a href=\"https:\/\/www.mirabel-4vaulx.com\/de\/photos-camping-4vaulx\/\"  style=\"background-image: url(https:\/\/www.mirabel-4vaulx.com\/wp-content\/uploads\/2022\/10\/boulodrome-jeu-petanque-1024x683.jpg)\">\r\n\t\t\t\t\t\t\t\t<img decoding=\"async\" src=\"https:\/\/www.mirabel-4vaulx.com\/wp-content\/uploads\/2022\/10\/boulodrome-jeu-petanque-1024x683.jpg\" alt=\"Petanquefeld\" loading=\"lazy\">\r\n\t\t\t\t\t\t\t\t\t\t\t\t\t\t\t\t\t<img decoding=\"async\" src=\"https:\/\/www.mirabel-4vaulx.com\/wp-content\/themes\/4vaulx\/assets\/img\/voir-photos.png\" alt=\"\" \/>\r\n\t\t\t\t\t\t\t\t\t<span>Alle Fotos anzeigen<\/span>\r\n\t\t\t\t\t\t\t\t\t\t\t\t\t\t\t<\/a>\r\n\t\t\t\t\t\t<\/div>\r\n\r\n\t\t\t\t\t\t\r\n\t\t\t\t\t\t\t\t\t\t\t\t\t\t\t\t\t\t\t\t\t<\/div>\r\n\t\t\t<\/div>\r\n\r\n\t\t\t<script>\r\n\t\t\tjQuery(function($) {\r\n\r\n\t\t\t\tvar marginPortfolio = function() {\r\n\r\n\t\t\t\t\tvar $diapo          = $('#sevgallery-1524810394');\r\n\t\t\t\t\tvar container_width = $diapo.parent().outerWidth();\r\n\t\t\t\t\tvar side            = ( $(window).innerWidth() - container_width ) \/ 2;\r\n\r\n\t\t\t\t\t$diapo.css( {\r\n\t\t\t\t\t\t'margin-left': '-' + side + 'px',\r\n\t\t\t\t\t\t'margin-right': '-' + side + 'px',\r\n\t\t\t\t\t} );\r\n\t\t\t\t};\r\n\r\n\t\t\t\t$( window ).resize( function() {\r\n\t\t\t\t\tmarginPortfolio();\r\n\t\t\t\t} );\r\n\t\t\t\tmarginPortfolio();\r\n\t\t\t});\r\n\t\t\t<\/script>\r\n\t\t\t\n<\/div>","protected":false},"excerpt":{"rendered":"<p>Un camping avec de multiples activit\u00e9s \u00e0 proximit\u00e9 En s\u00e9journant au camping les 4 Vaulx \u00e0 Saint-Cast-le-Guildo, vous appr\u00e9cierez le [&hellip;]<\/p>\n","protected":false},"author":1,"featured_media":0,"parent":0,"menu_order":0,"comment_status":"closed","ping_status":"closed","template":"","meta":{"_seopress_robots_primary_cat":"","_seopress_titles_title":"Camping avec activit\u00e9s 4 \u00e9toiles Saint Cast le Guildo","_seopress_titles_desc":"Au camping Les 4 Vaulx \u00e0 Saint Cast le Guildo, on ne s'ennuie jamais ! Petits et grands pourront y faire du sport ou s'amuser.","_seopress_robots_index":"","footnotes":""},"class_list":["post-43","page","type-page","status-publish","hentry"],"_links":{"self":[{"href":"https:\/\/www.mirabel-4vaulx.com\/de\/wp-json\/wp\/v2\/pages\/43","targetHints":{"allow":["GET"]}}],"collection":[{"href":"https:\/\/www.mirabel-4vaulx.com\/de\/wp-json\/wp\/v2\/pages"}],"about":[{"href":"https:\/\/www.mirabel-4vaulx.com\/de\/wp-json\/wp\/v2\/types\/page"}],"author":[{"embeddable":true,"href":"https:\/\/www.mirabel-4vaulx.com\/de\/wp-json\/wp\/v2\/users\/1"}],"replies":[{"embeddable":true,"href":"https:\/\/www.mirabel-4vaulx.com\/de\/wp-json\/wp\/v2\/comments?post=43"}],"version-history":[{"count":17,"href":"https:\/\/www.mirabel-4vaulx.com\/de\/wp-json\/wp\/v2\/pages\/43\/revisions"}],"predecessor-version":[{"id":10191,"href":"https:\/\/www.mirabel-4vaulx.com\/de\/wp-json\/wp\/v2\/pages\/43\/revisions\/10191"}],"wp:attachment":[{"href":"https:\/\/www.mirabel-4vaulx.com\/de\/wp-json\/wp\/v2\/media?parent=43"}],"curies":[{"name":"WordPress","href":"https:\/\/api.w.org\/{rel}","templated":true}]}}