{"id":267,"date":"2022-02-17T10:04:00","date_gmt":"2022-02-17T09:04:00","guid":{"rendered":"https:\/\/www.campinglarenaudiere.com\/?page_id=267"},"modified":"2025-06-25T11:36:58","modified_gmt":"2025-06-25T09:36:58","slug":"cote-demeraude-bretagne","status":"publish","type":"page","link":"https:\/\/www.mirabel-4vaulx.com\/de\/cote-demeraude-bretagne\/","title":{"rendered":"Smaragdk\u00fcste"},"content":{"rendered":"<h1 class=\"wp-block-heading\">Smaragdk\u00fcste<\/h1>\n\n\n\n<p class=\"has-text-align-center\">Die Smaragdk\u00fcste liegt zwischen den Departements Ille-et-Vilaine und C\u00f4tes d'Armor und \u00fcberstreicht den Norden der Bretagne \u00fcber Cancale, Saint-Malo, Saint-Briac oder auch Cap Fr\u00e9hel.<\/p>\n\n\n\n<figure class=\"wp-block-image aligncenter size-full\"><img loading=\"lazy\" decoding=\"async\" width=\"50\" height=\"8\" src=\"https:\/\/www.mirabel-4vaulx.com\/wp-content\/uploads\/2022\/11\/barre-bleue.png\" alt=\"camping bretagne saint cast le guildo\" class=\"wp-image-8324\"\/><\/figure>\n\n\n\n<div style=\"height:30px\" aria-hidden=\"true\" class=\"wp-block-spacer\"><\/div>\n\n\n\n<div class=\"wp-block-media-text alignwide is-stacked-on-mobile animate left\"><figure class=\"wp-block-media-text__media\"><img loading=\"lazy\" decoding=\"async\" width=\"1024\" height=\"768\" src=\"https:\/\/www.mirabel-4vaulx.com\/wp-content\/uploads\/2022\/10\/1-cancale-huitre-mont-st-michel-1024x768.jpg\" alt=\"cancale auster\" class=\"wp-image-7309 size-full\" srcset=\"https:\/\/www.mirabel-4vaulx.com\/wp-content\/uploads\/2022\/10\/1-cancale-huitre-mont-st-michel-1024x768.jpg 1024w, https:\/\/www.mirabel-4vaulx.com\/wp-content\/uploads\/2022\/10\/1-cancale-huitre-mont-st-michel-300x225.jpg 300w, https:\/\/www.mirabel-4vaulx.com\/wp-content\/uploads\/2022\/10\/1-cancale-huitre-mont-st-michel-768x576.jpg 768w, https:\/\/www.mirabel-4vaulx.com\/wp-content\/uploads\/2022\/10\/1-cancale-huitre-mont-st-michel.jpg 1200w\" sizes=\"auto, (max-width: 1024px) 100vw, 1024px\" \/><\/figure><div class=\"wp-block-media-text__content\">\n<h2 class=\"wp-block-heading\"><strong>Reiseziel Cancale - Die bretonische Perle<\/strong><\/h2>\n\n\n\n<figure class=\"wp-block-image size-full\"><img loading=\"lazy\" decoding=\"async\" width=\"50\" height=\"8\" src=\"https:\/\/www.mirabel-4vaulx.com\/wp-content\/uploads\/2022\/11\/barre-bleue.png\" alt=\"camping bretagne saint cast le guildo\" class=\"wp-image-8324\"\/><\/figure>\n\n\n\n<p>Sie werden gerne besuchen <strong><a href=\"https:\/\/www.tourismebretagne.com\/destinations\/les-10-destinations\/cap-frehel-saint-malo-baie-du-mont-saint-michel\/cancale\/\" target=\"_blank\" rel=\"noreferrer noopener\">Cancale<\/a><\/strong>, Cancale ist nicht nur wegen der Sch\u00f6nheit des Ortes, sondern auch wegen seiner kulinarischen Spezialit\u00e4t ein Muss. Cancale ist n\u00e4mlich nicht nur f\u00fcr seine Muscheln bekannt, sondern vor allem auch f\u00fcr <strong>seine Austern<\/strong> die ihm die Wahl eingebracht haben <strong>bemerkenswerter Ort des Geschmacks<\/strong>. F\u00fcr die Feinschmecker unter Ihnen: Probieren Sie sie direkt auf dem Deich und bewundern Sie das Wunder der <strong>Mont-Saint-Michel<\/strong>, in der Mitte der Bucht. Der Hafen, der durch die maritime Arbeit und insbesondere durch die Austernz\u00fcchter sehr belebt ist, der Z\u00f6llnerpfad am Port de la Houle, die \u00abrue de derri\u00e8re\u00bb - die Hinterhofstra\u00dfen - es gibt so viel zu entdecken, wenn man nach Cancale kommt.<\/p>\n\n\n\n<figure class=\"wp-block-image alignright size-full is-resized\"><img decoding=\"async\" src=\"https:\/\/www.campinglarenaudiere.com\/wp-content\/uploads\/2022\/01\/transat.png\" alt=\"camping bretagne saint cast le guildo\" class=\"wp-image-1719\" style=\"width:80px;height:85px\"\/><\/figure>\n<\/div><\/div>\n\n\n\n<div style=\"height:14px\" aria-hidden=\"true\" class=\"wp-block-spacer\"><\/div>\n\n\n\n<div class=\"wp-block-media-text alignwide has-media-on-the-right is-stacked-on-mobile front-page-section grey animate right\"><div class=\"wp-block-media-text__content\">\n<p class=\"texte-rond has-orange-color has-text-color has-large-font-size\">\u00dcber Saint-Lunaire<\/p>\n\n\n\n<p>Das s\u00fc\u00dfe Leben von <strong><a href=\"https:\/\/www.saint-lunaire.fr\/\" target=\"_blank\" rel=\"noreferrer noopener\">Saint-Lunaire<\/a><\/strong> macht es zu einem perfekten Dorf, um ein paar Tage dort zu verbringen. Weniger als 20 km vom Campingplatz Les 4 Vaulx entfernt, k\u00f6nnen Sie den Charme und die Authentizit\u00e4t dieses kleinen <strong>Dorf zwischen Meer und Land<\/strong>. 4 Str\u00e4nde, 40 ha Wald, ein bocageartiges Hinterland - bei Ihrem Besuch werden Sie etwas finden, das Ihren W\u00fcnschen entspricht. F\u00fcr einen Wandertag mit der Familie im Herbst im <strong>Ponthual-Wald<\/strong> oder einen Nachmittag <strong>Sandburg<\/strong> an sonnigen Tagen am Strand, um echte Momente des Vergn\u00fcgens zu teilen. F\u00fcr touristische Informationen k\u00f6nnen Sie sich gerne auf der Website von <strong><a href=\"https:\/\/www.dinardemeraudetourisme.com\/\" data-type=\"URL\" data-id=\"https:\/\/www.dinardemeraudetourisme.com\/\" target=\"_blank\" rel=\"noreferrer noopener\">das gemeinschaftliche Fremdenverkehrsamt Dinard C\u00f4te d'\u00c9meraude Tourisme<\/a><\/strong> oder im Touristeninformationsb\u00fcro von Saint-Cast, Place Charles De Gaulle.<\/p>\n<\/div><figure class=\"wp-block-media-text__media\"><img loading=\"lazy\" decoding=\"async\" width=\"1024\" height=\"683\" src=\"https:\/\/www.mirabel-4vaulx.com\/wp-content\/uploads\/2022\/10\/2-saint-lunaire-crtb-ac5627_LE-GAL-Yannick-1024x683.jpg\" alt=\"heiliger lunar\" class=\"wp-image-7313 size-full\" srcset=\"https:\/\/www.mirabel-4vaulx.com\/wp-content\/uploads\/2022\/10\/2-saint-lunaire-crtb-ac5627_LE-GAL-Yannick-1024x683.jpg 1024w, https:\/\/www.mirabel-4vaulx.com\/wp-content\/uploads\/2022\/10\/2-saint-lunaire-crtb-ac5627_LE-GAL-Yannick-300x200.jpg 300w, https:\/\/www.mirabel-4vaulx.com\/wp-content\/uploads\/2022\/10\/2-saint-lunaire-crtb-ac5627_LE-GAL-Yannick-768x512.jpg 768w, https:\/\/www.mirabel-4vaulx.com\/wp-content\/uploads\/2022\/10\/2-saint-lunaire-crtb-ac5627_LE-GAL-Yannick.jpg 1200w\" sizes=\"auto, (max-width: 1024px) 100vw, 1024px\" \/><\/figure><\/div>\n\n\n\n<div style=\"height:14px\" aria-hidden=\"true\" class=\"wp-block-spacer\"><\/div>\n\n\n\n<div class=\"wp-block-media-text alignwide is-stacked-on-mobile animate left\"><figure class=\"wp-block-media-text__media\"><img loading=\"lazy\" decoding=\"async\" width=\"1024\" height=\"683\" src=\"https:\/\/www.mirabel-4vaulx.com\/wp-content\/uploads\/2022\/10\/3-cap-frehel-falaises-fort-lalatte-1024x683.jpg\" alt=\"Kap Frehel\" class=\"wp-image-7317 size-full\" srcset=\"https:\/\/www.mirabel-4vaulx.com\/wp-content\/uploads\/2022\/10\/3-cap-frehel-falaises-fort-lalatte-1024x683.jpg 1024w, https:\/\/www.mirabel-4vaulx.com\/wp-content\/uploads\/2022\/10\/3-cap-frehel-falaises-fort-lalatte-300x200.jpg 300w, https:\/\/www.mirabel-4vaulx.com\/wp-content\/uploads\/2022\/10\/3-cap-frehel-falaises-fort-lalatte-768x512.jpg 768w, https:\/\/www.mirabel-4vaulx.com\/wp-content\/uploads\/2022\/10\/3-cap-frehel-falaises-fort-lalatte.jpg 1200w\" sizes=\"auto, (max-width: 1024px) 100vw, 1024px\" \/><\/figure><div class=\"wp-block-media-text__content\">\n<h2 class=\"wp-block-heading\"><strong>Erquy und Fr\u00e9hel - Atemberaubende Landschaften<\/strong><\/h2>\n\n\n\n<figure class=\"wp-block-image size-full is-style-default\"><img decoding=\"async\" src=\"https:\/\/www.campinglarenaudiere.com\/wp-content\/uploads\/2022\/01\/barre-bleue.png\" alt=\"camping bretagne saint cast le guildo\" class=\"wp-image-2382\"\/><\/figure>\n\n\n\n<p>Wenn Sie einen einzigartigen Aussichtspunkt suchen, von dem aus Sie das Meer sehen k\u00f6nnen, dann gehen Sie zum <a href=\"https:\/\/grandsite-capserquyfrehel.com\/\" data-type=\"URL\" data-id=\"https:\/\/grandsite-capserquyfrehel.com\/\" target=\"_blank\" rel=\"noreferrer noopener\"><strong>Cap Fr\u00e9hel<\/strong>.<\/a> Kaum 15 Minuten von Saint-Cast entfernt und schon sind Sie an diesem magischen Ort angekommen. Am Cap Fr\u00e9hel k\u00f6nnen Sie den wundersch\u00f6nen Leuchtturm bewundern, der die Klippen \u00fcberragt, oder <strong><a href=\"https:\/\/www.lefortlalatte.com\/histoire-fortlalatte-rochegoyon\" target=\"_blank\" rel=\"noreferrer noopener\">das Fort La Latte<\/a><\/strong> die ihr gegen\u00fcberliegt, eine der meistbesuchten mittelalterlichen Burgen der Bretagne. Wenn Sie die Stra\u00dfe weiterfahren, gelangen Sie zum<a href=\"https:\/\/grandsite-capserquyfrehel.com\/\" target=\"_blank\" rel=\"noreferrer noopener\"> <strong>Cap d'Erquy<\/strong><\/a>. Dort holt sich die Natur ihr Recht zur\u00fcck und wilde Tiere und Pflanzen sind allgegenw\u00e4rtig. F\u00fcr Sportler bietet das <strong>GR34<\/strong> f\u00fchrt durch diese beiden Orte, die Sie auch zu Fu\u00df erreichen k\u00f6nnen. Ziehen Sie gute Schuhe an, nehmen Sie ein Picknick und Wasser mit und los geht's!<\/p>\n<\/div><\/div>\n\n\n\n<div style=\"height:14px\" aria-hidden=\"true\" class=\"wp-block-spacer\"><\/div>\n\n\n\n<div class=\"wp-block-media-text alignwide has-media-on-the-right is-stacked-on-mobile front-page-section grey animate right\"><div class=\"wp-block-media-text__content\">\n<p class=\"texte-rond has-orange-color has-text-color has-large-font-size\">Auf der anderen Seite der Stadtmauer<\/p>\n\n\n\n<figure class=\"wp-block-image size-full\"><img loading=\"lazy\" decoding=\"async\" width=\"50\" height=\"8\" src=\"https:\/\/www.mirabel-4vaulx.com\/wp-content\/uploads\/2022\/11\/barre-bleue.png\" alt=\"blauer Balken\" class=\"wp-image-8324\"\/><\/figure>\n\n\n\n<p>Der Korsarenschmuck von <strong><a href=\"https:\/\/www.saint-malo-tourisme.com\/\" target=\"_blank\" rel=\"noreferrer noopener\">Saint-Malo<\/a><\/strong>, wie sie manchmal genannt wird, l\u00e4dt Sie ein, sie zu durchqueren und ihre Geheimnisse zu entdecken. Erster Schritt: Durchwandern <strong>die Stadtmauern<\/strong> auf der Suche nach historischen Erinnerungsst\u00fccken und bewundernswerten Ausblicken auf die Bucht. Verlieren Sie sich dann in den <strong>zahlreiche Gassen<\/strong> wo jeder Winkel eine Geschichte erz\u00e4hlt (religi\u00f6se Geb\u00e4ude, das Rathaus, der Solidor-Turm, das Fort \u00e0 la Reine, ...). Lassen Sie sich schlie\u00dflich f\u00fcr Aktivit\u00e4ten mit der Familie oder mit Ihren Angeh\u00f6rigen vom Ph\u00e4nomen der <strong>Gro\u00dfe Gezeiten<\/strong> oder entdecken Sie die Meereswelt im <strong><a href=\"https:\/\/www.aquarium-st-malo.com\/\" target=\"_blank\" rel=\"noreferrer noopener\">Gro\u00dfes Aquarium in Saint-Malo<\/a><\/strong>. <img decoding=\"async\" class=\"wp-image-6142\" style=\"width: 50px;\" src=\"https:\/\/web9.staging.sevouestcom.com\/wp-content\/uploads\/2022\/09\/Coquillage-300x287-1.png\" alt=\"\"><\/p>\n<\/div><figure class=\"wp-block-media-text__media\"><img loading=\"lazy\" decoding=\"async\" width=\"1024\" height=\"678\" src=\"https:\/\/www.mirabel-4vaulx.com\/wp-content\/uploads\/2022\/10\/4-tour-solidor-st-malo-crtb-ac7114_PIRIOU-Jacqueline-1024x678.jpg\" alt=\"Solidor-Turm\" class=\"wp-image-7322 size-full\" srcset=\"https:\/\/www.mirabel-4vaulx.com\/wp-content\/uploads\/2022\/10\/4-tour-solidor-st-malo-crtb-ac7114_PIRIOU-Jacqueline-1024x678.jpg 1024w, https:\/\/www.mirabel-4vaulx.com\/wp-content\/uploads\/2022\/10\/4-tour-solidor-st-malo-crtb-ac7114_PIRIOU-Jacqueline-300x199.jpg 300w, https:\/\/www.mirabel-4vaulx.com\/wp-content\/uploads\/2022\/10\/4-tour-solidor-st-malo-crtb-ac7114_PIRIOU-Jacqueline-768x509.jpg 768w, https:\/\/www.mirabel-4vaulx.com\/wp-content\/uploads\/2022\/10\/4-tour-solidor-st-malo-crtb-ac7114_PIRIOU-Jacqueline.jpg 1200w\" sizes=\"auto, (max-width: 1024px) 100vw, 1024px\" \/><\/figure><\/div>\n\n\n\n<p class=\"has-text-align-center texte-rond mt-5 has-large-font-size\">Was es auf dem Campingplatz zu entdecken gibt<\/p>\n\n\n\n<div class=\"wp-block-columns are-vertically-aligned-center h-20 front-page-section grey is-layout-flex wp-container-core-columns-is-layout-28f84493 wp-block-columns-is-layout-flex\">\n<div class=\"wp-block-column is-layout-flow wp-block-column-is-layout-flow\"><\/div>\n\n\n\n<div class=\"wp-block-column is-layout-flow wp-block-column-is-layout-flow\">\n<div class=\"wp-block-create-block-sevgutenberg-navigation\"><aside class=\"encart-sev-navigation small carre\"><a href=\"https:\/\/www.mirabel-4vaulx.com\/de\/vermietung-cocosweet\/\" class=\"d-flex flex-column align-items-center\"><div class=\"encart-title\"><span>Coco Sweet<\/span><\/div><div class=\"vague\"><\/div><img decoding=\"async\" src=\"https:\/\/www.mirabel-4vaulx.com\/wp-content\/uploads\/2022\/10\/coco-sweet-terrasse-vacances.jpg\" alt=\"coco sweet\"\/><div class=\"ligne\"><\/div><div class=\"hover\"><\/div><\/a><\/aside><\/div>\n<\/div>\n\n\n\n<div class=\"wp-block-column is-vertically-aligned-center is-layout-flow wp-block-column-is-layout-flow\">\n<div class=\"wp-block-create-block-sevgutenberg-navigation\"><aside class=\"encart-sev-navigation small carre\"><a href=\"https:\/\/www.mirabel-4vaulx.com\/de\/campingplatze\/\" class=\"d-flex flex-column align-items-center\"><div class=\"encart-title\"><span>Campingpl\u00e4tze<\/span><\/div><div class=\"vague\"><\/div><img decoding=\"async\" src=\"https:\/\/www.mirabel-4vaulx.com\/wp-content\/uploads\/2022\/10\/1-emplacement-confort-4vaulx.jpg\" alt=\"\"\/><div class=\"ligne\"><\/div><div class=\"hover\"><\/div><\/a><\/aside><\/div>\n<\/div>\n\n\n\n<div class=\"wp-block-column is-vertically-aligned-center is-layout-flow wp-block-column-is-layout-flow\">\n<div class=\"wp-block-create-block-sevgutenberg-navigation\"><aside class=\"encart-sev-navigation small carre\"><a href=\"https:\/\/www.mirabel-4vaulx.com\/de\/campingdienste\/\" class=\"d-flex flex-column align-items-center\"><div class=\"encart-title\"><span>Dienste<\/span><\/div><div class=\"vague\"><\/div><img decoding=\"async\" src=\"https:\/\/www.mirabel-4vaulx.com\/wp-content\/uploads\/2022\/10\/camping-4vaulx-mirabel-st-cast.jpg\" alt=\"Rezeption des Campingplatzes\"\/><div class=\"ligne\"><\/div><div class=\"hover\"><\/div><\/a><\/aside><\/div>\n<\/div>\n\n\n\n<div class=\"wp-block-column is-layout-flow wp-block-column-is-layout-flow\"><\/div>\n<\/div>","protected":false},"excerpt":{"rendered":"<p>C\u00f4te d\u2019Emeraude Situ\u00e9e entre les d\u00e9partements d\u2019Ille-et-Vilaine et des C\u00f4tes d\u2019Armor, la C\u00f4te d\u2019\u00c9meraude balaie le nord de la Bretagne [&hellip;]<\/p>\n","protected":false},"author":1,"featured_media":0,"parent":0,"menu_order":0,"comment_status":"closed","ping_status":"closed","template":"","meta":{"_seopress_robots_primary_cat":"","_seopress_titles_title":"Tourisme \u00e0 visiter C\u00f4te d\u2019Emeraude en Bretagne","_seopress_titles_desc":"Pendant votre s\u00e9jour au camping Les 4 Vaulx \u00e0 Saint Cast le Guildo, quelques exemples de destinations touristiques \u00e0 visiter en C\u00f4tes d'Armor","_seopress_robots_index":"","footnotes":""},"class_list":["post-267","page","type-page","status-publish","hentry"],"_links":{"self":[{"href":"https:\/\/www.mirabel-4vaulx.com\/de\/wp-json\/wp\/v2\/pages\/267","targetHints":{"allow":["GET"]}}],"collection":[{"href":"https:\/\/www.mirabel-4vaulx.com\/de\/wp-json\/wp\/v2\/pages"}],"about":[{"href":"https:\/\/www.mirabel-4vaulx.com\/de\/wp-json\/wp\/v2\/types\/page"}],"author":[{"embeddable":true,"href":"https:\/\/www.mirabel-4vaulx.com\/de\/wp-json\/wp\/v2\/users\/1"}],"replies":[{"embeddable":true,"href":"https:\/\/www.mirabel-4vaulx.com\/de\/wp-json\/wp\/v2\/comments?post=267"}],"version-history":[{"count":15,"href":"https:\/\/www.mirabel-4vaulx.com\/de\/wp-json\/wp\/v2\/pages\/267\/revisions"}],"predecessor-version":[{"id":10198,"href":"https:\/\/www.mirabel-4vaulx.com\/de\/wp-json\/wp\/v2\/pages\/267\/revisions\/10198"}],"wp:attachment":[{"href":"https:\/\/www.mirabel-4vaulx.com\/de\/wp-json\/wp\/v2\/media?parent=267"}],"curies":[{"name":"WordPress","href":"https:\/\/api.w.org\/{rel}","templated":true}]}}